{"id":385,"date":"2025-05-15T00:12:43","date_gmt":"2025-05-14T22:12:43","guid":{"rendered":"https:\/\/www.dxnwellness.eu\/es\/fr\/produit\/dxn-organic-virgin-coconut-oil-bio\/"},"modified":"2025-05-25T02:57:13","modified_gmt":"2025-05-25T00:57:13","slug":"dxn-organic-virgin-coconut-oil-bio","status":"publish","type":"product","link":"https:\/\/www.dxnwellness.eu\/es\/fr\/produit\/dxn-organic-virgin-coconut-oil-bio\/","title":{"rendered":"DXN Organic Virgin Coconut Oil -BIO"},"content":{"rendered":"<p>Huile de coco vierge biologique DXN \u2013 BIO \u2013 Pure et naturelle. L&#8217;huile de coco vierge biologique DXN est une huile de coco 100 % vierge de premi\u00e8re qualit\u00e9, produite \u00e0 partir de noix de coco m\u00fbres, fra\u00eeches et r\u00e9colt\u00e9es de mani\u00e8re \u00e9cologique. Cette huile non raffin\u00e9e, press\u00e9e \u00e0 froid, conserve tous ses ingr\u00e9dients bioactifs naturels, ce qui en fait le choix id\u00e9al pour de nombreuses utilisations, aussi bien en cuisine que pour les soins personnels. Huile de coco vierge biologique DXN \u2013 BIO \u2013 D\u00e9couvrez les bienfaits purs, polyvalents et naturels de l&#8217;huile de coco dans chaque goutte !<\/p>\n<p>100 % naturelle et pure : Fabriqu\u00e9e \u00e0 partir des meilleures noix de coco, cette huile est non raffin\u00e9e et press\u00e9e \u00e0 froid pour pr\u00e9server ses nutriments et compos\u00e9s bioactifs. Polyvalente : Parfaite pour la p\u00e2tisserie, la friture et l&#8217;assaisonnement, ou pour un usage externe sur les cheveux et la peau pour un effet hydratant et nourrissant. \u00c9cologique et respectueuse du corps : Enti\u00e8rement naturelle et bio, elle vous offre un produit s\u00fbr et sans produits chimiques pour la cuisine et les soins personnels.<\/p>\n","protected":false},"excerpt":{"rendered":"<p>Huile de coco vierge biologique DXN \u2013 BIO \u2013 Pure et naturelle. L&#8217;huile de coco vierge biologique DXN est une huile de coco 100 % vierge de premi\u00e8re qualit\u00e9, produite \u00e0 partir de noix de coco m\u00fbres, fra\u00eeches et r\u00e9colt\u00e9es de mani\u00e8re \u00e9cologique. Cette huile non raffin\u00e9e, press\u00e9e \u00e0 froid, conserve tous ses ingr\u00e9dients bioactifs [&hellip;]<\/p>\n","protected":false},"featured_media":598,"comment_status":"open","ping_status":"open","template":"","meta":{"_acf_changed":false},"product_brand":[],"product_cat":[43],"product_tag":[],"class_list":{"0":"post-385","1":"product","2":"type-product","3":"status-publish","4":"has-post-thumbnail","6":"product_cat-aliments","7":"pa_package-500-ml","9":"first","10":"instock","11":"purchasable","12":"product-type-simple"},"acf":[],"_links":{"self":[{"href":"https:\/\/www.dxnwellness.eu\/es\/fr\/wp-json\/wp\/v2\/product\/385","targetHints":{"allow":["GET"]}}],"collection":[{"href":"https:\/\/www.dxnwellness.eu\/es\/fr\/wp-json\/wp\/v2\/product"}],"about":[{"href":"https:\/\/www.dxnwellness.eu\/es\/fr\/wp-json\/wp\/v2\/types\/product"}],"replies":[{"embeddable":true,"href":"https:\/\/www.dxnwellness.eu\/es\/fr\/wp-json\/wp\/v2\/comments?post=385"}],"wp:featuredmedia":[{"embeddable":true,"href":"https:\/\/www.dxnwellness.eu\/es\/fr\/wp-json\/wp\/v2\/media\/598"}],"wp:attachment":[{"href":"https:\/\/www.dxnwellness.eu\/es\/fr\/wp-json\/wp\/v2\/media?parent=385"}],"wp:term":[{"taxonomy":"product_brand","embeddable":true,"href":"https:\/\/www.dxnwellness.eu\/es\/fr\/wp-json\/wp\/v2\/product_brand?post=385"},{"taxonomy":"product_cat","embeddable":true,"href":"https:\/\/www.dxnwellness.eu\/es\/fr\/wp-json\/wp\/v2\/product_cat?post=385"},{"taxonomy":"product_tag","embeddable":true,"href":"https:\/\/www.dxnwellness.eu\/es\/fr\/wp-json\/wp\/v2\/product_tag?post=385"}],"curies":[{"name":"wp","href":"https:\/\/api.w.org\/{rel}","templated":true}]}}