{"id":383,"date":"2025-05-15T00:12:43","date_gmt":"2025-05-14T22:12:43","guid":{"rendered":"https:\/\/www.dxnwellness.eu\/es\/fr\/produit\/dxn-spirulina-cereal\/"},"modified":"2025-05-25T02:57:13","modified_gmt":"2025-05-25T00:57:13","slug":"dxn-spirulina-cereal","status":"publish","type":"product","link":"https:\/\/www.dxnwellness.eu\/es\/fr\/produit\/dxn-spirulina-cereal\/","title":{"rendered":"DXN Spirulina Cereal"},"content":{"rendered":"<p>Les c\u00e9r\u00e9ales DXN Spiruline sont un m\u00e9lange de c\u00e9r\u00e9ales complet, con\u00e7u pour un petit-d\u00e9jeuner nutritif, enrichi en microalgues spiruline. Ces c\u00e9r\u00e9ales offrent un agr\u00e9able go\u00fbt d&#8217;algue et regorgent de fibres et de min\u00e9raux essentiels pour bien d\u00e9marrer la journ\u00e9e. Fabriqu\u00e9es \u00e0 partir de spiruline naturelle, de l\u00e9g\u00e8res variations de couleur peuvent appara\u00eetre entre les lots, t\u00e9moignant de la puret\u00e9 et de la nature de leurs ingr\u00e9dients.<\/p>\n<p>Riche en nutriments : Savourez un petit-d\u00e9jeuner riche en nutriments essentiels, notamment en fibres et en min\u00e9raux, gr\u00e2ce \u00e0 la spiruline, un superaliment reconnu. Ingr\u00e9dients naturels : Fabriqu\u00e9 \u00e0 partir de microalgues spiruline pure, pour un apport naturel et sain. Facile \u00e0 pr\u00e9parer : Un repas rapide et nutritif pour vos matins charg\u00e9s. Pr\u00e9paration : Versez le contenu du sachet dans une tasse, ajoutez 200 ml d\u2019eau ti\u00e8de et remuez bien.<\/p>\n","protected":false},"excerpt":{"rendered":"<p>Les c\u00e9r\u00e9ales DXN Spiruline sont un m\u00e9lange de c\u00e9r\u00e9ales complet, con\u00e7u pour un petit-d\u00e9jeuner nutritif, enrichi en microalgues spiruline. Ces c\u00e9r\u00e9ales offrent un agr\u00e9able go\u00fbt d&#8217;algue et regorgent de fibres et de min\u00e9raux essentiels pour bien d\u00e9marrer la journ\u00e9e. Fabriqu\u00e9es \u00e0 partir de spiruline naturelle, de l\u00e9g\u00e8res variations de couleur peuvent appara\u00eetre entre les lots, [&hellip;]<\/p>\n","protected":false},"featured_media":597,"comment_status":"open","ping_status":"open","template":"","meta":{"_acf_changed":false},"product_brand":[],"product_cat":[43],"product_tag":[],"class_list":{"0":"post-383","1":"product","2":"type-product","3":"status-publish","4":"has-post-thumbnail","6":"product_cat-aliments","7":"pa_package-30-paquets-de-30-g","9":"first","10":"instock","11":"purchasable","12":"product-type-simple"},"acf":[],"_links":{"self":[{"href":"https:\/\/www.dxnwellness.eu\/es\/fr\/wp-json\/wp\/v2\/product\/383","targetHints":{"allow":["GET"]}}],"collection":[{"href":"https:\/\/www.dxnwellness.eu\/es\/fr\/wp-json\/wp\/v2\/product"}],"about":[{"href":"https:\/\/www.dxnwellness.eu\/es\/fr\/wp-json\/wp\/v2\/types\/product"}],"replies":[{"embeddable":true,"href":"https:\/\/www.dxnwellness.eu\/es\/fr\/wp-json\/wp\/v2\/comments?post=383"}],"wp:featuredmedia":[{"embeddable":true,"href":"https:\/\/www.dxnwellness.eu\/es\/fr\/wp-json\/wp\/v2\/media\/597"}],"wp:attachment":[{"href":"https:\/\/www.dxnwellness.eu\/es\/fr\/wp-json\/wp\/v2\/media?parent=383"}],"wp:term":[{"taxonomy":"product_brand","embeddable":true,"href":"https:\/\/www.dxnwellness.eu\/es\/fr\/wp-json\/wp\/v2\/product_brand?post=383"},{"taxonomy":"product_cat","embeddable":true,"href":"https:\/\/www.dxnwellness.eu\/es\/fr\/wp-json\/wp\/v2\/product_cat?post=383"},{"taxonomy":"product_tag","embeddable":true,"href":"https:\/\/www.dxnwellness.eu\/es\/fr\/wp-json\/wp\/v2\/product_tag?post=383"}],"curies":[{"name":"wp","href":"https:\/\/api.w.org\/{rel}","templated":true}]}}