{"id":381,"date":"2025-05-15T00:12:43","date_gmt":"2025-05-14T22:12:43","guid":{"rendered":"https:\/\/www.dxnwellness.eu\/es\/fr\/produit\/dxn-zhi-mint-plus\/"},"modified":"2025-05-25T02:57:13","modified_gmt":"2025-05-25T00:57:13","slug":"dxn-zhi-mint-plus","status":"publish","type":"product","link":"https:\/\/www.dxnwellness.eu\/es\/fr\/produit\/dxn-zhi-mint-plus\/","title":{"rendered":"DXN Zhi Mint Plus"},"content":{"rendered":"<p>Bonbons rafra\u00eechissants \u00e0 la menthe et au ganoderma DXN Zhi Mint Plus sont des bonbons compress\u00e9s \u00e0 la menthe revigorants, infus\u00e9s d&#8217;huile de menthe et de poudre de Ganoderma lucidum (champignon Reishi). Ces bonbons rafra\u00eechissants rafra\u00eechissent votre haleine tout en procurant une sensation de fra\u00eecheur durable. Besoin d&#8217;un rafra\u00eechissement rapide ou d&#8217;un coup de pouce menthol\u00e9 ? Zhi Mint Plus est la solution id\u00e9ale. DXN Zhi Mint Plus \u2013 Un coup de pouce menthol\u00e9 avec les bienfaits du ganoderma dans chaque bonbon !<\/p>\n<p>Rafra\u00eechissement de l&#8217;haleine : Ces bonbons sont parfaits pour rafra\u00eechir votre haleine et laisser un arri\u00e8re-go\u00fbt frais et menthol\u00e9. Bien-\u00eatre : Infus\u00e9s des bienfaits naturels du Ganoderma lucidum, ils vous apportent un regain de bien-\u00eatre tout en vous gardant frais. Parfaits \u00e0 tout moment : Gardez-les dans votre poche, votre sac \u00e0 main ou votre voiture pour une gourmandise rapide et rafra\u00eechissante d\u00e8s que vous en avez besoin.<\/p>\n","protected":false},"excerpt":{"rendered":"<p>Bonbons rafra\u00eechissants \u00e0 la menthe et au ganoderma DXN Zhi Mint Plus sont des bonbons compress\u00e9s \u00e0 la menthe revigorants, infus\u00e9s d&#8217;huile de menthe et de poudre de Ganoderma lucidum (champignon Reishi). Ces bonbons rafra\u00eechissants rafra\u00eechissent votre haleine tout en procurant une sensation de fra\u00eecheur durable. Besoin d&#8217;un rafra\u00eechissement rapide ou d&#8217;un coup de pouce [&hellip;]<\/p>\n","protected":false},"featured_media":596,"comment_status":"open","ping_status":"open","template":"","meta":{"_acf_changed":false},"product_brand":[],"product_cat":[43],"product_tag":[],"class_list":{"0":"post-381","1":"product","2":"type-product","3":"status-publish","4":"has-post-thumbnail","6":"product_cat-aliments","7":"pa_package-12-paquets-de-25-g","9":"first","10":"instock","11":"purchasable","12":"product-type-simple"},"acf":[],"_links":{"self":[{"href":"https:\/\/www.dxnwellness.eu\/es\/fr\/wp-json\/wp\/v2\/product\/381","targetHints":{"allow":["GET"]}}],"collection":[{"href":"https:\/\/www.dxnwellness.eu\/es\/fr\/wp-json\/wp\/v2\/product"}],"about":[{"href":"https:\/\/www.dxnwellness.eu\/es\/fr\/wp-json\/wp\/v2\/types\/product"}],"replies":[{"embeddable":true,"href":"https:\/\/www.dxnwellness.eu\/es\/fr\/wp-json\/wp\/v2\/comments?post=381"}],"wp:featuredmedia":[{"embeddable":true,"href":"https:\/\/www.dxnwellness.eu\/es\/fr\/wp-json\/wp\/v2\/media\/596"}],"wp:attachment":[{"href":"https:\/\/www.dxnwellness.eu\/es\/fr\/wp-json\/wp\/v2\/media?parent=381"}],"wp:term":[{"taxonomy":"product_brand","embeddable":true,"href":"https:\/\/www.dxnwellness.eu\/es\/fr\/wp-json\/wp\/v2\/product_brand?post=381"},{"taxonomy":"product_cat","embeddable":true,"href":"https:\/\/www.dxnwellness.eu\/es\/fr\/wp-json\/wp\/v2\/product_cat?post=381"},{"taxonomy":"product_tag","embeddable":true,"href":"https:\/\/www.dxnwellness.eu\/es\/fr\/wp-json\/wp\/v2\/product_tag?post=381"}],"curies":[{"name":"wp","href":"https:\/\/api.w.org\/{rel}","templated":true}]}}