{"id":377,"date":"2025-05-15T00:12:43","date_gmt":"2025-05-14T22:12:43","guid":{"rendered":"https:\/\/www.dxnwellness.eu\/es\/fr\/produit\/dxn-lions-mane-lemon-tea\/"},"modified":"2025-05-25T02:57:13","modified_gmt":"2025-05-25T00:57:13","slug":"dxn-lions-mane-lemon-tea","status":"publish","type":"product","link":"https:\/\/www.dxnwellness.eu\/es\/fr\/produit\/dxn-lions-mane-lemon-tea\/","title":{"rendered":"DXN Lion&#8217;s Mane Lemon Tea"},"content":{"rendered":"<p>Un m\u00e9lange rafra\u00eechissant de th\u00e9 et de crini\u00e8re de lion. Le th\u00e9 DXN Crini\u00e8re de lion au citron allie les saveurs intenses du th\u00e9 noir et du th\u00e9 oolong au zeste rafra\u00eechissant du citron et aux bienfaits naturels du champignon h\u00e9risson (Hericium erinaceus). Ce d\u00e9licieux m\u00e9lange contribue \u00e0 votre bien-\u00eatre g\u00e9n\u00e9ral tout en rafra\u00eechissant vos sens. Que vous le d\u00e9gustiez chaud pour vous r\u00e9chauffer ou froid pour vous rafra\u00eechir, le th\u00e9 DXN Crini\u00e8re de lion au citron est la boisson id\u00e9ale en toute saison. Savourez un m\u00e9lange rafra\u00eechissant avec une goutte de citron et une g\u00e9n\u00e9reuse dose de bien-\u00eatre dans chaque tasse de th\u00e9 DXN Crini\u00e8re de lion au citron !<\/p>\n<p>Rafra\u00eechissant et polyvalent : Savourez ce th\u00e9 chaud ou froid, offrant une combinaison unique de th\u00e9 et de citron pour revigorer vos papilles. Stimule le bien-\u00eatre : Infus\u00e9 au champignon crini\u00e8re de lion, ce th\u00e9 offre des bienfaits naturels qui favorisent votre bien-\u00eatre g\u00e9n\u00e9ral. Id\u00e9al par tous les temps : Qu&#8217;il fasse chaud ou qu&#8217;il fasse frais, ce th\u00e9 est parfait en toute occasion.<\/p>\n","protected":false},"excerpt":{"rendered":"<p>Un m\u00e9lange rafra\u00eechissant de th\u00e9 et de crini\u00e8re de lion. Le th\u00e9 DXN Crini\u00e8re de lion au citron allie les saveurs intenses du th\u00e9 noir et du th\u00e9 oolong au zeste rafra\u00eechissant du citron et aux bienfaits naturels du champignon h\u00e9risson (Hericium erinaceus). Ce d\u00e9licieux m\u00e9lange contribue \u00e0 votre bien-\u00eatre g\u00e9n\u00e9ral tout en rafra\u00eechissant vos [&hellip;]<\/p>\n","protected":false},"featured_media":594,"comment_status":"open","ping_status":"open","template":"","meta":{"_acf_changed":false},"product_brand":[],"product_cat":[37],"product_tag":[],"class_list":{"0":"post-377","1":"product","2":"type-product","3":"status-publish","4":"has-post-thumbnail","6":"product_cat-the","7":"pa_package-20-sachets-x-22-g","9":"first","10":"instock","11":"purchasable","12":"product-type-simple"},"acf":[],"_links":{"self":[{"href":"https:\/\/www.dxnwellness.eu\/es\/fr\/wp-json\/wp\/v2\/product\/377","targetHints":{"allow":["GET"]}}],"collection":[{"href":"https:\/\/www.dxnwellness.eu\/es\/fr\/wp-json\/wp\/v2\/product"}],"about":[{"href":"https:\/\/www.dxnwellness.eu\/es\/fr\/wp-json\/wp\/v2\/types\/product"}],"replies":[{"embeddable":true,"href":"https:\/\/www.dxnwellness.eu\/es\/fr\/wp-json\/wp\/v2\/comments?post=377"}],"wp:featuredmedia":[{"embeddable":true,"href":"https:\/\/www.dxnwellness.eu\/es\/fr\/wp-json\/wp\/v2\/media\/594"}],"wp:attachment":[{"href":"https:\/\/www.dxnwellness.eu\/es\/fr\/wp-json\/wp\/v2\/media?parent=377"}],"wp:term":[{"taxonomy":"product_brand","embeddable":true,"href":"https:\/\/www.dxnwellness.eu\/es\/fr\/wp-json\/wp\/v2\/product_brand?post=377"},{"taxonomy":"product_cat","embeddable":true,"href":"https:\/\/www.dxnwellness.eu\/es\/fr\/wp-json\/wp\/v2\/product_cat?post=377"},{"taxonomy":"product_tag","embeddable":true,"href":"https:\/\/www.dxnwellness.eu\/es\/fr\/wp-json\/wp\/v2\/product_tag?post=377"}],"curies":[{"name":"wp","href":"https:\/\/api.w.org\/{rel}","templated":true}]}}