{"id":375,"date":"2025-05-15T00:12:43","date_gmt":"2025-05-14T22:12:43","guid":{"rendered":"https:\/\/www.dxnwellness.eu\/es\/fr\/produit\/dxn-lemonzhi\/"},"modified":"2025-05-25T02:57:13","modified_gmt":"2025-05-25T00:57:13","slug":"dxn-lemonzhi","status":"publish","type":"product","link":"https:\/\/www.dxnwellness.eu\/es\/fr\/produit\/dxn-lemonzhi\/","title":{"rendered":"DXN Lemonzhi"},"content":{"rendered":"<p>Un m\u00e9lange rafra\u00eechissant de th\u00e9 noir, de citron et de ganoderma. DXN Lemonzhi est une d\u00e9licieuse boisson qui allie la douceur du th\u00e9 noir, le zeste rafra\u00eechissant de la poudre de citron et les bienfaits naturels de la poudre de Ganoderma lucidum (champignon Reishi). Cette boisson polyvalente se d\u00e9guste chaude pour se r\u00e9chauffer ou froide pour une boisson estivale rafra\u00eechissante, id\u00e9ale en toute saison. Une boisson que vous et vos enfants adorerez ! \u00c0 chaque tasse de DXN Lemonzhi, profitez des bienfaits du ganoderma et du go\u00fbt rafra\u00eechissant du citron !<\/p>\n<p>Rafra\u00eechissante et polyvalente : D\u00e9gustez cette boisson chaude ou froide, offrant une touche rafra\u00eechissante et citronn\u00e9e \u00e0 chaque gorg\u00e9e. Un m\u00e9lange sain : Infus\u00e9e au Ganoderma lucidum, cette boisson offre les bienfaits de ce champignon naturel tout en offrant un d\u00e9licieux ar\u00f4me citronn\u00e9. Parfaite pour tous les \u00e2ges : Une boisson que toute la famille appr\u00e9ciera, id\u00e9ale en toutes occasions, que ce soit pour se d\u00e9tendre ou se rafra\u00eechir par une chaude journ\u00e9e.<\/p>\n","protected":false},"excerpt":{"rendered":"<p>Un m\u00e9lange rafra\u00eechissant de th\u00e9 noir, de citron et de ganoderma. DXN Lemonzhi est une d\u00e9licieuse boisson qui allie la douceur du th\u00e9 noir, le zeste rafra\u00eechissant de la poudre de citron et les bienfaits naturels de la poudre de Ganoderma lucidum (champignon Reishi). Cette boisson polyvalente se d\u00e9guste chaude pour se r\u00e9chauffer ou froide [&hellip;]<\/p>\n","protected":false},"featured_media":593,"comment_status":"open","ping_status":"open","template":"","meta":{"_acf_changed":false},"product_brand":[],"product_cat":[37],"product_tag":[],"class_list":{"0":"post-375","1":"product","2":"type-product","3":"status-publish","4":"has-post-thumbnail","6":"product_cat-the","7":"pa_package-20-sachets-x-22-g","9":"first","10":"instock","11":"purchasable","12":"product-type-simple"},"acf":[],"_links":{"self":[{"href":"https:\/\/www.dxnwellness.eu\/es\/fr\/wp-json\/wp\/v2\/product\/375","targetHints":{"allow":["GET"]}}],"collection":[{"href":"https:\/\/www.dxnwellness.eu\/es\/fr\/wp-json\/wp\/v2\/product"}],"about":[{"href":"https:\/\/www.dxnwellness.eu\/es\/fr\/wp-json\/wp\/v2\/types\/product"}],"replies":[{"embeddable":true,"href":"https:\/\/www.dxnwellness.eu\/es\/fr\/wp-json\/wp\/v2\/comments?post=375"}],"wp:featuredmedia":[{"embeddable":true,"href":"https:\/\/www.dxnwellness.eu\/es\/fr\/wp-json\/wp\/v2\/media\/593"}],"wp:attachment":[{"href":"https:\/\/www.dxnwellness.eu\/es\/fr\/wp-json\/wp\/v2\/media?parent=375"}],"wp:term":[{"taxonomy":"product_brand","embeddable":true,"href":"https:\/\/www.dxnwellness.eu\/es\/fr\/wp-json\/wp\/v2\/product_brand?post=375"},{"taxonomy":"product_cat","embeddable":true,"href":"https:\/\/www.dxnwellness.eu\/es\/fr\/wp-json\/wp\/v2\/product_cat?post=375"},{"taxonomy":"product_tag","embeddable":true,"href":"https:\/\/www.dxnwellness.eu\/es\/fr\/wp-json\/wp\/v2\/product_tag?post=375"}],"curies":[{"name":"wp","href":"https:\/\/api.w.org\/{rel}","templated":true}]}}