{"id":371,"date":"2025-05-15T00:12:43","date_gmt":"2025-05-14T22:12:43","guid":{"rendered":"https:\/\/www.dxnwellness.eu\/es\/fr\/produit\/dxn-lions-mane-oocha\/"},"modified":"2025-05-25T02:57:12","modified_gmt":"2025-05-25T00:57:12","slug":"dxn-lions-mane-oocha","status":"publish","type":"product","link":"https:\/\/www.dxnwellness.eu\/es\/fr\/produit\/dxn-lions-mane-oocha\/","title":{"rendered":"DXN Lion&#8217;s Mane Oocha"},"content":{"rendered":"<p>Une fusion rafra\u00eechissante de th\u00e9 Oolong et de crini\u00e8re de lion. Le DXN Lion&#8217;s Mane Oocha offre un m\u00e9lange harmonieux de th\u00e9 Oolong, de poudre de champignon crini\u00e8re de lion (Hericium erinaceus), de cr\u00e8me v\u00e9g\u00e9tale et de sucre, cr\u00e9ant une exp\u00e9rience th\u00e9 unique. Avec son ar\u00f4me distinctif et son go\u00fbt apaisant, ce th\u00e9 non traditionnel offre un moment de d\u00e9tente id\u00e9al, vous permettant de vous d\u00e9tendre, de retrouver votre \u00e9nergie et de rafra\u00eechir vos sens. Profitez des effets apaisants du th\u00e9 Oolong combin\u00e9s aux bienfaits naturels de la crini\u00e8re de lion, une boisson qui am\u00e9liore votre humeur et nourrit votre bien-\u00eatre. Savourez le d\u00e9licieux m\u00e9lange de th\u00e9 Oolong et de crini\u00e8re de lion dans chaque tasse de DXN Lion&#8217;s Mane Oocha, et ressentez l&#8217;\u00e9quilibre parfait entre saveur et bien-\u00eatre.<\/p>\n<p>Fusion de saveurs unique : Le go\u00fbt onctueux du th\u00e9 Oolong, associ\u00e9 \u00e0 la poudre de champignon Crini\u00e8re de Lion, cr\u00e9e un th\u00e9 savoureux et rafra\u00eechissant qui plaira \u00e0 ceux qui recherchent une boisson non traditionnelle, mais apaisante. D\u00e9tente et ressourcement : Id\u00e9al pour se d\u00e9tendre et se ressourcer, ce th\u00e9 vous aide \u00e0 vous d\u00e9tendre tout en nourrissant votre corps et votre esprit gr\u00e2ce aux bienfaits de la Crini\u00e8re de Lion. Une exp\u00e9rience de th\u00e9 rafra\u00eechissante : Id\u00e9al pour les moments o\u00f9 vous avez besoin d&#8217;une pause, le DXN Crini\u00e8re de Lion Oocha offre une exp\u00e9rience rajeunissante \u00e0 chaque gorg\u00e9e.<\/p>\n","protected":false},"excerpt":{"rendered":"<p>Une fusion rafra\u00eechissante de th\u00e9 Oolong et de crini\u00e8re de lion. Le DXN Lion&#8217;s Mane Oocha offre un m\u00e9lange harmonieux de th\u00e9 Oolong, de poudre de champignon crini\u00e8re de lion (Hericium erinaceus), de cr\u00e8me v\u00e9g\u00e9tale et de sucre, cr\u00e9ant une exp\u00e9rience th\u00e9 unique. Avec son ar\u00f4me distinctif et son go\u00fbt apaisant, ce th\u00e9 non traditionnel [&hellip;]<\/p>\n","protected":false},"featured_media":591,"comment_status":"open","ping_status":"open","template":"","meta":{"_acf_changed":false},"product_brand":[],"product_cat":[37],"product_tag":[],"class_list":{"0":"post-371","1":"product","2":"type-product","3":"status-publish","4":"has-post-thumbnail","6":"product_cat-the","7":"pa_package-12-sachets-de-30-g","9":"first","10":"instock","11":"purchasable","12":"product-type-simple"},"acf":[],"_links":{"self":[{"href":"https:\/\/www.dxnwellness.eu\/es\/fr\/wp-json\/wp\/v2\/product\/371","targetHints":{"allow":["GET"]}}],"collection":[{"href":"https:\/\/www.dxnwellness.eu\/es\/fr\/wp-json\/wp\/v2\/product"}],"about":[{"href":"https:\/\/www.dxnwellness.eu\/es\/fr\/wp-json\/wp\/v2\/types\/product"}],"replies":[{"embeddable":true,"href":"https:\/\/www.dxnwellness.eu\/es\/fr\/wp-json\/wp\/v2\/comments?post=371"}],"wp:featuredmedia":[{"embeddable":true,"href":"https:\/\/www.dxnwellness.eu\/es\/fr\/wp-json\/wp\/v2\/media\/591"}],"wp:attachment":[{"href":"https:\/\/www.dxnwellness.eu\/es\/fr\/wp-json\/wp\/v2\/media?parent=371"}],"wp:term":[{"taxonomy":"product_brand","embeddable":true,"href":"https:\/\/www.dxnwellness.eu\/es\/fr\/wp-json\/wp\/v2\/product_brand?post=371"},{"taxonomy":"product_cat","embeddable":true,"href":"https:\/\/www.dxnwellness.eu\/es\/fr\/wp-json\/wp\/v2\/product_cat?post=371"},{"taxonomy":"product_tag","embeddable":true,"href":"https:\/\/www.dxnwellness.eu\/es\/fr\/wp-json\/wp\/v2\/product_tag?post=371"}],"curies":[{"name":"wp","href":"https:\/\/api.w.org\/{rel}","templated":true}]}}