{"id":369,"date":"2025-05-15T00:12:43","date_gmt":"2025-05-14T22:12:43","guid":{"rendered":"https:\/\/www.dxnwellness.eu\/es\/fr\/produit\/dxn-zhitea\/"},"modified":"2025-05-25T02:57:12","modified_gmt":"2025-05-25T00:57:12","slug":"dxn-zhitea","status":"publish","type":"product","link":"https:\/\/www.dxnwellness.eu\/es\/fr\/produit\/dxn-zhitea\/","title":{"rendered":"DXN Zhitea"},"content":{"rendered":"<p>Un th\u00e9 noir ferment\u00e9, intense et savoureux. DXN Zhitea offre une tasse de th\u00e9 noir ferment\u00e9 en feuilles, savoureuse et invitante, id\u00e9ale pour les amateurs de th\u00e9s forts, aromatiques et de caract\u00e8re. Avec son ar\u00f4me captivant et son go\u00fbt puissant, ce th\u00e9 est id\u00e9al pour les moments de d\u00e9tente ou \u00e0 partager entre amis ou en famille. Que vous le d\u00e9gustiez seul ou avec une touche de douceur, DXN Zhitea vous offre une exp\u00e9rience inoubliable. Pour les amateurs de th\u00e9 qui appr\u00e9cient un go\u00fbt unique et intense, DXN Zhitea vous envo\u00fbtera \u00e0 chaque tasse. Id\u00e9al pour se d\u00e9tendre, partager et savourer une v\u00e9ritable exp\u00e9rience du th\u00e9.<\/p>\n<p>Saveur riche et intense : Un th\u00e9 noir ferment\u00e9 en feuilles au go\u00fbt puissant et distinctif, id\u00e9al pour les vrais amateurs de th\u00e9. Aromatique et envo\u00fbtant : Son ar\u00f4me captivant et sa saveur intense en font un th\u00e9 id\u00e9al pour se d\u00e9tendre apr\u00e8s une longue journ\u00e9e ou pour se r\u00e9galer lors de moments conviviaux. Id\u00e9al pour les amateurs de th\u00e9 : Compl\u00e9ment id\u00e9al pour les moments de d\u00e9tente ou les moments pass\u00e9s en famille, ce th\u00e9 est un v\u00e9ritable rassembleur.<\/p>\n","protected":false},"excerpt":{"rendered":"<p>Un th\u00e9 noir ferment\u00e9, intense et savoureux. DXN Zhitea offre une tasse de th\u00e9 noir ferment\u00e9 en feuilles, savoureuse et invitante, id\u00e9ale pour les amateurs de th\u00e9s forts, aromatiques et de caract\u00e8re. Avec son ar\u00f4me captivant et son go\u00fbt puissant, ce th\u00e9 est id\u00e9al pour les moments de d\u00e9tente ou \u00e0 partager entre amis ou [&hellip;]<\/p>\n","protected":false},"featured_media":590,"comment_status":"open","ping_status":"open","template":"","meta":{"_acf_changed":false},"product_brand":[],"product_cat":[37],"product_tag":[],"class_list":{"0":"post-369","1":"product","2":"type-product","3":"status-publish","4":"has-post-thumbnail","6":"product_cat-the","7":"pa_package-100-g","9":"first","10":"instock","11":"purchasable","12":"product-type-simple"},"acf":[],"_links":{"self":[{"href":"https:\/\/www.dxnwellness.eu\/es\/fr\/wp-json\/wp\/v2\/product\/369","targetHints":{"allow":["GET"]}}],"collection":[{"href":"https:\/\/www.dxnwellness.eu\/es\/fr\/wp-json\/wp\/v2\/product"}],"about":[{"href":"https:\/\/www.dxnwellness.eu\/es\/fr\/wp-json\/wp\/v2\/types\/product"}],"replies":[{"embeddable":true,"href":"https:\/\/www.dxnwellness.eu\/es\/fr\/wp-json\/wp\/v2\/comments?post=369"}],"wp:featuredmedia":[{"embeddable":true,"href":"https:\/\/www.dxnwellness.eu\/es\/fr\/wp-json\/wp\/v2\/media\/590"}],"wp:attachment":[{"href":"https:\/\/www.dxnwellness.eu\/es\/fr\/wp-json\/wp\/v2\/media?parent=369"}],"wp:term":[{"taxonomy":"product_brand","embeddable":true,"href":"https:\/\/www.dxnwellness.eu\/es\/fr\/wp-json\/wp\/v2\/product_brand?post=369"},{"taxonomy":"product_cat","embeddable":true,"href":"https:\/\/www.dxnwellness.eu\/es\/fr\/wp-json\/wp\/v2\/product_cat?post=369"},{"taxonomy":"product_tag","embeddable":true,"href":"https:\/\/www.dxnwellness.eu\/es\/fr\/wp-json\/wp\/v2\/product_tag?post=369"}],"curies":[{"name":"wp","href":"https:\/\/api.w.org\/{rel}","templated":true}]}}