{"id":367,"date":"2025-05-15T00:12:43","date_gmt":"2025-05-14T22:12:43","guid":{"rendered":"https:\/\/www.dxnwellness.eu\/es\/fr\/produit\/dxn-reishi-gano-tea\/"},"modified":"2025-05-25T02:57:12","modified_gmt":"2025-05-25T00:57:12","slug":"dxn-reishi-gano-tea","status":"publish","type":"product","link":"https:\/\/www.dxnwellness.eu\/es\/fr\/produit\/dxn-reishi-gano-tea\/","title":{"rendered":"DXN Reishi Gano Tea"},"content":{"rendered":"<p>Le th\u00e9 Reishi Gano DXN allie la saveur riche et apaisante du th\u00e9 noir (Camellia sinensis) aux bienfaits naturels du Ganoderma lucidum (champignon Reishi), cr\u00e9ant une boisson nourrissante pour le corps et l&#8217;esprit. Id\u00e9al pour ceux qui recherchent un moment de d\u00e9tente et de bien-\u00eatre, ce th\u00e9 offre un m\u00e9lange unique qui ravira vos sens tout en vous procurant une sensation de bien-\u00eatre. Prenez un moment pour vous reposer, vous d\u00e9tendre et ressourcer votre corps et votre esprit gr\u00e2ce aux vertus uniques et bienfaisantes du th\u00e9 Reishi Gano DXN \u2013 le th\u00e9 id\u00e9al pour la d\u00e9tente et le bien-\u00eatre.<\/p>\n<p>Go\u00fbt riche et onctueux : La saveur profonde du th\u00e9 noir se marie harmonieusement aux notes terreuses du Ganoderma lucidum, offrant un go\u00fbt unique et apaisant. D\u00e9tente et ressourcement : Parfait pour se d\u00e9tendre, ce th\u00e9 est id\u00e9al pour les moments de pause, de d\u00e9tente et de ressourcement. Ingr\u00e9dients b\u00e9n\u00e9fiques : Infus\u00e9 au champignon Reishi, reconnu pour ses bienfaits potentiels pour la sant\u00e9, il contribue au bien-\u00eatre g\u00e9n\u00e9ral.<\/p>\n","protected":false},"excerpt":{"rendered":"<p>Le th\u00e9 Reishi Gano DXN allie la saveur riche et apaisante du th\u00e9 noir (Camellia sinensis) aux bienfaits naturels du Ganoderma lucidum (champignon Reishi), cr\u00e9ant une boisson nourrissante pour le corps et l&#8217;esprit. Id\u00e9al pour ceux qui recherchent un moment de d\u00e9tente et de bien-\u00eatre, ce th\u00e9 offre un m\u00e9lange unique qui ravira vos sens [&hellip;]<\/p>\n","protected":false},"featured_media":589,"comment_status":"open","ping_status":"open","template":"","meta":{"_acf_changed":false},"product_brand":[],"product_cat":[37],"product_tag":[],"class_list":{"0":"post-367","1":"product","2":"type-product","3":"status-publish","4":"has-post-thumbnail","6":"product_cat-the","7":"pa_package-20-sachets-de-perfusion-x-2-g","9":"first","10":"instock","11":"purchasable","12":"product-type-simple"},"acf":[],"_links":{"self":[{"href":"https:\/\/www.dxnwellness.eu\/es\/fr\/wp-json\/wp\/v2\/product\/367","targetHints":{"allow":["GET"]}}],"collection":[{"href":"https:\/\/www.dxnwellness.eu\/es\/fr\/wp-json\/wp\/v2\/product"}],"about":[{"href":"https:\/\/www.dxnwellness.eu\/es\/fr\/wp-json\/wp\/v2\/types\/product"}],"replies":[{"embeddable":true,"href":"https:\/\/www.dxnwellness.eu\/es\/fr\/wp-json\/wp\/v2\/comments?post=367"}],"wp:featuredmedia":[{"embeddable":true,"href":"https:\/\/www.dxnwellness.eu\/es\/fr\/wp-json\/wp\/v2\/media\/589"}],"wp:attachment":[{"href":"https:\/\/www.dxnwellness.eu\/es\/fr\/wp-json\/wp\/v2\/media?parent=367"}],"wp:term":[{"taxonomy":"product_brand","embeddable":true,"href":"https:\/\/www.dxnwellness.eu\/es\/fr\/wp-json\/wp\/v2\/product_brand?post=367"},{"taxonomy":"product_cat","embeddable":true,"href":"https:\/\/www.dxnwellness.eu\/es\/fr\/wp-json\/wp\/v2\/product_cat?post=367"},{"taxonomy":"product_tag","embeddable":true,"href":"https:\/\/www.dxnwellness.eu\/es\/fr\/wp-json\/wp\/v2\/product_tag?post=367"}],"curies":[{"name":"wp","href":"https:\/\/api.w.org\/{rel}","templated":true}]}}