{"id":365,"date":"2025-05-15T00:12:43","date_gmt":"2025-05-14T22:12:43","guid":{"rendered":"https:\/\/www.dxnwellness.eu\/es\/fr\/produit\/dxn-brook-coffee\/"},"modified":"2025-05-25T02:57:12","modified_gmt":"2025-05-25T00:57:12","slug":"dxn-brook-coffee","status":"publish","type":"product","link":"https:\/\/www.dxnwellness.eu\/es\/fr\/produit\/dxn-brook-coffee\/","title":{"rendered":"DXN Brook Coffee"},"content":{"rendered":"<p>Un tout nouveau caf\u00e9 venu tout droit d&#8217;\u00c9thiopie vous enchantera par son ar\u00f4me. Le DXN Brook Coffee est un m\u00e9lange de caf\u00e9 torr\u00e9fi\u00e9 et moulu et de poudre de Ganoderma. Ce caf\u00e9 convient \u00e0 la pr\u00e9paration de caf\u00e9 filtre, aux machines \u00e0 expresso, aux machines \u00e0 jesva, aux machines \u00e0 presso \u00e0 levier, aux machines \u00e0 moka et convient \u00e9galement au caf\u00e9 en pot. Gr\u00e2ce \u00e0 son go\u00fbt et \u00e0 son ar\u00f4me distinctif, ce caf\u00e9 est id\u00e9al pour ceux qui recherchent une exp\u00e9rience caf\u00e9 unique et nutritive. Id\u00e9al comme boisson \u00e9nergisante matinale ou relaxante tout au long de la journ\u00e9e !<\/p>\n<p>Caf\u00e9 moulu riche et aromatique : Pr\u00e9parez votre caf\u00e9 selon vos envies. Vous pouvez y ajouter de la cannelle, du lait et du sucre, selon vos go\u00fbts. Pratique et rapide : Matin, midi ou soir, un caf\u00e9 toujours frais.<\/p>\n","protected":false},"excerpt":{"rendered":"<p>Un tout nouveau caf\u00e9 venu tout droit d&#8217;\u00c9thiopie vous enchantera par son ar\u00f4me. Le DXN Brook Coffee est un m\u00e9lange de caf\u00e9 torr\u00e9fi\u00e9 et moulu et de poudre de Ganoderma. Ce caf\u00e9 convient \u00e0 la pr\u00e9paration de caf\u00e9 filtre, aux machines \u00e0 expresso, aux machines \u00e0 jesva, aux machines \u00e0 presso \u00e0 levier, aux machines [&hellip;]<\/p>\n","protected":false},"featured_media":588,"comment_status":"open","ping_status":"open","template":"","meta":{"_acf_changed":false},"product_brand":[],"product_cat":[29],"product_tag":[],"class_list":{"0":"post-365","1":"product","2":"type-product","3":"status-publish","4":"has-post-thumbnail","6":"product_cat-cafe","7":"pa_package-500-g","9":"first","10":"instock","11":"purchasable","12":"product-type-simple"},"acf":[],"_links":{"self":[{"href":"https:\/\/www.dxnwellness.eu\/es\/fr\/wp-json\/wp\/v2\/product\/365","targetHints":{"allow":["GET"]}}],"collection":[{"href":"https:\/\/www.dxnwellness.eu\/es\/fr\/wp-json\/wp\/v2\/product"}],"about":[{"href":"https:\/\/www.dxnwellness.eu\/es\/fr\/wp-json\/wp\/v2\/types\/product"}],"replies":[{"embeddable":true,"href":"https:\/\/www.dxnwellness.eu\/es\/fr\/wp-json\/wp\/v2\/comments?post=365"}],"wp:featuredmedia":[{"embeddable":true,"href":"https:\/\/www.dxnwellness.eu\/es\/fr\/wp-json\/wp\/v2\/media\/588"}],"wp:attachment":[{"href":"https:\/\/www.dxnwellness.eu\/es\/fr\/wp-json\/wp\/v2\/media?parent=365"}],"wp:term":[{"taxonomy":"product_brand","embeddable":true,"href":"https:\/\/www.dxnwellness.eu\/es\/fr\/wp-json\/wp\/v2\/product_brand?post=365"},{"taxonomy":"product_cat","embeddable":true,"href":"https:\/\/www.dxnwellness.eu\/es\/fr\/wp-json\/wp\/v2\/product_cat?post=365"},{"taxonomy":"product_tag","embeddable":true,"href":"https:\/\/www.dxnwellness.eu\/es\/fr\/wp-json\/wp\/v2\/product_tag?post=365"}],"curies":[{"name":"wp","href":"https:\/\/api.w.org\/{rel}","templated":true}]}}