{"id":363,"date":"2025-05-15T00:12:43","date_gmt":"2025-05-14T22:12:43","guid":{"rendered":"https:\/\/www.dxnwellness.eu\/es\/fr\/produit\/dxn-lions-mane-coffee\/"},"modified":"2025-05-25T02:57:12","modified_gmt":"2025-05-25T00:57:12","slug":"dxn-lions-mane-coffee","status":"publish","type":"product","link":"https:\/\/www.dxnwellness.eu\/es\/fr\/produit\/dxn-lions-mane-coffee\/","title":{"rendered":"DXN Lion&#8217;s Mane Coffee"},"content":{"rendered":"<p>Le caf\u00e9 DXN Crini\u00e8re de Lion offre une d\u00e9licieuse combinaison de caf\u00e9 riche, d&#8217;une cr\u00e8me onctueuse sans produits laitiers et des bienfaits naturels de la poudre de champignon h\u00e9risson (Hericium erinaceus). Avec son ar\u00f4me envo\u00fbtant et sa saveur unique, ce caf\u00e9 est parfait pour ceux qui recherchent une exp\u00e9rience caf\u00e9 unique et nourrissante. Que vous recherchiez un remontant le matin ou une boisson apaisante \u00e0 savourer tout au long de la journ\u00e9e, le caf\u00e9 Crini\u00e8re de Lion vous offre une tasse de pur plaisir.<\/p>\n<p>Saveur riche et aromatique : Un m\u00e9lange soigneusement \u00e9quilibr\u00e9 de poudre de caf\u00e9, de sucre de canne et de succ\u00e9dan\u00e9 de cr\u00e8me, pour une tasse onctueuse et savoureuse. Enrichi en h\u00e9risson : Infus\u00e9 de poudre de champignon h\u00e9risson, reconnu pour ses bienfaits cognitifs, ce caf\u00e9 est \u00e0 la fois agr\u00e9able et nourrissant. Parfait \u00e0 tout moment : Id\u00e9al comme tonique matinal ou comme boisson relaxante tout au long de la journ\u00e9e, ce caf\u00e9 vous procurera une sensation de fra\u00eecheur et de concentration.<\/p>\n","protected":false},"excerpt":{"rendered":"<p>Le caf\u00e9 DXN Crini\u00e8re de Lion offre une d\u00e9licieuse combinaison de caf\u00e9 riche, d&#8217;une cr\u00e8me onctueuse sans produits laitiers et des bienfaits naturels de la poudre de champignon h\u00e9risson (Hericium erinaceus). Avec son ar\u00f4me envo\u00fbtant et sa saveur unique, ce caf\u00e9 est parfait pour ceux qui recherchent une exp\u00e9rience caf\u00e9 unique et nourrissante. Que vous [&hellip;]<\/p>\n","protected":false},"featured_media":587,"comment_status":"open","ping_status":"open","template":"","meta":{"_acf_changed":false},"product_brand":[],"product_cat":[29],"product_tag":[],"class_list":{"0":"post-363","1":"product","2":"type-product","3":"status-publish","4":"has-post-thumbnail","6":"product_cat-cafe","7":"pa_package-20-sachets-x-21-g","9":"first","10":"instock","11":"purchasable","12":"product-type-simple"},"acf":[],"_links":{"self":[{"href":"https:\/\/www.dxnwellness.eu\/es\/fr\/wp-json\/wp\/v2\/product\/363","targetHints":{"allow":["GET"]}}],"collection":[{"href":"https:\/\/www.dxnwellness.eu\/es\/fr\/wp-json\/wp\/v2\/product"}],"about":[{"href":"https:\/\/www.dxnwellness.eu\/es\/fr\/wp-json\/wp\/v2\/types\/product"}],"replies":[{"embeddable":true,"href":"https:\/\/www.dxnwellness.eu\/es\/fr\/wp-json\/wp\/v2\/comments?post=363"}],"wp:featuredmedia":[{"embeddable":true,"href":"https:\/\/www.dxnwellness.eu\/es\/fr\/wp-json\/wp\/v2\/media\/587"}],"wp:attachment":[{"href":"https:\/\/www.dxnwellness.eu\/es\/fr\/wp-json\/wp\/v2\/media?parent=363"}],"wp:term":[{"taxonomy":"product_brand","embeddable":true,"href":"https:\/\/www.dxnwellness.eu\/es\/fr\/wp-json\/wp\/v2\/product_brand?post=363"},{"taxonomy":"product_cat","embeddable":true,"href":"https:\/\/www.dxnwellness.eu\/es\/fr\/wp-json\/wp\/v2\/product_cat?post=363"},{"taxonomy":"product_tag","embeddable":true,"href":"https:\/\/www.dxnwellness.eu\/es\/fr\/wp-json\/wp\/v2\/product_tag?post=363"}],"curies":[{"name":"wp","href":"https:\/\/api.w.org\/{rel}","templated":true}]}}