{"id":359,"date":"2025-05-15T00:12:43","date_gmt":"2025-05-14T22:12:43","guid":{"rendered":"https:\/\/www.dxnwellness.eu\/es\/fr\/produit\/dxn-maca-eucafe\/"},"modified":"2025-05-25T02:57:12","modified_gmt":"2025-05-25T00:57:12","slug":"dxn-maca-eucafe","status":"publish","type":"product","link":"https:\/\/www.dxnwellness.eu\/es\/fr\/produit\/dxn-maca-eucafe\/","title":{"rendered":"DXN Maca EuCafe"},"content":{"rendered":"<p>D\u00e9couvrez le go\u00fbt exceptionnel du DXN Maca EuCafe \u2013 un m\u00e9lange de caf\u00e9 haut de gamme alliant la richesse du caf\u00e9 instantan\u00e9, l&#8217;onctuosit\u00e9 d&#8217;une cr\u00e8me v\u00e9g\u00e9tale et les bienfaits naturels de la poudre de maca (Lepidium meyenii). Ce caf\u00e9 savoureux est sucr\u00e9 au sucre de canne pour une tasse d\u00e9licieusement \u00e9quilibr\u00e9e qui ravira les amateurs de caf\u00e9 aux saveurs complexes et aux associations de saveurs uniques. D\u00e9couvrez l&#8217;alliance parfaite entre go\u00fbt et sant\u00e9 dans chaque tasse avec le DXN Maca EuCafe \u2013 un caf\u00e9 qui allie saveur, praticit\u00e9 et les bienfaits naturels de la maca.<\/p>\n<p>Saveur unique : Une fusion parfaite de caf\u00e9 instantan\u00e9, de poudre de maca et de cr\u00e8me v\u00e9g\u00e9tale, pour une exp\u00e9rience d\u00e9licieusement onctueuse et aromatique. Ingr\u00e9dients naturels : Infus\u00e9 des bienfaits de la poudre de maca, reconnue pour ses propri\u00e9t\u00e9s \u00e9nergisantes, et sublim\u00e9 par la douceur naturelle du sucre de canne. Pratique et facile : Un moyen rapide et facile de savourer un caf\u00e9 riche et savoureux, avec les bienfaits de la maca.<\/p>\n","protected":false},"excerpt":{"rendered":"<p>D\u00e9couvrez le go\u00fbt exceptionnel du DXN Maca EuCafe \u2013 un m\u00e9lange de caf\u00e9 haut de gamme alliant la richesse du caf\u00e9 instantan\u00e9, l&#8217;onctuosit\u00e9 d&#8217;une cr\u00e8me v\u00e9g\u00e9tale et les bienfaits naturels de la poudre de maca (Lepidium meyenii). Ce caf\u00e9 savoureux est sucr\u00e9 au sucre de canne pour une tasse d\u00e9licieusement \u00e9quilibr\u00e9e qui ravira les amateurs [&hellip;]<\/p>\n","protected":false},"featured_media":585,"comment_status":"open","ping_status":"open","template":"","meta":{"_acf_changed":false},"product_brand":[],"product_cat":[29],"product_tag":[],"class_list":{"0":"post-359","1":"product","2":"type-product","3":"status-publish","4":"has-post-thumbnail","6":"product_cat-cafe","7":"pa_package-20-sachets-x-21-g","9":"first","10":"instock","11":"purchasable","12":"product-type-simple"},"acf":[],"_links":{"self":[{"href":"https:\/\/www.dxnwellness.eu\/es\/fr\/wp-json\/wp\/v2\/product\/359","targetHints":{"allow":["GET"]}}],"collection":[{"href":"https:\/\/www.dxnwellness.eu\/es\/fr\/wp-json\/wp\/v2\/product"}],"about":[{"href":"https:\/\/www.dxnwellness.eu\/es\/fr\/wp-json\/wp\/v2\/types\/product"}],"replies":[{"embeddable":true,"href":"https:\/\/www.dxnwellness.eu\/es\/fr\/wp-json\/wp\/v2\/comments?post=359"}],"wp:featuredmedia":[{"embeddable":true,"href":"https:\/\/www.dxnwellness.eu\/es\/fr\/wp-json\/wp\/v2\/media\/585"}],"wp:attachment":[{"href":"https:\/\/www.dxnwellness.eu\/es\/fr\/wp-json\/wp\/v2\/media?parent=359"}],"wp:term":[{"taxonomy":"product_brand","embeddable":true,"href":"https:\/\/www.dxnwellness.eu\/es\/fr\/wp-json\/wp\/v2\/product_brand?post=359"},{"taxonomy":"product_cat","embeddable":true,"href":"https:\/\/www.dxnwellness.eu\/es\/fr\/wp-json\/wp\/v2\/product_cat?post=359"},{"taxonomy":"product_tag","embeddable":true,"href":"https:\/\/www.dxnwellness.eu\/es\/fr\/wp-json\/wp\/v2\/product_tag?post=359"}],"curies":[{"name":"wp","href":"https:\/\/api.w.org\/{rel}","templated":true}]}}