{"id":357,"date":"2025-05-15T00:12:39","date_gmt":"2025-05-14T22:12:39","guid":{"rendered":"https:\/\/www.dxnwellness.eu\/es\/fr\/produit\/dxn-maca-vita-cafe\/"},"modified":"2025-05-25T02:57:12","modified_gmt":"2025-05-25T00:57:12","slug":"dxn-maca-vita-cafe","status":"publish","type":"product","link":"https:\/\/www.dxnwellness.eu\/es\/fr\/produit\/dxn-maca-vita-cafe\/","title":{"rendered":"DXN Maca Vita Cafe"},"content":{"rendered":"<p>Le DXN Maca Vita Caf\u00e9 est un d\u00e9licieux m\u00e9lange de caf\u00e9 \u00e9nergisant qui allie la richesse du caf\u00e9 aux bienfaits naturels de la maca et du ginseng. Infus\u00e9 avec de la poudre de Ganoderma lucidum, de la cr\u00e8me v\u00e9g\u00e9tale et du sucre de canne, ce caf\u00e9 offre une exp\u00e9rience onctueuse et aromatique tout en apportant la vitalit\u00e9 et le bien-\u00eatre des herbes traditionnelles. Commencez la journ\u00e9e avec un d\u00e9licieux caf\u00e9 naturel alliant saveur et bien-\u00eatre \u00e0 chaque tasse gr\u00e2ce au DXN Maca Vita Caf\u00e9 : l&#8217;\u00e9quilibre parfait entre un go\u00fbt exquis et des ingr\u00e9dients naturels puissants !<\/p>\n<p>Riche et savoureux : Un m\u00e9lange haut de gamme de poudre de caf\u00e9, de sucre de canne et de cr\u00e8me v\u00e9g\u00e9tale pour une tasse de caf\u00e9 savoureuse et cors\u00e9e. Enrichi en maca et ginseng : Enrichi en poudre de maca (Lepidium meyenii) et de ginseng (Panax ginseng) pour un effet \u00e9nergisant et naturel. Infus\u00e9 au ganoderma : Chaque tasse est enrichie en poudre de ganoderma lucidum, ajoutant une touche unique et saine \u00e0 votre routine caf\u00e9.<\/p>\n","protected":false},"excerpt":{"rendered":"<p>Le DXN Maca Vita Caf\u00e9 est un d\u00e9licieux m\u00e9lange de caf\u00e9 \u00e9nergisant qui allie la richesse du caf\u00e9 aux bienfaits naturels de la maca et du ginseng. Infus\u00e9 avec de la poudre de Ganoderma lucidum, de la cr\u00e8me v\u00e9g\u00e9tale et du sucre de canne, ce caf\u00e9 offre une exp\u00e9rience onctueuse et aromatique tout en apportant [&hellip;]<\/p>\n","protected":false},"featured_media":584,"comment_status":"open","ping_status":"open","template":"","meta":{"_acf_changed":false},"product_brand":[],"product_cat":[29],"product_tag":[],"class_list":{"0":"post-357","1":"product","2":"type-product","3":"status-publish","4":"has-post-thumbnail","6":"product_cat-cafe","7":"pa_package-20-sachets-x-21-g","9":"first","10":"instock","11":"purchasable","12":"product-type-simple"},"acf":[],"_links":{"self":[{"href":"https:\/\/www.dxnwellness.eu\/es\/fr\/wp-json\/wp\/v2\/product\/357","targetHints":{"allow":["GET"]}}],"collection":[{"href":"https:\/\/www.dxnwellness.eu\/es\/fr\/wp-json\/wp\/v2\/product"}],"about":[{"href":"https:\/\/www.dxnwellness.eu\/es\/fr\/wp-json\/wp\/v2\/types\/product"}],"replies":[{"embeddable":true,"href":"https:\/\/www.dxnwellness.eu\/es\/fr\/wp-json\/wp\/v2\/comments?post=357"}],"wp:featuredmedia":[{"embeddable":true,"href":"https:\/\/www.dxnwellness.eu\/es\/fr\/wp-json\/wp\/v2\/media\/584"}],"wp:attachment":[{"href":"https:\/\/www.dxnwellness.eu\/es\/fr\/wp-json\/wp\/v2\/media?parent=357"}],"wp:term":[{"taxonomy":"product_brand","embeddable":true,"href":"https:\/\/www.dxnwellness.eu\/es\/fr\/wp-json\/wp\/v2\/product_brand?post=357"},{"taxonomy":"product_cat","embeddable":true,"href":"https:\/\/www.dxnwellness.eu\/es\/fr\/wp-json\/wp\/v2\/product_cat?post=357"},{"taxonomy":"product_tag","embeddable":true,"href":"https:\/\/www.dxnwellness.eu\/es\/fr\/wp-json\/wp\/v2\/product_tag?post=357"}],"curies":[{"name":"wp","href":"https:\/\/api.w.org\/{rel}","templated":true}]}}