{"id":353,"date":"2025-05-15T00:12:39","date_gmt":"2025-05-14T22:12:39","guid":{"rendered":"https:\/\/www.dxnwellness.eu\/es\/fr\/produit\/dxn-white-coffee-zhino\/"},"modified":"2025-05-25T02:57:12","modified_gmt":"2025-05-25T00:57:12","slug":"dxn-white-coffee-zhino","status":"publish","type":"product","link":"https:\/\/www.dxnwellness.eu\/es\/fr\/produit\/dxn-white-coffee-zhino\/","title":{"rendered":"DXN White Coffee Zhino"},"content":{"rendered":"<p>Le DXN White Coffee Zhino est le r\u00e9gal id\u00e9al pour les amateurs de cappuccino. Ce m\u00e9lange de caf\u00e9 cr\u00e9meux allie de la poudre de caf\u00e9 premium, de la poudre de Ganoderma lucidum, de la cr\u00e8me v\u00e9g\u00e9tale et du sucre de canne pour cr\u00e9er une boisson onctueuse et savoureuse. Son go\u00fbt et son ar\u00f4me riches sont sublim\u00e9s par une mousse d\u00e9licate et onctueuse, offrant une exp\u00e9rience cappuccino \u00e0 savourer \u00e0 tout moment. Offrez-vous un d\u00e9licieux cappuccino infus\u00e9 au Ganoderma avec le DXN White Coffee Zhino : le caf\u00e9 cr\u00e9meux id\u00e9al pour bien commencer la journ\u00e9e ou pour une pause r\u00e9confortante !<\/p>\n<p>Cr\u00e9meux et gourmand : Un caf\u00e9 onctueux et velout\u00e9, avec une mousse riche et onctueuse qui sublime l&#8217;exp\u00e9rience. Infus\u00e9 au Ganoderma : Chaque tasse est enrichie de Ganoderma lucidum, apportant une touche unique et nourrissante. Parfait pour les amateurs de cappuccino : Savourez le go\u00fbt savoureux d&#8217;un cappuccino avec la commodit\u00e9 d&#8217;un m\u00e9lange de caf\u00e9 instantan\u00e9.<\/p>\n","protected":false},"excerpt":{"rendered":"<p>Le DXN White Coffee Zhino est le r\u00e9gal id\u00e9al pour les amateurs de cappuccino. Ce m\u00e9lange de caf\u00e9 cr\u00e9meux allie de la poudre de caf\u00e9 premium, de la poudre de Ganoderma lucidum, de la cr\u00e8me v\u00e9g\u00e9tale et du sucre de canne pour cr\u00e9er une boisson onctueuse et savoureuse. Son go\u00fbt et son ar\u00f4me riches sont [&hellip;]<\/p>\n","protected":false},"featured_media":582,"comment_status":"open","ping_status":"open","template":"","meta":{"_acf_changed":false},"product_brand":[],"product_cat":[29],"product_tag":[],"class_list":{"0":"post-353","1":"product","2":"type-product","3":"status-publish","4":"has-post-thumbnail","6":"product_cat-cafe","7":"pa_package-12-sachets-x-28-g","9":"first","10":"instock","11":"purchasable","12":"product-type-simple"},"acf":[],"_links":{"self":[{"href":"https:\/\/www.dxnwellness.eu\/es\/fr\/wp-json\/wp\/v2\/product\/353","targetHints":{"allow":["GET"]}}],"collection":[{"href":"https:\/\/www.dxnwellness.eu\/es\/fr\/wp-json\/wp\/v2\/product"}],"about":[{"href":"https:\/\/www.dxnwellness.eu\/es\/fr\/wp-json\/wp\/v2\/types\/product"}],"replies":[{"embeddable":true,"href":"https:\/\/www.dxnwellness.eu\/es\/fr\/wp-json\/wp\/v2\/comments?post=353"}],"wp:featuredmedia":[{"embeddable":true,"href":"https:\/\/www.dxnwellness.eu\/es\/fr\/wp-json\/wp\/v2\/media\/582"}],"wp:attachment":[{"href":"https:\/\/www.dxnwellness.eu\/es\/fr\/wp-json\/wp\/v2\/media?parent=353"}],"wp:term":[{"taxonomy":"product_brand","embeddable":true,"href":"https:\/\/www.dxnwellness.eu\/es\/fr\/wp-json\/wp\/v2\/product_brand?post=353"},{"taxonomy":"product_cat","embeddable":true,"href":"https:\/\/www.dxnwellness.eu\/es\/fr\/wp-json\/wp\/v2\/product_cat?post=353"},{"taxonomy":"product_tag","embeddable":true,"href":"https:\/\/www.dxnwellness.eu\/es\/fr\/wp-json\/wp\/v2\/product_tag?post=353"}],"curies":[{"name":"wp","href":"https:\/\/api.w.org\/{rel}","templated":true}]}}