{"id":350,"date":"2025-05-15T00:12:39","date_gmt":"2025-05-14T22:12:39","guid":{"rendered":"https:\/\/www.dxnwellness.eu\/es\/fr\/produit\/dxn-zhi-mocha\/"},"modified":"2025-05-25T02:57:15","modified_gmt":"2025-05-25T00:57:15","slug":"dxn-zhi-mocha","status":"publish","type":"product","link":"https:\/\/www.dxnwellness.eu\/es\/fr\/produit\/dxn-zhi-mocha\/","title":{"rendered":"DXN Zhi Mocha"},"content":{"rendered":"<p>Le DXN Zhi Mocha est le plaisir id\u00e9al pour les amateurs de caf\u00e9 et de cacao. Ce m\u00e9lange riche et aromatique associe de la poudre de caf\u00e9 premium, de la poudre de Ganoderma lucidum, de la poudre de cacao, du sucre de canne, de l&#8217;extrait de malt d&#8217;orge, du lait \u00e9cr\u00e9m\u00e9 en poudre et de la cr\u00e8me v\u00e9g\u00e9tale pour cr\u00e9er une boisson onctueuse et velout\u00e9e qui saura satisfaire vos envies de caf\u00e9 et vos envies de sucr\u00e9. Pour un \u00e9quilibre parfait entre caf\u00e9 et cacao, avec les bienfaits du Ganoderma, le DXN Zhi Mocha est la boisson d\u00e9licieuse que vous adorerez savourer au quotidien !<\/p>\n<p>M\u00e9lange parfait : Une fusion luxueuse de saveurs de caf\u00e9 et de cacao, sublim\u00e9e par les propri\u00e9t\u00e9s nourrissantes du Ganoderma lucidum. Cr\u00e9meux et gourmand : L\u2019ajout de lait en poudre et de cr\u00e8me v\u00e9g\u00e9tale cr\u00e9e une texture riche et onctueuse qui rend chaque gorg\u00e9e d\u00e9licieuse. Douceur \u00e9quilibr\u00e9e : Sucr\u00e9 au sucre de canne naturel, il offre un go\u00fbt \u00e9quilibr\u00e9 et onctueux sans \u00eatre trop puissant.Pr\u00e9paration : Versez le contenu d\u2019un sachet (21 g) dans une tasse et m\u00e9langez avec 200 ml d\u2019eau chaude. Ajustez l\u2019intensit\u00e9 selon votre go\u00fbt en variant le rapport caf\u00e9\/eau.<\/p>\n","protected":false},"excerpt":{"rendered":"<p>Le DXN Zhi Mocha est le plaisir id\u00e9al pour les amateurs de caf\u00e9 et de cacao. Ce m\u00e9lange riche et aromatique associe de la poudre de caf\u00e9 premium, de la poudre de Ganoderma lucidum, de la poudre de cacao, du sucre de canne, de l&#8217;extrait de malt d&#8217;orge, du lait \u00e9cr\u00e9m\u00e9 en poudre et de [&hellip;]<\/p>\n","protected":false},"featured_media":694,"comment_status":"open","ping_status":"open","template":"","meta":{"_acf_changed":false},"product_brand":[],"product_cat":[29],"product_tag":[],"class_list":{"0":"post-350","1":"product","2":"type-product","3":"status-publish","4":"has-post-thumbnail","6":"product_cat-cafe","7":"pa_package-20-sachets-x-21-g","8":"pa_package-mega-pack-1-kg","10":"first","11":"instock","12":"purchasable","13":"product-type-variable"},"acf":[],"_links":{"self":[{"href":"https:\/\/www.dxnwellness.eu\/es\/fr\/wp-json\/wp\/v2\/product\/350","targetHints":{"allow":["GET"]}}],"collection":[{"href":"https:\/\/www.dxnwellness.eu\/es\/fr\/wp-json\/wp\/v2\/product"}],"about":[{"href":"https:\/\/www.dxnwellness.eu\/es\/fr\/wp-json\/wp\/v2\/types\/product"}],"replies":[{"embeddable":true,"href":"https:\/\/www.dxnwellness.eu\/es\/fr\/wp-json\/wp\/v2\/comments?post=350"}],"wp:featuredmedia":[{"embeddable":true,"href":"https:\/\/www.dxnwellness.eu\/es\/fr\/wp-json\/wp\/v2\/media\/694"}],"wp:attachment":[{"href":"https:\/\/www.dxnwellness.eu\/es\/fr\/wp-json\/wp\/v2\/media?parent=350"}],"wp:term":[{"taxonomy":"product_brand","embeddable":true,"href":"https:\/\/www.dxnwellness.eu\/es\/fr\/wp-json\/wp\/v2\/product_brand?post=350"},{"taxonomy":"product_cat","embeddable":true,"href":"https:\/\/www.dxnwellness.eu\/es\/fr\/wp-json\/wp\/v2\/product_cat?post=350"},{"taxonomy":"product_tag","embeddable":true,"href":"https:\/\/www.dxnwellness.eu\/es\/fr\/wp-json\/wp\/v2\/product_tag?post=350"}],"curies":[{"name":"wp","href":"https:\/\/api.w.org\/{rel}","templated":true}]}}