{"id":347,"date":"2025-05-15T00:12:39","date_gmt":"2025-05-14T22:12:39","guid":{"rendered":"https:\/\/www.dxnwellness.eu\/es\/fr\/produit\/dxn-lingzhi-3in1-eu-coffee\/"},"modified":"2025-05-25T02:57:15","modified_gmt":"2025-05-25T00:57:15","slug":"dxn-lingzhi-3in1-eu-coffee","status":"publish","type":"product","link":"https:\/\/www.dxnwellness.eu\/es\/fr\/produit\/dxn-lingzhi-3in1-eu-coffee\/","title":{"rendered":"DXN Lingzhi 3in1 EU Coffee"},"content":{"rendered":"<p>Le caf\u00e9 DXN Lingzhi 3 en 1 EU offre un m\u00e9lange parfait de caf\u00e9 en poudre, de cr\u00e8me v\u00e9g\u00e9tale, de sucre de canne et de poudre de Ganoderma lucidum. Ce m\u00e9lange 3 en 1 pratique offre un go\u00fbt riche et aromatique, ainsi qu&#8217;une texture onctueuse et cr\u00e9meuse, \u00e0 savourer \u00e0 tout moment de la journ\u00e9e. Que vous soyez en d\u00e9but de journ\u00e9e ou en pause d\u00e9jeuner, ce caf\u00e9 est rapide, facile et satisfaisant. Savourez la praticit\u00e9 et le go\u00fbt r\u00e9confortant du caf\u00e9 DXN Lingzhi 3 en 1 EU : votre caf\u00e9 de pr\u00e9dilection pour une pause rapide, d\u00e9licieuse et b\u00e9n\u00e9fique pour votre corps !<\/p>\n<p>M\u00e9lange \u00e9quilibr\u00e9 : Savourez l&#8217;harmonie du caf\u00e9, son onctuosit\u00e9 et sa douceur, avec en prime le Ganoderma lucidum. Pratique : Parfait pour les journ\u00e9es charg\u00e9es : il suffit de m\u00e9langer et de savourer une d\u00e9licieuse tasse de caf\u00e9 en quelques secondes. Go\u00fbt naturellement d\u00e9licieux : Un caf\u00e9 onctueux et savoureux sans aucun artifice. Offrez-vous un caf\u00e9 d\u00e9licieusement cr\u00e9meux avec le DXN Cream Coffee, le choix id\u00e9al pour une pause caf\u00e9 naturellement onctueuse et saine !<\/p>\n","protected":false},"excerpt":{"rendered":"<p>Le caf\u00e9 DXN Lingzhi 3 en 1 EU offre un m\u00e9lange parfait de caf\u00e9 en poudre, de cr\u00e8me v\u00e9g\u00e9tale, de sucre de canne et de poudre de Ganoderma lucidum. Ce m\u00e9lange 3 en 1 pratique offre un go\u00fbt riche et aromatique, ainsi qu&#8217;une texture onctueuse et cr\u00e9meuse, \u00e0 savourer \u00e0 tout moment de la journ\u00e9e. [&hellip;]<\/p>\n","protected":false},"featured_media":580,"comment_status":"open","ping_status":"open","template":"","meta":{"_acf_changed":false},"product_brand":[],"product_cat":[29],"product_tag":[],"class_list":{"0":"post-347","1":"product","2":"type-product","3":"status-publish","4":"has-post-thumbnail","6":"product_cat-cafe","7":"pa_package-20-sachets-x-21-g","8":"pa_package-mega-pack-1-kg","10":"first","11":"instock","12":"purchasable","13":"product-type-variable"},"acf":[],"_links":{"self":[{"href":"https:\/\/www.dxnwellness.eu\/es\/fr\/wp-json\/wp\/v2\/product\/347","targetHints":{"allow":["GET"]}}],"collection":[{"href":"https:\/\/www.dxnwellness.eu\/es\/fr\/wp-json\/wp\/v2\/product"}],"about":[{"href":"https:\/\/www.dxnwellness.eu\/es\/fr\/wp-json\/wp\/v2\/types\/product"}],"replies":[{"embeddable":true,"href":"https:\/\/www.dxnwellness.eu\/es\/fr\/wp-json\/wp\/v2\/comments?post=347"}],"wp:featuredmedia":[{"embeddable":true,"href":"https:\/\/www.dxnwellness.eu\/es\/fr\/wp-json\/wp\/v2\/media\/580"}],"wp:attachment":[{"href":"https:\/\/www.dxnwellness.eu\/es\/fr\/wp-json\/wp\/v2\/media?parent=347"}],"wp:term":[{"taxonomy":"product_brand","embeddable":true,"href":"https:\/\/www.dxnwellness.eu\/es\/fr\/wp-json\/wp\/v2\/product_brand?post=347"},{"taxonomy":"product_cat","embeddable":true,"href":"https:\/\/www.dxnwellness.eu\/es\/fr\/wp-json\/wp\/v2\/product_cat?post=347"},{"taxonomy":"product_tag","embeddable":true,"href":"https:\/\/www.dxnwellness.eu\/es\/fr\/wp-json\/wp\/v2\/product_tag?post=347"}],"curies":[{"name":"wp","href":"https:\/\/api.w.org\/{rel}","templated":true}]}}