{"id":345,"date":"2025-05-15T00:12:39","date_gmt":"2025-05-14T22:12:39","guid":{"rendered":"https:\/\/www.dxnwellness.eu\/es\/fr\/produit\/dxn-cream-coffee\/"},"modified":"2025-05-25T02:57:12","modified_gmt":"2025-05-25T00:57:12","slug":"dxn-cream-coffee","status":"publish","type":"product","link":"https:\/\/www.dxnwellness.eu\/es\/fr\/produit\/dxn-cream-coffee\/","title":{"rendered":"DXN Cream Coffee"},"content":{"rendered":"<p>Le DXN Cream Coffee est un m\u00e9lange de caf\u00e9 haut de gamme alliant l&#8217;onctuosit\u00e9 d&#8217;une cr\u00e8me v\u00e9g\u00e9tale aux bienfaits nourrissants de la poudre de Ganoderma lucidum. Savourez un caf\u00e9 cors\u00e9 et cr\u00e9meux, sans sucre ajout\u00e9, id\u00e9al pour ceux qui recherchent un caf\u00e9 savoureux et sain. Offrez-vous un caf\u00e9 d\u00e9licieusement cr\u00e9meux avec le DXN Cream Coffee : le choix id\u00e9al pour une pause caf\u00e9 naturellement onctueuse et saine !<\/p>\n<p>Riche et cr\u00e9meux : Un caf\u00e9 onctueux et cors\u00e9 \u00e0 la texture cr\u00e9meuse, gr\u00e2ce \u00e0 la cr\u00e8me v\u00e9g\u00e9tale. Infus\u00e9 au Ganoderma : Chaque tasse est enrichie en poudre de Ganoderma lucidum, offrant une exp\u00e9rience caf\u00e9 unique. R\u00e9duit en sucres : Savourez le go\u00fbt naturel d&#8217;un caf\u00e9 \u00e0 teneur r\u00e9duite en sucres par rapport aux caf\u00e9s 3 en 1 traditionnels, adapt\u00e9 \u00e0 tous ceux qui souhaitent mener une vie active. Pr\u00e9paration : Versez le contenu d&#8217;un sachet (14 g) dans une tasse et m\u00e9langez avec 200 ml d&#8217;eau chaude. Ajustez l&#8217;intensit\u00e9 en variant le rapport caf\u00e9\/eau selon vos pr\u00e9f\u00e9rences.<\/p>\n","protected":false},"excerpt":{"rendered":"<p>Le DXN Cream Coffee est un m\u00e9lange de caf\u00e9 haut de gamme alliant l&#8217;onctuosit\u00e9 d&#8217;une cr\u00e8me v\u00e9g\u00e9tale aux bienfaits nourrissants de la poudre de Ganoderma lucidum. Savourez un caf\u00e9 cors\u00e9 et cr\u00e9meux, sans sucre ajout\u00e9, id\u00e9al pour ceux qui recherchent un caf\u00e9 savoureux et sain. Offrez-vous un caf\u00e9 d\u00e9licieusement cr\u00e9meux avec le DXN Cream Coffee [&hellip;]<\/p>\n","protected":false},"featured_media":579,"comment_status":"open","ping_status":"open","template":"","meta":{"_acf_changed":false},"product_brand":[],"product_cat":[29],"product_tag":[],"class_list":{"0":"post-345","1":"product","2":"type-product","3":"status-publish","4":"has-post-thumbnail","6":"product_cat-cafe","7":"pa_package-20-sachets-x-14-g","9":"first","10":"instock","11":"purchasable","12":"product-type-simple"},"acf":[],"_links":{"self":[{"href":"https:\/\/www.dxnwellness.eu\/es\/fr\/wp-json\/wp\/v2\/product\/345","targetHints":{"allow":["GET"]}}],"collection":[{"href":"https:\/\/www.dxnwellness.eu\/es\/fr\/wp-json\/wp\/v2\/product"}],"about":[{"href":"https:\/\/www.dxnwellness.eu\/es\/fr\/wp-json\/wp\/v2\/types\/product"}],"replies":[{"embeddable":true,"href":"https:\/\/www.dxnwellness.eu\/es\/fr\/wp-json\/wp\/v2\/comments?post=345"}],"wp:featuredmedia":[{"embeddable":true,"href":"https:\/\/www.dxnwellness.eu\/es\/fr\/wp-json\/wp\/v2\/media\/579"}],"wp:attachment":[{"href":"https:\/\/www.dxnwellness.eu\/es\/fr\/wp-json\/wp\/v2\/media?parent=345"}],"wp:term":[{"taxonomy":"product_brand","embeddable":true,"href":"https:\/\/www.dxnwellness.eu\/es\/fr\/wp-json\/wp\/v2\/product_brand?post=345"},{"taxonomy":"product_cat","embeddable":true,"href":"https:\/\/www.dxnwellness.eu\/es\/fr\/wp-json\/wp\/v2\/product_cat?post=345"},{"taxonomy":"product_tag","embeddable":true,"href":"https:\/\/www.dxnwellness.eu\/es\/fr\/wp-json\/wp\/v2\/product_tag?post=345"}],"curies":[{"name":"wp","href":"https:\/\/api.w.org\/{rel}","templated":true}]}}