{"id":342,"date":"2025-05-15T00:12:39","date_gmt":"2025-05-14T22:12:39","guid":{"rendered":"https:\/\/www.dxnwellness.eu\/es\/fr\/produit\/dxn-lingzhi-black-coffee\/"},"modified":"2025-05-25T02:57:15","modified_gmt":"2025-05-25T00:57:15","slug":"dxn-lingzhi-black-coffee","status":"publish","type":"product","link":"https:\/\/www.dxnwellness.eu\/es\/fr\/produit\/dxn-lingzhi-black-coffee\/","title":{"rendered":"DXN Lingzhi Black Coffee"},"content":{"rendered":"<p>Le caf\u00e9 noir DXN Lingzhi est un caf\u00e9 instantan\u00e9 de qualit\u00e9 sup\u00e9rieure, m\u00e9lang\u00e9 \u00e0 de la poudre de Ganoderma lucidum, pour une exp\u00e9rience caf\u00e9 unique et aromatique. Ce caf\u00e9 soigneusement \u00e9labor\u00e9 offre le go\u00fbt intense et riche du caf\u00e9 noir, sublim\u00e9 par la touche onctueuse et subtile du Ganoderma, ce qui en fait un incontournable pour les amateurs de caf\u00e9. Commencez la journ\u00e9e avec une tasse de caf\u00e9 noir DXN Lingzhi : le m\u00e9lange parfait de caf\u00e9 premium et de Ganoderma dont vous r\u00eaverez chaque matin !<\/p>\n<p>Caf\u00e9 Premium : Pr\u00e9par\u00e9 avec des grains de caf\u00e9 de haute qualit\u00e9 pour une saveur riche et aromatique. Infus\u00e9 au Ganoderma : Chaque tasse est enrichie de poudre de Ganoderma lucidum, ajoutant une touche unique \u00e0 votre caf\u00e9 habituel. Parfait pour les amateurs de caf\u00e9 : Un m\u00e9lange onctueux et \u00e9quilibr\u00e9 de caf\u00e9 cors\u00e9 et de la touche nourrissante du Ganoderma.<\/p>\n","protected":false},"excerpt":{"rendered":"<p>Le caf\u00e9 noir DXN Lingzhi est un caf\u00e9 instantan\u00e9 de qualit\u00e9 sup\u00e9rieure, m\u00e9lang\u00e9 \u00e0 de la poudre de Ganoderma lucidum, pour une exp\u00e9rience caf\u00e9 unique et aromatique. Ce caf\u00e9 soigneusement \u00e9labor\u00e9 offre le go\u00fbt intense et riche du caf\u00e9 noir, sublim\u00e9 par la touche onctueuse et subtile du Ganoderma, ce qui en fait un incontournable [&hellip;]<\/p>\n","protected":false},"featured_media":577,"comment_status":"open","ping_status":"open","template":"","meta":{"_acf_changed":false},"product_brand":[],"product_cat":[29],"product_tag":[],"class_list":{"0":"post-342","1":"product","2":"type-product","3":"status-publish","4":"has-post-thumbnail","6":"product_cat-cafe","7":"pa_package-20-sachets-x-45-g","8":"pa_package-mega-pack-400-g","10":"first","11":"instock","12":"purchasable","13":"product-type-variable"},"acf":[],"_links":{"self":[{"href":"https:\/\/www.dxnwellness.eu\/es\/fr\/wp-json\/wp\/v2\/product\/342","targetHints":{"allow":["GET"]}}],"collection":[{"href":"https:\/\/www.dxnwellness.eu\/es\/fr\/wp-json\/wp\/v2\/product"}],"about":[{"href":"https:\/\/www.dxnwellness.eu\/es\/fr\/wp-json\/wp\/v2\/types\/product"}],"replies":[{"embeddable":true,"href":"https:\/\/www.dxnwellness.eu\/es\/fr\/wp-json\/wp\/v2\/comments?post=342"}],"wp:featuredmedia":[{"embeddable":true,"href":"https:\/\/www.dxnwellness.eu\/es\/fr\/wp-json\/wp\/v2\/media\/577"}],"wp:attachment":[{"href":"https:\/\/www.dxnwellness.eu\/es\/fr\/wp-json\/wp\/v2\/media?parent=342"}],"wp:term":[{"taxonomy":"product_brand","embeddable":true,"href":"https:\/\/www.dxnwellness.eu\/es\/fr\/wp-json\/wp\/v2\/product_brand?post=342"},{"taxonomy":"product_cat","embeddable":true,"href":"https:\/\/www.dxnwellness.eu\/es\/fr\/wp-json\/wp\/v2\/product_cat?post=342"},{"taxonomy":"product_tag","embeddable":true,"href":"https:\/\/www.dxnwellness.eu\/es\/fr\/wp-json\/wp\/v2\/product_tag?post=342"}],"curies":[{"name":"wp","href":"https:\/\/api.w.org\/{rel}","templated":true}]}}