{"id":339,"date":"2025-05-15T00:12:39","date_gmt":"2025-05-14T22:12:39","guid":{"rendered":"https:\/\/www.dxnwellness.eu\/es\/fr\/produit\/dxn-cocozhi\/"},"modified":"2025-05-25T02:57:15","modified_gmt":"2025-05-25T00:57:15","slug":"dxn-cocozhi","status":"publish","type":"product","link":"https:\/\/www.dxnwellness.eu\/es\/fr\/produit\/dxn-cocozhi\/","title":{"rendered":"DXN Cocozhi"},"content":{"rendered":"<p>DXN Cocozhi est une d\u00e9licieuse boisson cacaot\u00e9e alliant la richesse du cacao premium aux bienfaits uniques de la poudre de Ganoderma lucidum (Reishi). Ce m\u00e9lange gourmand offre un go\u00fbt onctueux et chocolat\u00e9, enrichi de cr\u00e8me v\u00e9g\u00e9tale et de malt d&#8217;orge, ce qui en fait la boisson id\u00e9ale pour les amateurs de cacao. Offrez-vous le go\u00fbt r\u00e9confortant et gourmand de DXN COCOZHI : un m\u00e9lange parfait de cacao et de Ganoderma pour une exp\u00e9rience d\u00e9licieusement unique !<\/p>\n<p>Cacao Premium : Fabriqu\u00e9 \u00e0 partir de cacao de haute qualit\u00e9 pour une saveur onctueuse. Enrichi en ganoderma : Infus\u00e9 de poudre de ganoderma lucidum pour un apport nutritionnel naturel. Polyvalent : \u00c0 d\u00e9guster en boisson ou \u00e0 utiliser dans diverses recettes, des g\u00e2teaux et gla\u00e7ages aux glaces et desserts.<\/p>\n","protected":false},"excerpt":{"rendered":"<p>DXN Cocozhi est une d\u00e9licieuse boisson cacaot\u00e9e alliant la richesse du cacao premium aux bienfaits uniques de la poudre de Ganoderma lucidum (Reishi). Ce m\u00e9lange gourmand offre un go\u00fbt onctueux et chocolat\u00e9, enrichi de cr\u00e8me v\u00e9g\u00e9tale et de malt d&#8217;orge, ce qui en fait la boisson id\u00e9ale pour les amateurs de cacao. Offrez-vous le go\u00fbt [&hellip;]<\/p>\n","protected":false},"featured_media":575,"comment_status":"open","ping_status":"open","template":"","meta":{"_acf_changed":false},"product_brand":[],"product_cat":[22],"product_tag":[],"class_list":{"0":"post-339","1":"product","2":"type-product","3":"status-publish","4":"has-post-thumbnail","6":"product_cat-boissons","7":"pa_package-20-sachets-x-32-g","8":"pa_package-mega-pack-1-kg","10":"first","11":"instock","12":"purchasable","13":"product-type-variable"},"acf":[],"_links":{"self":[{"href":"https:\/\/www.dxnwellness.eu\/es\/fr\/wp-json\/wp\/v2\/product\/339","targetHints":{"allow":["GET"]}}],"collection":[{"href":"https:\/\/www.dxnwellness.eu\/es\/fr\/wp-json\/wp\/v2\/product"}],"about":[{"href":"https:\/\/www.dxnwellness.eu\/es\/fr\/wp-json\/wp\/v2\/types\/product"}],"replies":[{"embeddable":true,"href":"https:\/\/www.dxnwellness.eu\/es\/fr\/wp-json\/wp\/v2\/comments?post=339"}],"wp:featuredmedia":[{"embeddable":true,"href":"https:\/\/www.dxnwellness.eu\/es\/fr\/wp-json\/wp\/v2\/media\/575"}],"wp:attachment":[{"href":"https:\/\/www.dxnwellness.eu\/es\/fr\/wp-json\/wp\/v2\/media?parent=339"}],"wp:term":[{"taxonomy":"product_brand","embeddable":true,"href":"https:\/\/www.dxnwellness.eu\/es\/fr\/wp-json\/wp\/v2\/product_brand?post=339"},{"taxonomy":"product_cat","embeddable":true,"href":"https:\/\/www.dxnwellness.eu\/es\/fr\/wp-json\/wp\/v2\/product_cat?post=339"},{"taxonomy":"product_tag","embeddable":true,"href":"https:\/\/www.dxnwellness.eu\/es\/fr\/wp-json\/wp\/v2\/product_tag?post=339"}],"curies":[{"name":"wp","href":"https:\/\/api.w.org\/{rel}","templated":true}]}}