{"id":337,"date":"2025-05-15T00:12:39","date_gmt":"2025-05-14T22:12:39","guid":{"rendered":"https:\/\/www.dxnwellness.eu\/es\/fr\/produit\/dxn-fermented-apple-drink\/"},"modified":"2025-05-25T02:57:12","modified_gmt":"2025-05-25T00:57:12","slug":"dxn-fermented-apple-drink","status":"publish","type":"product","link":"https:\/\/www.dxnwellness.eu\/es\/fr\/produit\/dxn-fermented-apple-drink\/","title":{"rendered":"DXN Fermented Apple Drink"},"content":{"rendered":"<p>La boisson aux pommes ferment\u00e9es DXN est une boisson d\u00e9licieuse et rafra\u00eechissante \u00e0 base de pommes ferment\u00e9es. Cette boisson naturelle allie les bienfaits des pommes \u00e0 un go\u00fbt doux et acidul\u00e9, id\u00e9al \u00e0 d\u00e9guster \u00e0 tout moment de la journ\u00e9e.<\/p>\n<p>Exp\u00e9rience rafra\u00eechissante : Savourez le doux parfum de la pomme, auquel nous avons ajout\u00e9 du citron acidul\u00e9 pour une exp\u00e9rience gustative parfaitement harmonieuse et rafra\u00eechissante. Naturellement d\u00e9licieuse : Une boisson ferment\u00e9e savoureuse qui offre les bienfaits de la pomme \u00e0 chaque gorg\u00e9e.<\/p>\n","protected":false},"excerpt":{"rendered":"<p>La boisson aux pommes ferment\u00e9es DXN est une boisson d\u00e9licieuse et rafra\u00eechissante \u00e0 base de pommes ferment\u00e9es. Cette boisson naturelle allie les bienfaits des pommes \u00e0 un go\u00fbt doux et acidul\u00e9, id\u00e9al \u00e0 d\u00e9guster \u00e0 tout moment de la journ\u00e9e. Exp\u00e9rience rafra\u00eechissante : Savourez le doux parfum de la pomme, auquel nous avons ajout\u00e9 du [&hellip;]<\/p>\n","protected":false},"featured_media":574,"comment_status":"open","ping_status":"open","template":"","meta":{"_acf_changed":false},"product_brand":[],"product_cat":[22],"product_tag":[],"class_list":{"0":"post-337","1":"product","2":"type-product","3":"status-publish","4":"has-post-thumbnail","6":"product_cat-boissons","7":"pa_package-15-sachets-de-50-ml","9":"first","10":"instock","11":"purchasable","12":"product-type-simple"},"acf":[],"_links":{"self":[{"href":"https:\/\/www.dxnwellness.eu\/es\/fr\/wp-json\/wp\/v2\/product\/337","targetHints":{"allow":["GET"]}}],"collection":[{"href":"https:\/\/www.dxnwellness.eu\/es\/fr\/wp-json\/wp\/v2\/product"}],"about":[{"href":"https:\/\/www.dxnwellness.eu\/es\/fr\/wp-json\/wp\/v2\/types\/product"}],"replies":[{"embeddable":true,"href":"https:\/\/www.dxnwellness.eu\/es\/fr\/wp-json\/wp\/v2\/comments?post=337"}],"wp:featuredmedia":[{"embeddable":true,"href":"https:\/\/www.dxnwellness.eu\/es\/fr\/wp-json\/wp\/v2\/media\/574"}],"wp:attachment":[{"href":"https:\/\/www.dxnwellness.eu\/es\/fr\/wp-json\/wp\/v2\/media?parent=337"}],"wp:term":[{"taxonomy":"product_brand","embeddable":true,"href":"https:\/\/www.dxnwellness.eu\/es\/fr\/wp-json\/wp\/v2\/product_brand?post=337"},{"taxonomy":"product_cat","embeddable":true,"href":"https:\/\/www.dxnwellness.eu\/es\/fr\/wp-json\/wp\/v2\/product_cat?post=337"},{"taxonomy":"product_tag","embeddable":true,"href":"https:\/\/www.dxnwellness.eu\/es\/fr\/wp-json\/wp\/v2\/product_tag?post=337"}],"curies":[{"name":"wp","href":"https:\/\/api.w.org\/{rel}","templated":true}]}}