{"id":335,"date":"2025-05-15T00:12:39","date_gmt":"2025-05-14T22:12:39","guid":{"rendered":"https:\/\/www.dxnwellness.eu\/es\/fr\/produit\/dxn-nutrizhi\/"},"modified":"2025-05-25T02:57:12","modified_gmt":"2025-05-25T00:57:12","slug":"dxn-nutrizhi","status":"publish","type":"product","link":"https:\/\/www.dxnwellness.eu\/es\/fr\/produit\/dxn-nutrizhi\/","title":{"rendered":"DXN Nutrizhi"},"content":{"rendered":"<p>DXN Nutrizhi est une boisson d\u00e9licieusement onctueuse, sp\u00e9cialement con\u00e7ue pour les amateurs de douceurs gourmandes et nourrissantes. Fabriqu\u00e9e \u00e0 partir de soja, enrichie d&#8217;extrait d&#8217;orge malt\u00e9e et infus\u00e9e de poudre de champignon Ganoderma lucidum, cette boisson offre un go\u00fbt riche et onctueux, \u00e0 la fois rassasiant et sain. Comblez vos envies de sucr\u00e9 tout en nourrissant votre corps avec les bienfaits de DXN Nutrizhi : l&#8217;\u00e9quilibre parfait entre saveur et nutrition !<\/p>\n<p>Riche en nutriments : Une excellente source d\u2019acides gras essentiels om\u00e9ga-3 et om\u00e9ga-6, ainsi que des prot\u00e9ines de lait pour soutenir votre alimentation quotidienne. Onctueux et cr\u00e9meux : Savourez l\u2019\u00e9quilibre parfait entre douceur et onctuosit\u00e9 \u00e0 chaque gorg\u00e9e. Ingr\u00e9dients sains : Un m\u00e9lange de soja, de malt et de ganoderme, soigneusement formul\u00e9 pour une exp\u00e9rience gustative d\u00e9licieuse.<\/p>\n","protected":false},"excerpt":{"rendered":"<p>DXN Nutrizhi est une boisson d\u00e9licieusement onctueuse, sp\u00e9cialement con\u00e7ue pour les amateurs de douceurs gourmandes et nourrissantes. Fabriqu\u00e9e \u00e0 partir de soja, enrichie d&#8217;extrait d&#8217;orge malt\u00e9e et infus\u00e9e de poudre de champignon Ganoderma lucidum, cette boisson offre un go\u00fbt riche et onctueux, \u00e0 la fois rassasiant et sain. Comblez vos envies de sucr\u00e9 tout en [&hellip;]<\/p>\n","protected":false},"featured_media":573,"comment_status":"open","ping_status":"open","template":"","meta":{"_acf_changed":false},"product_brand":[],"product_cat":[22],"product_tag":[],"class_list":{"0":"post-335","1":"product","2":"type-product","3":"status-publish","4":"has-post-thumbnail","6":"product_cat-boissons","7":"pa_package-20-sachets-x-30-g","9":"first","10":"instock","11":"purchasable","12":"product-type-simple"},"acf":[],"_links":{"self":[{"href":"https:\/\/www.dxnwellness.eu\/es\/fr\/wp-json\/wp\/v2\/product\/335","targetHints":{"allow":["GET"]}}],"collection":[{"href":"https:\/\/www.dxnwellness.eu\/es\/fr\/wp-json\/wp\/v2\/product"}],"about":[{"href":"https:\/\/www.dxnwellness.eu\/es\/fr\/wp-json\/wp\/v2\/types\/product"}],"replies":[{"embeddable":true,"href":"https:\/\/www.dxnwellness.eu\/es\/fr\/wp-json\/wp\/v2\/comments?post=335"}],"wp:featuredmedia":[{"embeddable":true,"href":"https:\/\/www.dxnwellness.eu\/es\/fr\/wp-json\/wp\/v2\/media\/573"}],"wp:attachment":[{"href":"https:\/\/www.dxnwellness.eu\/es\/fr\/wp-json\/wp\/v2\/media?parent=335"}],"wp:term":[{"taxonomy":"product_brand","embeddable":true,"href":"https:\/\/www.dxnwellness.eu\/es\/fr\/wp-json\/wp\/v2\/product_brand?post=335"},{"taxonomy":"product_cat","embeddable":true,"href":"https:\/\/www.dxnwellness.eu\/es\/fr\/wp-json\/wp\/v2\/product_cat?post=335"},{"taxonomy":"product_tag","embeddable":true,"href":"https:\/\/www.dxnwellness.eu\/es\/fr\/wp-json\/wp\/v2\/product_tag?post=335"}],"curies":[{"name":"wp","href":"https:\/\/api.w.org\/{rel}","templated":true}]}}