{"id":333,"date":"2025-05-15T00:12:39","date_gmt":"2025-05-14T22:12:39","guid":{"rendered":"https:\/\/www.dxnwellness.eu\/es\/fr\/produit\/dxn-vinaigrette\/"},"modified":"2025-05-25T02:57:12","modified_gmt":"2025-05-25T00:57:12","slug":"dxn-vinaigrette","status":"publish","type":"product","link":"https:\/\/www.dxnwellness.eu\/es\/fr\/produit\/dxn-vinaigrette\/","title":{"rendered":"DXN Vinaigrette"},"content":{"rendered":"<p>Vinaigrette DXN \u2013 Un m\u00e9lange unique de tradition et de saveur. La vinaigrette DXN est un vinaigre de riz ferment\u00e9 haut de gamme, infus\u00e9 au puissant champignon Ganoderma lucidum. Fabriqu\u00e9 selon des m\u00e9thodes de fermentation traditionnelles, ce vinaigre pr\u00e9serve son go\u00fbt intense et sa qualit\u00e9 exceptionnelle. Ajoutez une touche de saveur et de nutrition \u00e0 votre journ\u00e9e avec la vinaigrette DXN \u2013 une fa\u00e7on unique de savourer le vinaigre de riz !<\/p>\n<p>Riche en nutriments : Fabriqu\u00e9 \u00e0 partir de riz ferment\u00e9 de haute qualit\u00e9, le vinaigre de riz stimule la digestion gr\u00e2ce \u00e0 l&#8217;acide ac\u00e9tique. Il poss\u00e8de \u00e9galement des propri\u00e9t\u00e9s antiseptiques et aide \u00e0 surmonter la fatigue. Saveur polyvalente : Un \u00e9quilibre parfait entre le vinaigre de riz acidul\u00e9 et la touche terreuse du ganoderme, id\u00e9al pour les vinaigrettes, les marinades et bien plus encore. Qualit\u00e9 naturelle : Ferment\u00e9 avec soin pour pr\u00e9server sa saveur forte et authentique et ses bienfaits naturels.<\/p>\n","protected":false},"excerpt":{"rendered":"<p>Vinaigrette DXN \u2013 Un m\u00e9lange unique de tradition et de saveur. La vinaigrette DXN est un vinaigre de riz ferment\u00e9 haut de gamme, infus\u00e9 au puissant champignon Ganoderma lucidum. Fabriqu\u00e9 selon des m\u00e9thodes de fermentation traditionnelles, ce vinaigre pr\u00e9serve son go\u00fbt intense et sa qualit\u00e9 exceptionnelle. Ajoutez une touche de saveur et de nutrition \u00e0 [&hellip;]<\/p>\n","protected":false},"featured_media":572,"comment_status":"open","ping_status":"open","template":"","meta":{"_acf_changed":false},"product_brand":[],"product_cat":[22],"product_tag":[],"class_list":{"0":"post-333","1":"product","2":"type-product","3":"status-publish","4":"has-post-thumbnail","6":"product_cat-boissons","7":"pa_package-700-ml","9":"first","10":"instock","11":"purchasable","12":"product-type-simple"},"acf":[],"_links":{"self":[{"href":"https:\/\/www.dxnwellness.eu\/es\/fr\/wp-json\/wp\/v2\/product\/333","targetHints":{"allow":["GET"]}}],"collection":[{"href":"https:\/\/www.dxnwellness.eu\/es\/fr\/wp-json\/wp\/v2\/product"}],"about":[{"href":"https:\/\/www.dxnwellness.eu\/es\/fr\/wp-json\/wp\/v2\/types\/product"}],"replies":[{"embeddable":true,"href":"https:\/\/www.dxnwellness.eu\/es\/fr\/wp-json\/wp\/v2\/comments?post=333"}],"wp:featuredmedia":[{"embeddable":true,"href":"https:\/\/www.dxnwellness.eu\/es\/fr\/wp-json\/wp\/v2\/media\/572"}],"wp:attachment":[{"href":"https:\/\/www.dxnwellness.eu\/es\/fr\/wp-json\/wp\/v2\/media?parent=333"}],"wp:term":[{"taxonomy":"product_brand","embeddable":true,"href":"https:\/\/www.dxnwellness.eu\/es\/fr\/wp-json\/wp\/v2\/product_brand?post=333"},{"taxonomy":"product_cat","embeddable":true,"href":"https:\/\/www.dxnwellness.eu\/es\/fr\/wp-json\/wp\/v2\/product_cat?post=333"},{"taxonomy":"product_tag","embeddable":true,"href":"https:\/\/www.dxnwellness.eu\/es\/fr\/wp-json\/wp\/v2\/product_tag?post=333"}],"curies":[{"name":"wp","href":"https:\/\/api.w.org\/{rel}","templated":true}]}}