{"id":330,"date":"2025-05-15T00:12:39","date_gmt":"2025-05-14T22:12:39","guid":{"rendered":"https:\/\/www.dxnwellness.eu\/es\/fr\/produit\/dxn-cordypine\/"},"modified":"2025-05-25T02:57:15","modified_gmt":"2025-05-25T00:57:15","slug":"dxn-cordypine","status":"publish","type":"product","link":"https:\/\/www.dxnwellness.eu\/es\/fr\/produit\/dxn-cordypine\/","title":{"rendered":"DXN Cordypine"},"content":{"rendered":"<p>DXN Cordypine \u2013 Un m\u00e9lange rafra\u00eechissant de bienfaits naturels. DXN Cordypine allie les bienfaits naturels du jus d&#8217;ananas ferment\u00e9, du Cordyceps sinensis, du sucre de canne et une touche de citron vert pour cr\u00e9er une boisson rafra\u00eechissante unique. Servie froide ou chaude, cette d\u00e9licieuse boisson offre une exp\u00e9rience tropicale \u00e0 chaque gorg\u00e9e. Savourez le m\u00e9lange unique de saveurs de DXN Cordypine \u2013 une boisson rafra\u00eechissante id\u00e9ale pour compl\u00e9ter votre routine quotidienne !<\/p>\n<p>Ingr\u00e9dients naturels : Un m\u00e9lange soigneusement \u00e9labor\u00e9 de jus d&#8217;ananas, de cordyceps et de citron vert pour un go\u00fbt rafra\u00eechissant et une exp\u00e9rience agr\u00e9able. Boisson polyvalente : \u00c0 d\u00e9guster fra\u00eeche pour un rafra\u00eechissement ou chaude pour un moment de d\u00e9tente. Id\u00e9ale au quotidien : Une d\u00e9licieuse fa\u00e7on de s&#8217;hydrater et de se rafra\u00eechir tout au long de la journ\u00e9e.<\/p>\n","protected":false},"excerpt":{"rendered":"<p>DXN Cordypine \u2013 Un m\u00e9lange rafra\u00eechissant de bienfaits naturels. DXN Cordypine allie les bienfaits naturels du jus d&#8217;ananas ferment\u00e9, du Cordyceps sinensis, du sucre de canne et une touche de citron vert pour cr\u00e9er une boisson rafra\u00eechissante unique. Servie froide ou chaude, cette d\u00e9licieuse boisson offre une exp\u00e9rience tropicale \u00e0 chaque gorg\u00e9e. Savourez le m\u00e9lange [&hellip;]<\/p>\n","protected":false},"featured_media":570,"comment_status":"open","ping_status":"open","template":"","meta":{"_acf_changed":false},"product_brand":[],"product_cat":[22],"product_tag":[],"class_list":{"0":"post-330","1":"product","2":"type-product","3":"status-publish","4":"has-post-thumbnail","6":"product_cat-boissons","7":"pa_package-285-ml","8":"pa_package-700-ml","10":"first","11":"instock","12":"purchasable","13":"product-type-variable"},"acf":[],"_links":{"self":[{"href":"https:\/\/www.dxnwellness.eu\/es\/fr\/wp-json\/wp\/v2\/product\/330","targetHints":{"allow":["GET"]}}],"collection":[{"href":"https:\/\/www.dxnwellness.eu\/es\/fr\/wp-json\/wp\/v2\/product"}],"about":[{"href":"https:\/\/www.dxnwellness.eu\/es\/fr\/wp-json\/wp\/v2\/types\/product"}],"replies":[{"embeddable":true,"href":"https:\/\/www.dxnwellness.eu\/es\/fr\/wp-json\/wp\/v2\/comments?post=330"}],"wp:featuredmedia":[{"embeddable":true,"href":"https:\/\/www.dxnwellness.eu\/es\/fr\/wp-json\/wp\/v2\/media\/570"}],"wp:attachment":[{"href":"https:\/\/www.dxnwellness.eu\/es\/fr\/wp-json\/wp\/v2\/media?parent=330"}],"wp:term":[{"taxonomy":"product_brand","embeddable":true,"href":"https:\/\/www.dxnwellness.eu\/es\/fr\/wp-json\/wp\/v2\/product_brand?post=330"},{"taxonomy":"product_cat","embeddable":true,"href":"https:\/\/www.dxnwellness.eu\/es\/fr\/wp-json\/wp\/v2\/product_cat?post=330"},{"taxonomy":"product_tag","embeddable":true,"href":"https:\/\/www.dxnwellness.eu\/es\/fr\/wp-json\/wp\/v2\/product_tag?post=330"}],"curies":[{"name":"wp","href":"https:\/\/api.w.org\/{rel}","templated":true}]}}