{"id":327,"date":"2025-05-15T00:12:39","date_gmt":"2025-05-14T22:12:39","guid":{"rendered":"https:\/\/www.dxnwellness.eu\/es\/fr\/produit\/dxn-morinzhi\/"},"modified":"2025-05-25T02:57:15","modified_gmt":"2025-05-25T00:57:15","slug":"dxn-morinzhi","status":"publish","type":"product","link":"https:\/\/www.dxnwellness.eu\/es\/fr\/produit\/dxn-morinzhi\/","title":{"rendered":"DXN Morinzhi"},"content":{"rendered":"<p>Sublimez votre quotidien avec DXN Morinzhi, une boisson fruit\u00e9e saine \u00e0 base de noni exotique et d&#8217;extrait rafra\u00eechissant de roselle. Son m\u00e9lange unique d&#8217;ingr\u00e9dients naturels en fait le choix id\u00e9al pour ceux qui recherchent une boisson d\u00e9licieuse et nourrissante. D\u00e9couvrez le go\u00fbt rafra\u00eechissant et les bienfaits naturels de DXN Morinzhi : le compagnon id\u00e9al pour une sensation de fra\u00eecheur et d&#8217;\u00e9nergie. Essayez-la d\u00e8s aujourd&#8217;hui !<\/p>\n<p>Naturellement nourrissant : Fabriqu\u00e9 \u00e0 partir de fruit de Noni et d&#8217;extrait de Roselle, offrant une d\u00e9licieuse fusion de saveurs.Riche en bont\u00e9 : Riche en fibres et en vitamine C, c&#8217;est un moyen id\u00e9al de savourer une boisson revitalisante.Un choix rafra\u00eechissant : Profitez du go\u00fbt vibrant et de l\u2019ar\u00f4me revigorant qui dynamisent votre journ\u00e9e.<\/p>\n","protected":false},"excerpt":{"rendered":"<p>Sublimez votre quotidien avec DXN Morinzhi, une boisson fruit\u00e9e saine \u00e0 base de noni exotique et d&#8217;extrait rafra\u00eechissant de roselle. Son m\u00e9lange unique d&#8217;ingr\u00e9dients naturels en fait le choix id\u00e9al pour ceux qui recherchent une boisson d\u00e9licieuse et nourrissante. D\u00e9couvrez le go\u00fbt rafra\u00eechissant et les bienfaits naturels de DXN Morinzhi : le compagnon id\u00e9al pour [&hellip;]<\/p>\n","protected":false},"featured_media":568,"comment_status":"open","ping_status":"open","template":"","meta":{"_acf_changed":false},"product_brand":[],"product_cat":[22],"product_tag":[],"class_list":{"0":"post-327","1":"product","2":"type-product","3":"status-publish","4":"has-post-thumbnail","6":"product_cat-boissons","7":"pa_package-285-ml","8":"pa_package-700-ml","10":"first","11":"instock","12":"purchasable","13":"product-type-variable"},"acf":[],"_links":{"self":[{"href":"https:\/\/www.dxnwellness.eu\/es\/fr\/wp-json\/wp\/v2\/product\/327","targetHints":{"allow":["GET"]}}],"collection":[{"href":"https:\/\/www.dxnwellness.eu\/es\/fr\/wp-json\/wp\/v2\/product"}],"about":[{"href":"https:\/\/www.dxnwellness.eu\/es\/fr\/wp-json\/wp\/v2\/types\/product"}],"replies":[{"embeddable":true,"href":"https:\/\/www.dxnwellness.eu\/es\/fr\/wp-json\/wp\/v2\/comments?post=327"}],"wp:featuredmedia":[{"embeddable":true,"href":"https:\/\/www.dxnwellness.eu\/es\/fr\/wp-json\/wp\/v2\/media\/568"}],"wp:attachment":[{"href":"https:\/\/www.dxnwellness.eu\/es\/fr\/wp-json\/wp\/v2\/media?parent=327"}],"wp:term":[{"taxonomy":"product_brand","embeddable":true,"href":"https:\/\/www.dxnwellness.eu\/es\/fr\/wp-json\/wp\/v2\/product_brand?post=327"},{"taxonomy":"product_cat","embeddable":true,"href":"https:\/\/www.dxnwellness.eu\/es\/fr\/wp-json\/wp\/v2\/product_cat?post=327"},{"taxonomy":"product_tag","embeddable":true,"href":"https:\/\/www.dxnwellness.eu\/es\/fr\/wp-json\/wp\/v2\/product_tag?post=327"}],"curies":[{"name":"wp","href":"https:\/\/api.w.org\/{rel}","templated":true}]}}