{"id":325,"date":"2025-05-15T00:12:39","date_gmt":"2025-05-14T22:12:39","guid":{"rendered":"https:\/\/www.dxnwellness.eu\/es\/fr\/produit\/dxn-roselle-juice\/"},"modified":"2025-05-27T02:57:15","modified_gmt":"2025-05-27T00:57:15","slug":"dxn-roselle-juice","status":"publish","type":"product","link":"https:\/\/www.dxnwellness.eu\/es\/fr\/produit\/dxn-roselle-juice\/","title":{"rendered":"DXN Roselle Juice"},"content":{"rendered":"<p>D\u00e9couvrez le go\u00fbt rafra\u00eechissant de la nature avec le jus d&#8217;Hibiscus sabdariffa DXN, \u00e9labor\u00e9 \u00e0 partir d&#8217;extrait de calice de fleur d&#8217;Hibiscus sabdariffa. Sa saveur vive et ses bienfaits naturels en font un choix id\u00e9al pour votre boisson quotidienne. D\u00e9couvrez l&#8217;\u00e9quilibre parfait entre go\u00fbt et praticit\u00e9 \u00e0 chaque gorg\u00e9e. Essayez le jus d&#8217;Hibiscus DXN d\u00e8s aujourd&#8217;hui pour une boisson naturellement satisfaisante !<\/p>\n<p>Bont\u00e9 naturelle : Fabriqu\u00e9 \u00e0 partir d&#8217;extrait de fleur d&#8217;hibiscus, connu pour sa saveur riche et sa couleur vibrante. Rafra\u00eechissant et d\u00e9licieux : Savourez une boisson acidul\u00e9e et fruit\u00e9e qui revigore votre journ\u00e9e.Pratique et polyvalent : Parfait comme boisson froide ou chaude \u00e0 tout moment et en tout lieu.<\/p>\n","protected":false},"excerpt":{"rendered":"<p>D\u00e9couvrez le go\u00fbt rafra\u00eechissant de la nature avec le jus d&#8217;Hibiscus sabdariffa DXN, \u00e9labor\u00e9 \u00e0 partir d&#8217;extrait de calice de fleur d&#8217;Hibiscus sabdariffa. Sa saveur vive et ses bienfaits naturels en font un choix id\u00e9al pour votre boisson quotidienne. D\u00e9couvrez l&#8217;\u00e9quilibre parfait entre go\u00fbt et praticit\u00e9 \u00e0 chaque gorg\u00e9e. Essayez le jus d&#8217;Hibiscus DXN d\u00e8s [&hellip;]<\/p>\n","protected":false},"featured_media":567,"comment_status":"open","ping_status":"open","template":"","meta":{"_acf_changed":false},"product_brand":[],"product_cat":[22],"product_tag":[],"class_list":{"0":"post-325","1":"product","2":"type-product","3":"status-publish","4":"has-post-thumbnail","6":"product_cat-boissons","7":"pa_package-285-ml","9":"first","10":"instock","11":"purchasable","12":"product-type-simple"},"acf":[],"_links":{"self":[{"href":"https:\/\/www.dxnwellness.eu\/es\/fr\/wp-json\/wp\/v2\/product\/325","targetHints":{"allow":["GET"]}}],"collection":[{"href":"https:\/\/www.dxnwellness.eu\/es\/fr\/wp-json\/wp\/v2\/product"}],"about":[{"href":"https:\/\/www.dxnwellness.eu\/es\/fr\/wp-json\/wp\/v2\/types\/product"}],"replies":[{"embeddable":true,"href":"https:\/\/www.dxnwellness.eu\/es\/fr\/wp-json\/wp\/v2\/comments?post=325"}],"wp:featuredmedia":[{"embeddable":true,"href":"https:\/\/www.dxnwellness.eu\/es\/fr\/wp-json\/wp\/v2\/media\/567"}],"wp:attachment":[{"href":"https:\/\/www.dxnwellness.eu\/es\/fr\/wp-json\/wp\/v2\/media?parent=325"}],"wp:term":[{"taxonomy":"product_brand","embeddable":true,"href":"https:\/\/www.dxnwellness.eu\/es\/fr\/wp-json\/wp\/v2\/product_brand?post=325"},{"taxonomy":"product_cat","embeddable":true,"href":"https:\/\/www.dxnwellness.eu\/es\/fr\/wp-json\/wp\/v2\/product_cat?post=325"},{"taxonomy":"product_tag","embeddable":true,"href":"https:\/\/www.dxnwellness.eu\/es\/fr\/wp-json\/wp\/v2\/product_tag?post=325"}],"curies":[{"name":"wp","href":"https:\/\/api.w.org\/{rel}","templated":true}]}}