{"id":727,"date":"2025-04-01T14:04:23","date_gmt":"2025-04-01T12:04:23","guid":{"rendered":"https:\/\/www.dxnwellness.eu\/es\/fr\/?page_id=727"},"modified":"2025-04-01T14:04:23","modified_gmt":"2025-04-01T12:04:23","slug":"politique-de-retour","status":"publish","type":"page","link":"https:\/\/www.dxnwellness.eu\/es\/fr\/politique-de-retour\/","title":{"rendered":"Politique de retour"},"content":{"rendered":"<h3>Remboursement<\/h3>\n<p>Dans le cas o\u00f9 un remboursement est n\u00e9cessaire, les conditions suivantes s&#8217;appliquent :<\/p>\n<p><strong>Achat en ligne<\/strong><br \/>\nSi l&#8217;achat a \u00e9t\u00e9 effectu\u00e9 en ligne avec paiement par carte, le remboursement sera effectu\u00e9 sur votre carte dans un d\u00e9lai de 14 jours ouvrables, \u00e0 condition qu&#8217;il soit effectu\u00e9 dans le m\u00eame mois que l&#8217;achat.<\/p>\n<p>Si le paiement de la commande a \u00e9t\u00e9 effectu\u00e9 par virement bancaire, vous devrez nous envoyer par e-mail les informations de votre compte bancaire et un certificat de titulaire pour proc\u00e9der au remboursement. Les remboursements sont trait\u00e9s dans un d\u00e9lai de 14 jours ouvrables, \u00e0 condition qu&#8217;ils soient effectu\u00e9s dans le m\u00eame mois que l&#8217;achat.<\/p>\n<p>Si vous retournez les produits par courrier, nous vous rembourserons dans un d\u00e9lai de 14 jours ouvrables apr\u00e8s r\u00e9ception de votre colis, \u00e0 condition que cela se fasse dans le m\u00eame mois que l&#8217;achat. En cas de retour de produits pour changement d&#8217;avis, les frais d&#8217;exp\u00e9dition seront \u00e0 votre charge. Les produits doivent \u00eatre accompagn\u00e9s du justificatif d&#8217;achat, dont la date ne doit pas d\u00e9passer 14 jours, \u00e0 condition qu&#8217;il soit dans le m\u00eame mois que l&#8217;achat.<\/p>\n<p><strong>Achat dans nos magasins physiques<\/strong><br \/>\nSi l&#8217;achat a \u00e9t\u00e9 effectu\u00e9 dans notre magasin physique, le remboursement sera effectu\u00e9 en caisse, \u00e0 condition que le produit soit en parfait \u00e9tat et que le justificatif d&#8217;achat soit pr\u00e9sent\u00e9 dans les 14 jours suivant la date d&#8217;achat, \u00e0 condition que cela soit effectu\u00e9 dans le m\u00eame mois que l&#8217;achat.<\/p>\n<p>Si le paiement a \u00e9t\u00e9 effectu\u00e9 par carte, vous devrez pr\u00e9senter la m\u00eame carte utilis\u00e9e pour que le remboursement soit effectu\u00e9 de la m\u00eame mani\u00e8re.<\/p>\n<p>Processus de retour dans les cas suivants :<br \/>\nVeuillez contacter imm\u00e9diatement DXN International Spain par :<\/p>\n<p>T\u00e9l\u00e9phone : +34 91 758 99 50 (ext.2)<\/p>\n<p>E-mail : atencioncliente@dxn2u.com<\/p>\n<p>Formulaire de retour de produits, qui vous sera fourni par notre \u00e9quipe.<\/p>\n<p>Si des produits achet\u00e9s sur eworld.dxn2u.com doivent \u00eatre retourn\u00e9s, envoyez-les \u00e0 l&#8217;adresse suivante :<\/p>\n<p>Calle Azcona N43, sous-sol.<br \/>\n28028 Madrid<\/p>\n<p>Le droit de r\u00e9tractation et de retour s&#8217;applique dans les cas suivants :<br \/>\nCas de retour des commandes en ligne<br \/>\nEnvoi incorrect<\/p>\n<p>Si, par erreur dans le processus de pr\u00e9paration de la commande, des produits incorrects sont envoy\u00e9s ou des articles sont manquants, nous prendrons en charge la responsabilit\u00e9 d&#8217;envoyer les produits corrects et couvrirons les frais de retour.<\/p>\n<h3>Conditions de retour des produits envoy\u00e9s par erreur :<\/h3>\n<p>Le produit ne doit pas \u00eatre ouvert.<\/p>\n<p>L&#8217;emballage ne doit pas \u00eatre endommag\u00e9.<\/p>\n<p>Il doit \u00eatre notifi\u00e9 lors de la r\u00e9ception ou, au plus tard, le jour ouvrable suivant.<\/p>\n<p>Seuls les \u00e9changes et retours dans le m\u00eame mois de l&#8217;achat sont accept\u00e9s.<\/p>\n<p>Si ces conditions ne sont pas respect\u00e9es, DXN International Spain se r\u00e9serve le droit de refuser le retour.<\/p>\n<p>Produit d\u00e9fectueux ou endommag\u00e9<\/p>\n<h3>Si vous recevez un produit avec :<\/h3>\n<p>Emballage ouvert<\/p>\n<p>Emballage endommag\u00e9<\/p>\n<p>Date d&#8217;expiration proche emp\u00eachant sa consommation<\/p>\n<p>Le produit sera remplac\u00e9 et nous prendrons en charge les frais de retour.<\/p>\n<p>Le client doit informer imm\u00e9diatement apr\u00e8s r\u00e9ception de la commande ou le jour ouvrable suivant.<\/p>\n<p>Si vous recevez un produit avec des alt\u00e9rations ou des caract\u00e9ristiques inhabituelles, il doit \u00eatre retourn\u00e9 pour inspection et contact avec le fabricant.<\/p>\n<p>Si le probl\u00e8me est confirm\u00e9, un nouveau produit sera envoy\u00e9 sans frais suppl\u00e9mentaires. Si le probl\u00e8me n&#8217;est pas confirm\u00e9, DXN International Spain se r\u00e9serve le droit de ne pas assumer la responsabilit\u00e9.<\/p>\n<p>Annulation de commande \/ Changement d&#8217;avis<\/p>\n<p>Si le client souhaite retourner un ou plusieurs produits apr\u00e8s avoir re\u00e7u sa commande, il devra assumer les frais de retour.<\/p>\n<p>Une fois que les produits ont \u00e9t\u00e9 re\u00e7us et v\u00e9rifi\u00e9s, DXN International Spain proc\u00e9dera au remboursement par le m\u00eame mode de paiement que celui utilis\u00e9 pour l&#8217;achat.<\/p>\n<h3>Conditions de retour :<\/h3>\n<p>Le retour doit \u00eatre effectu\u00e9 dans un d\u00e9lai de 14 jours \u00e0 compter de la r\u00e9ception, \u00e0 condition qu&#8217;il soit effectu\u00e9 dans le m\u00eame mois que l&#8217;achat.<\/p>\n<p>L&#8217;emballage ne doit pas \u00eatre ouvert.<\/p>\n<p>Les produits doivent avoir \u00e9t\u00e9 stock\u00e9s dans de bonnes conditions et ne pr\u00e9senter aucune alt\u00e9ration.<\/p>\n<p>Si le produit est accompagn\u00e9 d&#8217;un cadeau promotionnel, celui-ci doit \u00eatre retourn\u00e9 \u00e9galement.<\/p>\n<p>Il est recommand\u00e9 de v\u00e9rifier les produits avant de les ouvrir.<\/p>\n<p>Retour des achats en magasin physique<br \/>\nSi l&#8217;achat a \u00e9t\u00e9 effectu\u00e9 dans un magasin physique, le retour doit \u00eatre effectu\u00e9 dans le m\u00eame magasin apr\u00e8s communication avec DXN International Spain \u00e0 l&#8217;adresse suivante :<\/p>\n<p>Calle Bravo Murillo N316<br \/>\n28020 Madrid<\/p>\n<p>Le justificatif d&#8217;achat doit \u00eatre pr\u00e9sent\u00e9 et il ne doit pas s&#8217;\u00eatre \u00e9coul\u00e9 plus de 14 jours depuis l&#8217;achat.<\/p>\n<p>Les m\u00eames conditions de retour s&#8217;appliquent pour les achats en magasin physique et en ligne. Il est recommand\u00e9 de v\u00e9rifier les produits avant de les ouvrir.<\/p>\n<p>Le remboursement sera effectu\u00e9 par le m\u00eame mode de paiement que celui utilis\u00e9 pour l&#8217;achat.<\/p>\n","protected":false},"excerpt":{"rendered":"<p>Remboursement Dans le cas o\u00f9 un remboursement est n\u00e9cessaire, les conditions suivantes s&#8217;appliquent : Achat en ligne Si l&#8217;achat a \u00e9t\u00e9 effectu\u00e9 en ligne avec paiement par carte, le remboursement sera effectu\u00e9 sur votre carte dans un d\u00e9lai de 14 jours ouvrables, \u00e0 condition qu&#8217;il soit effectu\u00e9 dans le m\u00eame mois que l&#8217;achat. Si le [&hellip;]<\/p>\n","protected":false},"author":8,"featured_media":0,"parent":0,"menu_order":0,"comment_status":"closed","ping_status":"closed","template":"terms_privacy.php","meta":{"_acf_changed":false,"footnotes":""},"class_list":["post-727","page","type-page","status-publish","hentry"],"acf":[],"_links":{"self":[{"href":"https:\/\/www.dxnwellness.eu\/es\/fr\/wp-json\/wp\/v2\/pages\/727","targetHints":{"allow":["GET"]}}],"collection":[{"href":"https:\/\/www.dxnwellness.eu\/es\/fr\/wp-json\/wp\/v2\/pages"}],"about":[{"href":"https:\/\/www.dxnwellness.eu\/es\/fr\/wp-json\/wp\/v2\/types\/page"}],"author":[{"embeddable":true,"href":"https:\/\/www.dxnwellness.eu\/es\/fr\/wp-json\/wp\/v2\/users\/8"}],"replies":[{"embeddable":true,"href":"https:\/\/www.dxnwellness.eu\/es\/fr\/wp-json\/wp\/v2\/comments?post=727"}],"version-history":[{"count":2,"href":"https:\/\/www.dxnwellness.eu\/es\/fr\/wp-json\/wp\/v2\/pages\/727\/revisions"}],"predecessor-version":[{"id":729,"href":"https:\/\/www.dxnwellness.eu\/es\/fr\/wp-json\/wp\/v2\/pages\/727\/revisions\/729"}],"wp:attachment":[{"href":"https:\/\/www.dxnwellness.eu\/es\/fr\/wp-json\/wp\/v2\/media?parent=727"}],"curies":[{"name":"wp","href":"https:\/\/api.w.org\/{rel}","templated":true}]}}