{"id":723,"date":"2025-04-01T14:02:16","date_gmt":"2025-04-01T12:02:16","guid":{"rendered":"https:\/\/www.dxnwellness.eu\/es\/fr\/?page_id=723"},"modified":"2025-04-01T14:02:16","modified_gmt":"2025-04-01T12:02:16","slug":"livraison-et-paiement","status":"publish","type":"page","link":"https:\/\/www.dxnwellness.eu\/es\/fr\/livraison-et-paiement\/","title":{"rendered":"Livraison et paiement"},"content":{"rendered":"<h3>Modes de commande<\/h3>\n<p>Via https:\/\/eworld.dxn2u.com : apr\u00e8s avoir s\u00e9lectionn\u00e9 le produit souhait\u00e9, cliquez sur le bouton \u00ab panier \u00bb et choisissez entre :<br \/>\nA) Continuer votre commande en ajoutant d&#8217;autres produits.<br \/>\nB) Finaliser votre commande en cliquant sur \u00ab voir le panier \u00bb et en suivant les \u00e9tapes de paiement et de livraison.<\/p>\n<p>Par t\u00e9l\u00e9phone aux num\u00e9ros +34 91 758 99 50 (ext 1) ou via WhatsApp : +34 681 096 009, du lundi au vendredi de 9h00 \u00e0 17h00.<\/p>\n<p>Par e-mail \u00e0 infospain@dxn2u.com.<\/p>\n<p>Retrait en magasin :<br \/>\nCalle Bravo Murillo n\u00b0316, Bajo, 28020 Madrid.<\/p>\n<h3>Modes de paiement<\/h3>\n<p>Le paiement de votre commande peut \u00eatre effectu\u00e9 avant ou lors de la livraison par :<\/p>\n<p>Paiement en magasin<br \/>\nCalle Bravo Murillo n\u00b0316, Bajo, 28020 Madrid.<\/p>\n<p>Paiement \u00e0 la livraison (contre-remboursement) \u00e0 domicile, en bureau ou en point relais (frais suppl\u00e9mentaires de 8,00 \u20ac).<\/p>\n<p>Virement bancaire vers le compte suivant (effectu\u00e9 depuis la m\u00eame banque pour \u00e9viter des frais) :<\/p>\n<p>CAIXA BANK : IBAN ES61 2100 0721 0802 0075 0418<\/p>\n<p>Titulaire du compte : DXN Internacional Spain<br \/>\nEnvoyez le justificatif de paiement par e-mail \u00e0 infospain@dxn2u.com.<\/p>\n<p>Paiement par carte bancaire au moment de la commande en ligne.<\/p>\n<h3>Exp\u00e9dition et livraison<\/h3>\n<p>Livraison en Espagne, France et Portugal. Retrait en magasin ou livraison \u00e0 l\u2019adresse de votre choix.<\/p>\n<p>Confirmation et suivi envoy\u00e9s par e-mail apr\u00e8s validation de la commande.<\/p>\n<p>Les commandes pass\u00e9es le week-end sont trait\u00e9es le lundi.<\/p>\n<p>D\u00e9lais de livraison :<\/p>\n<p>1-2 jours ouvrables pour les destinations terrestres.<\/p>\n<p>2-3 jours ouvrables pour les destinations insulaires.<\/p>\n<p>1-5 jours ouvrables pour les zones difficiles d\u2019acc\u00e8s.<\/p>\n<p>Les transporteurs ne livrent pas les samedis et dimanches.<\/p>\n","protected":false},"excerpt":{"rendered":"<p>Modes de commande Via https:\/\/eworld.dxn2u.com : apr\u00e8s avoir s\u00e9lectionn\u00e9 le produit souhait\u00e9, cliquez sur le bouton \u00ab panier \u00bb et choisissez entre : A) Continuer votre commande en ajoutant d&#8217;autres produits. B) Finaliser votre commande en cliquant sur \u00ab voir le panier \u00bb et en suivant les \u00e9tapes de paiement et de livraison. Par t\u00e9l\u00e9phone [&hellip;]<\/p>\n","protected":false},"author":8,"featured_media":0,"parent":0,"menu_order":0,"comment_status":"closed","ping_status":"closed","template":"terms_privacy.php","meta":{"_acf_changed":false,"footnotes":""},"class_list":["post-723","page","type-page","status-publish","hentry"],"acf":[],"_links":{"self":[{"href":"https:\/\/www.dxnwellness.eu\/es\/fr\/wp-json\/wp\/v2\/pages\/723","targetHints":{"allow":["GET"]}}],"collection":[{"href":"https:\/\/www.dxnwellness.eu\/es\/fr\/wp-json\/wp\/v2\/pages"}],"about":[{"href":"https:\/\/www.dxnwellness.eu\/es\/fr\/wp-json\/wp\/v2\/types\/page"}],"author":[{"embeddable":true,"href":"https:\/\/www.dxnwellness.eu\/es\/fr\/wp-json\/wp\/v2\/users\/8"}],"replies":[{"embeddable":true,"href":"https:\/\/www.dxnwellness.eu\/es\/fr\/wp-json\/wp\/v2\/comments?post=723"}],"version-history":[{"count":2,"href":"https:\/\/www.dxnwellness.eu\/es\/fr\/wp-json\/wp\/v2\/pages\/723\/revisions"}],"predecessor-version":[{"id":725,"href":"https:\/\/www.dxnwellness.eu\/es\/fr\/wp-json\/wp\/v2\/pages\/723\/revisions\/725"}],"wp:attachment":[{"href":"https:\/\/www.dxnwellness.eu\/es\/fr\/wp-json\/wp\/v2\/media?parent=723"}],"curies":[{"name":"wp","href":"https:\/\/api.w.org\/{rel}","templated":true}]}}