{"id":712,"date":"2025-03-27T16:50:59","date_gmt":"2025-03-27T15:50:59","guid":{"rendered":"https:\/\/www.dxnwellness.eu\/es\/fr\/?page_id=712"},"modified":"2025-04-01T13:59:47","modified_gmt":"2025-04-01T11:59:47","slug":"conditions-dutilisation","status":"publish","type":"page","link":"https:\/\/www.dxnwellness.eu\/es\/fr\/conditions-dutilisation\/","title":{"rendered":"Conditions d\u2019utilisation"},"content":{"rendered":"<h3>1. Clause de non-responsabilit\u00e9 du site web<\/h3>\n<p><strong>Informations<\/strong><br \/>\nLe site web de DXN contient des informations, des donn\u00e9es, des documents, des politiques, des proc\u00e9dures, des instructions et des images (d\u00e9sign\u00e9es ci-apr\u00e8s par le terme &#8220;Informations&#8221;) qui ont \u00e9t\u00e9 cr\u00e9\u00e9es par DXN. Les &#8220;Informations&#8221; peuvent contenir des informations provenant de tiers (les &#8220;informations de tiers&#8221;) qui ne sont ni soutenues ni promues par DXN et ne refl\u00e8tent donc pas n\u00e9cessairement les politiques, proc\u00e9dures, normes ou instructions de DXN.<br \/>\nLes Informations et les Informations de tiers pr\u00e9sentes sur ce site ont \u00e9t\u00e9 pr\u00e9sent\u00e9es avec soin et consid\u00e9r\u00e9es comme v\u00e9ridiques et exactes au moment de leur publication. Toutefois, DXN se r\u00e9serve le droit de modifier, corriger et am\u00e9liorer les Informations \u00e0 tout moment sans pr\u00e9avis.<br \/>\nLes Informations peuvent contenir des inexactitudes techniques ou des erreurs typographiques. Par cons\u00e9quent, DXN ne garantit ni ne repr\u00e9sente que les Informations ou les Informations de tiers ne contiennent pas d&#8217;erreurs ou d&#8217;omissions. DXN d\u00e9cline toute responsabilit\u00e9 concernant l&#8217;exactitude, la validit\u00e9, la fiabilit\u00e9 et l&#8217;exactitude des Informations et des Informations de tiers interpr\u00e9t\u00e9es et utilis\u00e9es par tout utilisateur.<br \/>\nAucune partie de cette publication ne peut \u00eatre reproduite sous quelque forme que ce soit ni transmise \u00e0 une autre personne sans le consentement \u00e9crit pr\u00e9alable de DXN.<br \/>\nLes utilisateurs acceptent les conditions suivantes :<\/p>\n<p>Les documents r\u00e9cup\u00e9r\u00e9s sont uniquement \u00e0 des fins d&#8217;information.<br \/>\nUne copie peut \u00eatre sauvegard\u00e9e ou imprim\u00e9e uniquement pour un usage personnel et ne doit pas \u00eatre reproduite sous aucune forme.<br \/>\nL&#8217;extraction d&#8217;informations des documents est strictement interdite, sauf si elle est autoris\u00e9e par la l\u00e9gislation sur les droits d&#8217;auteur et avec le consentement \u00e9crit pr\u00e9alable de DXN.<br \/>\nAucune partie des Informations ne doit \u00eatre modifi\u00e9e lorsque celles-ci doivent \u00eatre fournies \u00e0 une autre personne ou organisation sans le consentement \u00e9crit pr\u00e9alable de DXN.<br \/>\nVous \u00eates enti\u00e8rement responsable de vous assurer que le contenu et les informations publi\u00e9s sur le site web sont appropri\u00e9s, permis ou l\u00e9gaux dans le pays o\u00f9 vous r\u00e9sidez, conform\u00e9ment aux lois de votre pays de r\u00e9sidence.<\/p>\n<p><strong>Marques commerciales<\/strong><br \/>\nTous les noms commerciaux, marques commerciales, noms de services, noms de produits, informations sur les produits, adresses URL, adresses de sites web, logos, conceptions ou symboles sont la propri\u00e9t\u00e9 de DXN.<br \/>\nDXN n&#8217;autorise pas l&#8217;utilisation de ces \u00e9l\u00e9ments, \u00e0 quelque fin que ce soit et par quiconque, sans le consentement \u00e9crit pr\u00e9alable de DXN, \u00e0 l&#8217;exception des magasins et commer\u00e7ants autoris\u00e9s par DXN.<\/p>\n<p><strong>Clause de non-responsabilit\u00e9<\/strong><br \/>\nDXN ne garantit pas et n&#8217;est pas responsable de la disponibilit\u00e9 continue du service, sans interruption ni erreurs. Il peut y avoir des d\u00e9lais, des omissions, des interruptions et des inexactitudes dans le contenu, la diffusion des nouvelles, des informations et d&#8217;autres mat\u00e9riaux. DXN prendra des mesures raisonnables pour emp\u00eacher l&#8217;insertion de virus et autres \u00e9l\u00e9ments destructeurs sur son site. Cependant, DXN ne peut \u00eatre tenu responsable ni garantir que son site soit exempt de tout \u00e9l\u00e9ment destructeur, tels que des virus informatiques, des pirates ou autres sabotages techniques.<\/p>\n<h3>2. Liens depuis des sites non autoris\u00e9s par DXN<\/h3>\n<p>Les sites non autoris\u00e9s, qui ne sont pas d\u00e9tenus ni g\u00e9r\u00e9s par DXN, peuvent contenir des liens vers le site officiel de DXN. Un lien vers le site officiel de DXN ne signifie pas que DXN approuve ou accepte la responsabilit\u00e9 du contenu, de son utilisation ou des produits et services fournis par ces sites non autoris\u00e9s.<br \/>\nEn utilisant un tel lien, vous reconnaissez et acceptez que DXN ne soit en aucun cas responsable des actions, du contenu, de l&#8217;acc\u00e8s, des politiques de confidentialit\u00e9, des opinions exprim\u00e9es, des pr\u00e9sentations, des services fournis, des biens propos\u00e9s \u00e0 la vente ou des autres liens fournis sur ces sites non officiels de DXN.<\/p>\n","protected":false},"excerpt":{"rendered":"<p>1. Clause de non-responsabilit\u00e9 du site web Informations Le site web de DXN contient des informations, des donn\u00e9es, des documents, des politiques, des proc\u00e9dures, des instructions et des images (d\u00e9sign\u00e9es ci-apr\u00e8s par le terme &#8220;Informations&#8221;) qui ont \u00e9t\u00e9 cr\u00e9\u00e9es par DXN. Les &#8220;Informations&#8221; peuvent contenir des informations provenant de tiers (les &#8220;informations de tiers&#8221;) qui [&hellip;]<\/p>\n","protected":false},"author":8,"featured_media":0,"parent":0,"menu_order":0,"comment_status":"closed","ping_status":"closed","template":"terms_privacy.php","meta":{"_acf_changed":false,"footnotes":""},"class_list":["post-712","page","type-page","status-publish","hentry"],"acf":[],"_links":{"self":[{"href":"https:\/\/www.dxnwellness.eu\/es\/fr\/wp-json\/wp\/v2\/pages\/712","targetHints":{"allow":["GET"]}}],"collection":[{"href":"https:\/\/www.dxnwellness.eu\/es\/fr\/wp-json\/wp\/v2\/pages"}],"about":[{"href":"https:\/\/www.dxnwellness.eu\/es\/fr\/wp-json\/wp\/v2\/types\/page"}],"author":[{"embeddable":true,"href":"https:\/\/www.dxnwellness.eu\/es\/fr\/wp-json\/wp\/v2\/users\/8"}],"replies":[{"embeddable":true,"href":"https:\/\/www.dxnwellness.eu\/es\/fr\/wp-json\/wp\/v2\/comments?post=712"}],"version-history":[{"count":3,"href":"https:\/\/www.dxnwellness.eu\/es\/fr\/wp-json\/wp\/v2\/pages\/712\/revisions"}],"predecessor-version":[{"id":719,"href":"https:\/\/www.dxnwellness.eu\/es\/fr\/wp-json\/wp\/v2\/pages\/712\/revisions\/719"}],"wp:attachment":[{"href":"https:\/\/www.dxnwellness.eu\/es\/fr\/wp-json\/wp\/v2\/media?parent=712"}],"curies":[{"name":"wp","href":"https:\/\/api.w.org\/{rel}","templated":true}]}}