{"id":6026,"date":"2025-05-19T01:47:35","date_gmt":"2025-05-18T22:47:35","guid":{"rendered":"https:\/\/www.dxnwellness.eu\/de\/product\/dxn-kallow-summer-bling-hair-body-mist-with-aloe-hyaluronic-acid\/"},"modified":"2025-05-23T02:02:21","modified_gmt":"2025-05-22T23:02:21","slug":"dxn-kallow-summer-bling-hair-body-mist-with-aloe-hyaluronic-acid","status":"publish","type":"product","link":"https:\/\/www.dxnwellness.eu\/de\/product\/dxn-kallow-summer-bling-hair-body-mist-with-aloe-hyaluronic-acid\/","title":{"rendered":"DXN Kallow \u2013 Summer Bling Hair &amp; Body Mist with Aloe &amp; Hyaluronic Acid"},"content":{"rendered":"<p>Ein einzigartiger alkoholischer Nebel, kombiniert mit Bio-Aloe-Vera-Seife und Hyalurons\u00e4ure. Spendet Feuchtigkeit und Feuchtigkeit f\u00fcr die Haut, verleiht ihr einen strahlenden Glanz und Schimmer und sch\u00fctzt Ihre innerste Haut. Genie\u00dfen Sie die Essenz des griechischen Lebens in der sch\u00f6nsten Jahreszeit!<\/p>\n","protected":false},"excerpt":{"rendered":"<p>Ein einzigartiger alkoholischer Nebel, kombiniert mit Bio-Aloe-Vera-Seife und Hyalurons\u00e4ure. Spendet Feuchtigkeit und Feuchtigkeit f\u00fcr die Haut, verleiht ihr einen strahlenden Glanz und Schimmer und sch\u00fctzt Ihre innerste Haut. Genie\u00dfen Sie die Essenz des griechischen Lebens in der sch\u00f6nsten Jahreszeit!<\/p>\n","protected":false},"featured_media":383,"comment_status":"open","ping_status":"closed","template":"","meta":{"_acf_changed":false},"product_brand":[],"product_cat":[126],"product_tag":[],"class_list":{"0":"post-6026","1":"product","2":"type-product","3":"status-publish","4":"has-post-thumbnail","6":"product_cat-kosmetik","7":"pa_package-150ml","9":"first","10":"instock","11":"purchasable","12":"product-type-simple"},"acf":[],"_links":{"self":[{"href":"https:\/\/www.dxnwellness.eu\/de\/wp-json\/wp\/v2\/product\/6026","targetHints":{"allow":["GET"]}}],"collection":[{"href":"https:\/\/www.dxnwellness.eu\/de\/wp-json\/wp\/v2\/product"}],"about":[{"href":"https:\/\/www.dxnwellness.eu\/de\/wp-json\/wp\/v2\/types\/product"}],"replies":[{"embeddable":true,"href":"https:\/\/www.dxnwellness.eu\/de\/wp-json\/wp\/v2\/comments?post=6026"}],"wp:featuredmedia":[{"embeddable":true,"href":"https:\/\/www.dxnwellness.eu\/de\/wp-json\/wp\/v2\/media\/383"}],"wp:attachment":[{"href":"https:\/\/www.dxnwellness.eu\/de\/wp-json\/wp\/v2\/media?parent=6026"}],"wp:term":[{"taxonomy":"product_brand","embeddable":true,"href":"https:\/\/www.dxnwellness.eu\/de\/wp-json\/wp\/v2\/product_brand?post=6026"},{"taxonomy":"product_cat","embeddable":true,"href":"https:\/\/www.dxnwellness.eu\/de\/wp-json\/wp\/v2\/product_cat?post=6026"},{"taxonomy":"product_tag","embeddable":true,"href":"https:\/\/www.dxnwellness.eu\/de\/wp-json\/wp\/v2\/product_tag?post=6026"}],"curies":[{"name":"wp","href":"https:\/\/api.w.org\/{rel}","templated":true}]}}