{"id":6022,"date":"2025-05-19T01:47:32","date_gmt":"2025-05-18T22:47:32","guid":{"rendered":"https:\/\/www.dxnwellness.eu\/de\/product\/dxn-kallow-divine-men-aloe-chamomile-calming-after-shave\/"},"modified":"2025-05-23T02:02:21","modified_gmt":"2025-05-22T23:02:21","slug":"dxn-kallow-divine-men-aloe-chamomile-calming-after-shave","status":"publish","type":"product","link":"https:\/\/www.dxnwellness.eu\/de\/product\/dxn-kallow-divine-men-aloe-chamomile-calming-after-shave\/","title":{"rendered":"DXN Kallow \u2013 Divine Men Aloe &amp; Chamomile Calming After Shave"},"content":{"rendered":"<p>Balsam macht die Haut feucht und hydratisiert. Die leichte Textur des Fahrrads zieht schnell ein, reizt und sch\u00e4digt die Haut im Bereich des Displays, au\u00dfen ist dieser Bereich dezent parf\u00fcmiert. Keine Textur.<\/p>\n","protected":false},"excerpt":{"rendered":"<p>Balsam macht die Haut feucht und hydratisiert. Die leichte Textur des Fahrrads zieht schnell ein, reizt und sch\u00e4digt die Haut im Bereich des Displays, au\u00dfen ist dieser Bereich dezent parf\u00fcmiert. Keine Textur.<\/p>\n","protected":false},"featured_media":378,"comment_status":"open","ping_status":"closed","template":"","meta":{"_acf_changed":false},"product_brand":[],"product_cat":[126],"product_tag":[],"class_list":{"0":"post-6022","1":"product","2":"type-product","3":"status-publish","4":"has-post-thumbnail","6":"product_cat-kosmetik","7":"pa_package-100ml","9":"first","10":"instock","11":"purchasable","12":"product-type-simple"},"acf":[],"_links":{"self":[{"href":"https:\/\/www.dxnwellness.eu\/de\/wp-json\/wp\/v2\/product\/6022","targetHints":{"allow":["GET"]}}],"collection":[{"href":"https:\/\/www.dxnwellness.eu\/de\/wp-json\/wp\/v2\/product"}],"about":[{"href":"https:\/\/www.dxnwellness.eu\/de\/wp-json\/wp\/v2\/types\/product"}],"replies":[{"embeddable":true,"href":"https:\/\/www.dxnwellness.eu\/de\/wp-json\/wp\/v2\/comments?post=6022"}],"wp:featuredmedia":[{"embeddable":true,"href":"https:\/\/www.dxnwellness.eu\/de\/wp-json\/wp\/v2\/media\/378"}],"wp:attachment":[{"href":"https:\/\/www.dxnwellness.eu\/de\/wp-json\/wp\/v2\/media?parent=6022"}],"wp:term":[{"taxonomy":"product_brand","embeddable":true,"href":"https:\/\/www.dxnwellness.eu\/de\/wp-json\/wp\/v2\/product_brand?post=6022"},{"taxonomy":"product_cat","embeddable":true,"href":"https:\/\/www.dxnwellness.eu\/de\/wp-json\/wp\/v2\/product_cat?post=6022"},{"taxonomy":"product_tag","embeddable":true,"href":"https:\/\/www.dxnwellness.eu\/de\/wp-json\/wp\/v2\/product_tag?post=6022"}],"curies":[{"name":"wp","href":"https:\/\/api.w.org\/{rel}","templated":true}]}}