{"id":6018,"date":"2025-05-19T01:47:32","date_gmt":"2025-05-18T22:47:32","guid":{"rendered":"https:\/\/www.dxnwellness.eu\/de\/product\/dxn-kallow-natural-tanning-oil\/"},"modified":"2025-05-23T02:02:21","modified_gmt":"2025-05-22T23:02:21","slug":"dxn-kallow-natural-tanning-oil","status":"publish","type":"product","link":"https:\/\/www.dxnwellness.eu\/de\/product\/dxn-kallow-natural-tanning-oil\/","title":{"rendered":"DXN Kallow \u2013 Natural Tanning oil"},"content":{"rendered":"<p>Luxuri\u00f6ses Duschgel f\u00fcr intensive Feuchtigkeitsversorgung und Pflege. Mit preiswerten \u00d6len, beispielsweise aus Kokosn\u00fcssen, Sonnenblumen und Gew\u00fcrzen, und angereichert mit Vitamin E, wird das \u00d6l gepflegt und vor \u00e4u\u00dferen Einfl\u00fcssen gesch\u00fctzt. Oben ist die Nieselregenfarbe reduziert. Verleihen Sie Ihrem Haus mit einer gro\u00dfz\u00fcgigen Bewegung einen intensiven Farbnebel, Glanz und intensive Pflege.<\/p>\n","protected":false},"excerpt":{"rendered":"<p>Luxuri\u00f6ses Duschgel f\u00fcr intensive Feuchtigkeitsversorgung und Pflege. Mit preiswerten \u00d6len, beispielsweise aus Kokosn\u00fcssen, Sonnenblumen und Gew\u00fcrzen, und angereichert mit Vitamin E, wird das \u00d6l gepflegt und vor \u00e4u\u00dferen Einfl\u00fcssen gesch\u00fctzt. Oben ist die Nieselregenfarbe reduziert. Verleihen Sie Ihrem Haus mit einer gro\u00dfz\u00fcgigen Bewegung einen intensiven Farbnebel, Glanz und intensive Pflege.<\/p>\n","protected":false},"featured_media":376,"comment_status":"open","ping_status":"closed","template":"","meta":{"_acf_changed":false},"product_brand":[],"product_cat":[126],"product_tag":[],"class_list":{"0":"post-6018","1":"product","2":"type-product","3":"status-publish","4":"has-post-thumbnail","6":"product_cat-kosmetik","7":"pa_package-150ml","9":"first","10":"instock","11":"purchasable","12":"product-type-simple"},"acf":[],"_links":{"self":[{"href":"https:\/\/www.dxnwellness.eu\/de\/wp-json\/wp\/v2\/product\/6018","targetHints":{"allow":["GET"]}}],"collection":[{"href":"https:\/\/www.dxnwellness.eu\/de\/wp-json\/wp\/v2\/product"}],"about":[{"href":"https:\/\/www.dxnwellness.eu\/de\/wp-json\/wp\/v2\/types\/product"}],"replies":[{"embeddable":true,"href":"https:\/\/www.dxnwellness.eu\/de\/wp-json\/wp\/v2\/comments?post=6018"}],"wp:featuredmedia":[{"embeddable":true,"href":"https:\/\/www.dxnwellness.eu\/de\/wp-json\/wp\/v2\/media\/376"}],"wp:attachment":[{"href":"https:\/\/www.dxnwellness.eu\/de\/wp-json\/wp\/v2\/media?parent=6018"}],"wp:term":[{"taxonomy":"product_brand","embeddable":true,"href":"https:\/\/www.dxnwellness.eu\/de\/wp-json\/wp\/v2\/product_brand?post=6018"},{"taxonomy":"product_cat","embeddable":true,"href":"https:\/\/www.dxnwellness.eu\/de\/wp-json\/wp\/v2\/product_cat?post=6018"},{"taxonomy":"product_tag","embeddable":true,"href":"https:\/\/www.dxnwellness.eu\/de\/wp-json\/wp\/v2\/product_tag?post=6018"}],"curies":[{"name":"wp","href":"https:\/\/api.w.org\/{rel}","templated":true}]}}