{"id":6016,"date":"2025-05-19T01:47:32","date_gmt":"2025-05-18T22:47:32","guid":{"rendered":"https:\/\/www.dxnwellness.eu\/de\/product\/dxn-kallow-essential-sunscreen-emulsion-spf-30\/"},"modified":"2025-05-23T02:02:21","modified_gmt":"2025-05-22T23:02:21","slug":"dxn-kallow-essential-sunscreen-emulsion-spf-30","status":"publish","type":"product","link":"https:\/\/www.dxnwellness.eu\/de\/product\/dxn-kallow-essential-sunscreen-emulsion-spf-30\/","title":{"rendered":"DXN Kallow \u2013 Essential Sunscreen Emulsion SPF 30"},"content":{"rendered":"<p>Sonnenschutzcreme mit LSF 30 f\u00fcr das Gesicht, beschichtet mit Hyalurons\u00e4ure. Diese Vorbehandlung erfolgt mit Chlor und bietet zus\u00e4tzlichen Schutz vor der Sonne. Es sch\u00fctzt vor den sch\u00e4dlichen Auswirkungen der UV-Strahlung und bietet antioxidativen Schutz. Es enth\u00e4lt Glycerin und Vitamin E, das Feuchtigkeit spendet und der Hautalterung vorbeugt.<\/p>\n","protected":false},"excerpt":{"rendered":"<p>Sonnenschutzcreme mit LSF 30 f\u00fcr das Gesicht, beschichtet mit Hyalurons\u00e4ure. Diese Vorbehandlung erfolgt mit Chlor und bietet zus\u00e4tzlichen Schutz vor der Sonne. Es sch\u00fctzt vor den sch\u00e4dlichen Auswirkungen der UV-Strahlung und bietet antioxidativen Schutz. Es enth\u00e4lt Glycerin und Vitamin E, das Feuchtigkeit spendet und der Hautalterung vorbeugt.<\/p>\n","protected":false},"featured_media":375,"comment_status":"open","ping_status":"closed","template":"","meta":{"_acf_changed":false},"product_brand":[],"product_cat":[126],"product_tag":[],"class_list":{"0":"post-6016","1":"product","2":"type-product","3":"status-publish","4":"has-post-thumbnail","6":"product_cat-kosmetik","7":"pa_package-150ml","9":"first","10":"instock","11":"purchasable","12":"product-type-simple"},"acf":[],"_links":{"self":[{"href":"https:\/\/www.dxnwellness.eu\/de\/wp-json\/wp\/v2\/product\/6016","targetHints":{"allow":["GET"]}}],"collection":[{"href":"https:\/\/www.dxnwellness.eu\/de\/wp-json\/wp\/v2\/product"}],"about":[{"href":"https:\/\/www.dxnwellness.eu\/de\/wp-json\/wp\/v2\/types\/product"}],"replies":[{"embeddable":true,"href":"https:\/\/www.dxnwellness.eu\/de\/wp-json\/wp\/v2\/comments?post=6016"}],"wp:featuredmedia":[{"embeddable":true,"href":"https:\/\/www.dxnwellness.eu\/de\/wp-json\/wp\/v2\/media\/375"}],"wp:attachment":[{"href":"https:\/\/www.dxnwellness.eu\/de\/wp-json\/wp\/v2\/media?parent=6016"}],"wp:term":[{"taxonomy":"product_brand","embeddable":true,"href":"https:\/\/www.dxnwellness.eu\/de\/wp-json\/wp\/v2\/product_brand?post=6016"},{"taxonomy":"product_cat","embeddable":true,"href":"https:\/\/www.dxnwellness.eu\/de\/wp-json\/wp\/v2\/product_cat?post=6016"},{"taxonomy":"product_tag","embeddable":true,"href":"https:\/\/www.dxnwellness.eu\/de\/wp-json\/wp\/v2\/product_tag?post=6016"}],"curies":[{"name":"wp","href":"https:\/\/api.w.org\/{rel}","templated":true}]}}