{"id":6008,"date":"2025-05-19T01:47:32","date_gmt":"2025-05-18T22:47:32","guid":{"rendered":"https:\/\/www.dxnwellness.eu\/de\/product\/dxn-kallow-luxury-aromatic-shower-gel\/"},"modified":"2025-05-23T02:02:20","modified_gmt":"2025-05-22T23:02:20","slug":"dxn-kallow-luxury-aromatic-shower-gel","status":"publish","type":"product","link":"https:\/\/www.dxnwellness.eu\/de\/product\/dxn-kallow-luxury-aromatic-shower-gel\/","title":{"rendered":"DXN Kallow \u2013 Luxury Aromatic Shower Gel"},"content":{"rendered":"<p>Luxuri\u00f6ses, aromatisches, feuchtigkeitsspendendes Duschgel, angereichert mit Hyalurons\u00e4ure, Aloe Vera und Blatt\u00f6l. Es ist mit einem zarten und leidenschaftlichen Blumenstrau\u00df dekoriert und gereinigt, luxuri\u00f6s und luxuri\u00f6s, ideal f\u00fcr moderne Frauen, die nicht auffallen m\u00f6chten.<\/p>\n","protected":false},"excerpt":{"rendered":"<p>Luxuri\u00f6ses, aromatisches, feuchtigkeitsspendendes Duschgel, angereichert mit Hyalurons\u00e4ure, Aloe Vera und Blatt\u00f6l. Es ist mit einem zarten und leidenschaftlichen Blumenstrau\u00df dekoriert und gereinigt, luxuri\u00f6s und luxuri\u00f6s, ideal f\u00fcr moderne Frauen, die nicht auffallen m\u00f6chten.<\/p>\n","protected":false},"featured_media":371,"comment_status":"open","ping_status":"closed","template":"","meta":{"_acf_changed":false},"product_brand":[],"product_cat":[126],"product_tag":[],"class_list":{"0":"post-6008","1":"product","2":"type-product","3":"status-publish","4":"has-post-thumbnail","6":"product_cat-kosmetik","7":"pa_package-250ml","9":"first","10":"instock","11":"purchasable","12":"product-type-simple"},"acf":[],"_links":{"self":[{"href":"https:\/\/www.dxnwellness.eu\/de\/wp-json\/wp\/v2\/product\/6008","targetHints":{"allow":["GET"]}}],"collection":[{"href":"https:\/\/www.dxnwellness.eu\/de\/wp-json\/wp\/v2\/product"}],"about":[{"href":"https:\/\/www.dxnwellness.eu\/de\/wp-json\/wp\/v2\/types\/product"}],"replies":[{"embeddable":true,"href":"https:\/\/www.dxnwellness.eu\/de\/wp-json\/wp\/v2\/comments?post=6008"}],"wp:featuredmedia":[{"embeddable":true,"href":"https:\/\/www.dxnwellness.eu\/de\/wp-json\/wp\/v2\/media\/371"}],"wp:attachment":[{"href":"https:\/\/www.dxnwellness.eu\/de\/wp-json\/wp\/v2\/media?parent=6008"}],"wp:term":[{"taxonomy":"product_brand","embeddable":true,"href":"https:\/\/www.dxnwellness.eu\/de\/wp-json\/wp\/v2\/product_brand?post=6008"},{"taxonomy":"product_cat","embeddable":true,"href":"https:\/\/www.dxnwellness.eu\/de\/wp-json\/wp\/v2\/product_cat?post=6008"},{"taxonomy":"product_tag","embeddable":true,"href":"https:\/\/www.dxnwellness.eu\/de\/wp-json\/wp\/v2\/product_tag?post=6008"}],"curies":[{"name":"wp","href":"https:\/\/api.w.org\/{rel}","templated":true}]}}