{"id":6006,"date":"2025-05-19T01:47:32","date_gmt":"2025-05-18T22:47:32","guid":{"rendered":"https:\/\/www.dxnwellness.eu\/de\/product\/dxn-kallow-divine-touch-multi-purpose-dry-oil\/"},"modified":"2025-05-23T02:02:20","modified_gmt":"2025-05-22T23:02:20","slug":"dxn-kallow-divine-touch-multi-purpose-dry-oil","status":"publish","type":"product","link":"https:\/\/www.dxnwellness.eu\/de\/product\/dxn-kallow-divine-touch-multi-purpose-dry-oil\/","title":{"rendered":"DXN Kallow \u2013 Divine Touch Multi-Purpose Dry Oil"},"content":{"rendered":"<p>Das luxuri\u00f6se Mehrzweck-Trocken\u00f6l Divine Touch von DXN spendet Feuchtigkeit und sch\u00fctzt Gesicht, Haar und Kopfhaut. Es ist reich an pflanzlichen \u00d6len und Vitamin E und hat eine sehr gute Wirkung. Ein wundersch\u00f6nes Blumenbuch vor Ihrer Haust\u00fcr, verziert mit einem blumigen, luxuri\u00f6sen und charmanten Design, ideal f\u00fcr moderne Frauen, die nicht \u00fcberm\u00e4\u00dfig beeindruckt sind.<\/p>\n","protected":false},"excerpt":{"rendered":"<p>Das luxuri\u00f6se Mehrzweck-Trocken\u00f6l Divine Touch von DXN spendet Feuchtigkeit und sch\u00fctzt Gesicht, Haar und Kopfhaut. Es ist reich an pflanzlichen \u00d6len und Vitamin E und hat eine sehr gute Wirkung. Ein wundersch\u00f6nes Blumenbuch vor Ihrer Haust\u00fcr, verziert mit einem blumigen, luxuri\u00f6sen und charmanten Design, ideal f\u00fcr moderne Frauen, die nicht \u00fcberm\u00e4\u00dfig beeindruckt sind.<\/p>\n","protected":false},"featured_media":370,"comment_status":"open","ping_status":"closed","template":"","meta":{"_acf_changed":false},"product_brand":[],"product_cat":[126],"product_tag":[],"class_list":{"0":"post-6006","1":"product","2":"type-product","3":"status-publish","4":"has-post-thumbnail","6":"product_cat-kosmetik","7":"pa_package-100ml","9":"first","10":"instock","11":"purchasable","12":"product-type-simple"},"acf":[],"_links":{"self":[{"href":"https:\/\/www.dxnwellness.eu\/de\/wp-json\/wp\/v2\/product\/6006","targetHints":{"allow":["GET"]}}],"collection":[{"href":"https:\/\/www.dxnwellness.eu\/de\/wp-json\/wp\/v2\/product"}],"about":[{"href":"https:\/\/www.dxnwellness.eu\/de\/wp-json\/wp\/v2\/types\/product"}],"replies":[{"embeddable":true,"href":"https:\/\/www.dxnwellness.eu\/de\/wp-json\/wp\/v2\/comments?post=6006"}],"wp:featuredmedia":[{"embeddable":true,"href":"https:\/\/www.dxnwellness.eu\/de\/wp-json\/wp\/v2\/media\/370"}],"wp:attachment":[{"href":"https:\/\/www.dxnwellness.eu\/de\/wp-json\/wp\/v2\/media?parent=6006"}],"wp:term":[{"taxonomy":"product_brand","embeddable":true,"href":"https:\/\/www.dxnwellness.eu\/de\/wp-json\/wp\/v2\/product_brand?post=6006"},{"taxonomy":"product_cat","embeddable":true,"href":"https:\/\/www.dxnwellness.eu\/de\/wp-json\/wp\/v2\/product_cat?post=6006"},{"taxonomy":"product_tag","embeddable":true,"href":"https:\/\/www.dxnwellness.eu\/de\/wp-json\/wp\/v2\/product_tag?post=6006"}],"curies":[{"name":"wp","href":"https:\/\/api.w.org\/{rel}","templated":true}]}}