{"id":6004,"date":"2025-05-19T01:47:32","date_gmt":"2025-05-18T22:47:32","guid":{"rendered":"https:\/\/www.dxnwellness.eu\/de\/product\/dxn-kallow-divine-touch-nourishing-night-oil\/"},"modified":"2025-05-23T02:02:20","modified_gmt":"2025-05-22T23:02:20","slug":"dxn-kallow-divine-touch-nourishing-night-oil","status":"publish","type":"product","link":"https:\/\/www.dxnwellness.eu\/de\/product\/dxn-kallow-divine-touch-nourishing-night-oil\/","title":{"rendered":"DXN Kallow \u2013 Divine Touch Nourishing Night Oil"},"content":{"rendered":"<p>Das wunderbar kraftvolle, pflegende Nachtschattengew\u00e4chs \u201eDivine Touch\u201c von DXN ist ideal f\u00fcr die n\u00e4chtliche Hautpflege und enth\u00e4lt eine hervorragende Kombination aus kosteng\u00fcnstigen nat\u00fcrlichen \u00d6len, Aprikosen, Avocado, Argan\u00f6l, Sacha-Weihrauch und den Vitaminen E, C und F f\u00fcr eine sch\u00fctzende, Anti-Falten- und Anti-Aging-Wirkung. F\u00fcr ein strahlendes und gl\u00e4nzendes Gesicht.<\/p>\n","protected":false},"excerpt":{"rendered":"<p>Das wunderbar kraftvolle, pflegende Nachtschattengew\u00e4chs \u201eDivine Touch\u201c von DXN ist ideal f\u00fcr die n\u00e4chtliche Hautpflege und enth\u00e4lt eine hervorragende Kombination aus kosteng\u00fcnstigen nat\u00fcrlichen \u00d6len, Aprikosen, Avocado, Argan\u00f6l, Sacha-Weihrauch und den Vitaminen E, C und F f\u00fcr eine sch\u00fctzende, Anti-Falten- und Anti-Aging-Wirkung. F\u00fcr ein strahlendes und gl\u00e4nzendes Gesicht.<\/p>\n","protected":false},"featured_media":367,"comment_status":"open","ping_status":"closed","template":"","meta":{"_acf_changed":false},"product_brand":[],"product_cat":[126],"product_tag":[],"class_list":{"0":"post-6004","1":"product","2":"type-product","3":"status-publish","4":"has-post-thumbnail","6":"product_cat-kosmetik","7":"pa_package-30ml","9":"first","10":"instock","11":"purchasable","12":"product-type-simple"},"acf":[],"_links":{"self":[{"href":"https:\/\/www.dxnwellness.eu\/de\/wp-json\/wp\/v2\/product\/6004","targetHints":{"allow":["GET"]}}],"collection":[{"href":"https:\/\/www.dxnwellness.eu\/de\/wp-json\/wp\/v2\/product"}],"about":[{"href":"https:\/\/www.dxnwellness.eu\/de\/wp-json\/wp\/v2\/types\/product"}],"replies":[{"embeddable":true,"href":"https:\/\/www.dxnwellness.eu\/de\/wp-json\/wp\/v2\/comments?post=6004"}],"wp:featuredmedia":[{"embeddable":true,"href":"https:\/\/www.dxnwellness.eu\/de\/wp-json\/wp\/v2\/media\/367"}],"wp:attachment":[{"href":"https:\/\/www.dxnwellness.eu\/de\/wp-json\/wp\/v2\/media?parent=6004"}],"wp:term":[{"taxonomy":"product_brand","embeddable":true,"href":"https:\/\/www.dxnwellness.eu\/de\/wp-json\/wp\/v2\/product_brand?post=6004"},{"taxonomy":"product_cat","embeddable":true,"href":"https:\/\/www.dxnwellness.eu\/de\/wp-json\/wp\/v2\/product_cat?post=6004"},{"taxonomy":"product_tag","embeddable":true,"href":"https:\/\/www.dxnwellness.eu\/de\/wp-json\/wp\/v2\/product_tag?post=6004"}],"curies":[{"name":"wp","href":"https:\/\/api.w.org\/{rel}","templated":true}]}}