{"id":6002,"date":"2025-05-19T01:47:32","date_gmt":"2025-05-18T22:47:32","guid":{"rendered":"https:\/\/www.dxnwellness.eu\/de\/product\/dxn-kallow-divine-touch-lifting-impact-face-cream\/"},"modified":"2025-05-23T02:02:20","modified_gmt":"2025-05-22T23:02:20","slug":"dxn-kallow-divine-touch-lifting-impact-face-cream","status":"publish","type":"product","link":"https:\/\/www.dxnwellness.eu\/de\/product\/dxn-kallow-divine-touch-lifting-impact-face-cream\/","title":{"rendered":"DXN Kallow \u2013 Divine Touch Lifting Impact Face Cream"},"content":{"rendered":"<p>Die wunderbare Instant-Lifting-Creme \u201eDivine Touch\u201c von DXN wirkt wahre Wunder. Die Gesichtskonturen sind geformt und Ihr K\u00f6rper muss jung aussehen. Diese Creme hat einen Lifting-Effekt, spendet Feuchtigkeit und pflegt die Haut. Die raue Textur erinnert an die Haut und macht sie klebrig. Es besteht aus Peptiden, Fr\u00fchlingszwiebelzellen, Avocado\u00f6l, Aprikosen\u00f6l, Argan\u00f6l, einem Komplex aus den Vitaminen A, E, F und C mit starker antioxidativer Wirkung, der hilft, das Auftreten von Speise\u00f6len und Kollagenprodukten zu reduzieren. Diese Modelliercreme verbessert die Gesichtskontur, schafft Volumen und reduziert das Erscheinungsbild feiner Linien. Den K\u00f6rper intensiv ern\u00e4hren.<\/p>\n","protected":false},"excerpt":{"rendered":"<p>Die wunderbare Instant-Lifting-Creme \u201eDivine Touch\u201c von DXN wirkt wahre Wunder. Die Gesichtskonturen sind geformt und Ihr K\u00f6rper muss jung aussehen. Diese Creme hat einen Lifting-Effekt, spendet Feuchtigkeit und pflegt die Haut. Die raue Textur erinnert an die Haut und macht sie klebrig. Es besteht aus Peptiden, Fr\u00fchlingszwiebelzellen, Avocado\u00f6l, Aprikosen\u00f6l, Argan\u00f6l, einem Komplex aus den Vitaminen [&hellip;]<\/p>\n","protected":false},"featured_media":364,"comment_status":"open","ping_status":"closed","template":"","meta":{"_acf_changed":false},"product_brand":[],"product_cat":[126],"product_tag":[],"class_list":{"0":"post-6002","1":"product","2":"type-product","3":"status-publish","4":"has-post-thumbnail","6":"product_cat-kosmetik","7":"pa_package-50ml","9":"first","10":"instock","11":"purchasable","12":"product-type-simple"},"acf":[],"_links":{"self":[{"href":"https:\/\/www.dxnwellness.eu\/de\/wp-json\/wp\/v2\/product\/6002","targetHints":{"allow":["GET"]}}],"collection":[{"href":"https:\/\/www.dxnwellness.eu\/de\/wp-json\/wp\/v2\/product"}],"about":[{"href":"https:\/\/www.dxnwellness.eu\/de\/wp-json\/wp\/v2\/types\/product"}],"replies":[{"embeddable":true,"href":"https:\/\/www.dxnwellness.eu\/de\/wp-json\/wp\/v2\/comments?post=6002"}],"wp:featuredmedia":[{"embeddable":true,"href":"https:\/\/www.dxnwellness.eu\/de\/wp-json\/wp\/v2\/media\/364"}],"wp:attachment":[{"href":"https:\/\/www.dxnwellness.eu\/de\/wp-json\/wp\/v2\/media?parent=6002"}],"wp:term":[{"taxonomy":"product_brand","embeddable":true,"href":"https:\/\/www.dxnwellness.eu\/de\/wp-json\/wp\/v2\/product_brand?post=6002"},{"taxonomy":"product_cat","embeddable":true,"href":"https:\/\/www.dxnwellness.eu\/de\/wp-json\/wp\/v2\/product_cat?post=6002"},{"taxonomy":"product_tag","embeddable":true,"href":"https:\/\/www.dxnwellness.eu\/de\/wp-json\/wp\/v2\/product_tag?post=6002"}],"curies":[{"name":"wp","href":"https:\/\/api.w.org\/{rel}","templated":true}]}}