{"id":6000,"date":"2025-05-19T01:47:32","date_gmt":"2025-05-18T22:47:32","guid":{"rendered":"https:\/\/www.dxnwellness.eu\/de\/product\/dxn-kallow-divine-touch-lifting-impact-face-serum\/"},"modified":"2025-05-23T02:02:20","modified_gmt":"2025-05-22T23:02:20","slug":"dxn-kallow-divine-touch-lifting-impact-face-serum","status":"publish","type":"product","link":"https:\/\/www.dxnwellness.eu\/de\/product\/dxn-kallow-divine-touch-lifting-impact-face-serum\/","title":{"rendered":"DXN Kallow \u2013 Divine Touch Lifting Impact Face Serum"},"content":{"rendered":"<p>DXNs \u201eDivine\u201c Anti-Aging-Serum mit essentiellen Zellen f\u00fcr Gesicht, Hals und Dekollet\u00e9. Dank der Wirkstoffe, wie beispielsweise fortschrittlichen Anti-Falten-Peptiden, Hyalurons\u00e4ure, einem Komplex aus Vitamin E, C, F, Retinol A und nat\u00fcrlichen Biosacchariden, sch\u00fctzt und pflegt es die Haut, wodurch die Haut wunderbar gepflegt und n\u00e4hrt wird. Die Gesichtskonturen verschwimmen und das Haar verliert an Vitalit\u00e4t und Kraft. Vielen Dank f\u00fcr die hervorragende Arbeit des Vitamin C, das sowohl wirksam als auch effektiv ist und Ihre Haut vor freien Radikalen sch\u00fctzt und Ihnen t\u00e4glich von den Vorteilen dieses Vitamins profitiert. Zeichnen Sie auf die hintere Linie und heben Sie sie vom oberen Augenlid an.<\/p>\n","protected":false},"excerpt":{"rendered":"<p>DXNs \u201eDivine\u201c Anti-Aging-Serum mit essentiellen Zellen f\u00fcr Gesicht, Hals und Dekollet\u00e9. Dank der Wirkstoffe, wie beispielsweise fortschrittlichen Anti-Falten-Peptiden, Hyalurons\u00e4ure, einem Komplex aus Vitamin E, C, F, Retinol A und nat\u00fcrlichen Biosacchariden, sch\u00fctzt und pflegt es die Haut, wodurch die Haut wunderbar gepflegt und n\u00e4hrt wird. Die Gesichtskonturen verschwimmen und das Haar verliert an Vitalit\u00e4t und [&hellip;]<\/p>\n","protected":false},"featured_media":361,"comment_status":"open","ping_status":"closed","template":"","meta":{"_acf_changed":false},"product_brand":[],"product_cat":[126],"product_tag":[],"class_list":{"0":"post-6000","1":"product","2":"type-product","3":"status-publish","4":"has-post-thumbnail","6":"product_cat-kosmetik","7":"pa_package-30ml","9":"first","10":"instock","11":"purchasable","12":"product-type-simple"},"acf":[],"_links":{"self":[{"href":"https:\/\/www.dxnwellness.eu\/de\/wp-json\/wp\/v2\/product\/6000","targetHints":{"allow":["GET"]}}],"collection":[{"href":"https:\/\/www.dxnwellness.eu\/de\/wp-json\/wp\/v2\/product"}],"about":[{"href":"https:\/\/www.dxnwellness.eu\/de\/wp-json\/wp\/v2\/types\/product"}],"replies":[{"embeddable":true,"href":"https:\/\/www.dxnwellness.eu\/de\/wp-json\/wp\/v2\/comments?post=6000"}],"wp:featuredmedia":[{"embeddable":true,"href":"https:\/\/www.dxnwellness.eu\/de\/wp-json\/wp\/v2\/media\/361"}],"wp:attachment":[{"href":"https:\/\/www.dxnwellness.eu\/de\/wp-json\/wp\/v2\/media?parent=6000"}],"wp:term":[{"taxonomy":"product_brand","embeddable":true,"href":"https:\/\/www.dxnwellness.eu\/de\/wp-json\/wp\/v2\/product_brand?post=6000"},{"taxonomy":"product_cat","embeddable":true,"href":"https:\/\/www.dxnwellness.eu\/de\/wp-json\/wp\/v2\/product_cat?post=6000"},{"taxonomy":"product_tag","embeddable":true,"href":"https:\/\/www.dxnwellness.eu\/de\/wp-json\/wp\/v2\/product_tag?post=6000"}],"curies":[{"name":"wp","href":"https:\/\/api.w.org\/{rel}","templated":true}]}}