{"id":5998,"date":"2025-05-19T01:47:32","date_gmt":"2025-05-18T22:47:32","guid":{"rendered":"https:\/\/www.dxnwellness.eu\/de\/product\/dxn-kallow-divine-touch-lifting-impact-eye-cream\/"},"modified":"2025-05-23T02:02:20","modified_gmt":"2025-05-22T23:02:20","slug":"dxn-kallow-divine-touch-lifting-impact-eye-cream","status":"publish","type":"product","link":"https:\/\/www.dxnwellness.eu\/de\/product\/dxn-kallow-divine-touch-lifting-impact-eye-cream\/","title":{"rendered":"DXN Kallow \u2013 Divine Touch Lifting Impact Eye Cream"},"content":{"rendered":"<p>Die Divine Touch Instant Lifting Eye Cream von DXN ist ein Wunderprodukt im Tiegel. Eine Augencreme pflegt und lindert Augenringe, feine Linien und Anzeichen von M\u00fcdigkeit. Es ist deutlich und richtig von der Spannung des oberen Augenlids zu unterscheiden. Die verwendete Hyalurons\u00e4ure gleicht Hydrolipide aus und hilft, die Haut zu gl\u00e4tten. Sie enth\u00e4lt die Vitamine C, E, A, Koffein und antioxidative Polyphenole aus gr\u00fcnem Tee, die aktivsten Inhaltsstoffe f\u00fcr die nicht-medizinischen Inhaltsstoffe Ihrer Haut. Sie schaukeln, baumeln und machen die Haut krause und wackelig, lockern die W\u00e4nde, belasten die Nerven und vermindern die Mikrozirkulation.<\/p>\n","protected":false},"excerpt":{"rendered":"<p>Die Divine Touch Instant Lifting Eye Cream von DXN ist ein Wunderprodukt im Tiegel. Eine Augencreme pflegt und lindert Augenringe, feine Linien und Anzeichen von M\u00fcdigkeit. Es ist deutlich und richtig von der Spannung des oberen Augenlids zu unterscheiden. Die verwendete Hyalurons\u00e4ure gleicht Hydrolipide aus und hilft, die Haut zu gl\u00e4tten. Sie enth\u00e4lt die Vitamine [&hellip;]<\/p>\n","protected":false},"featured_media":358,"comment_status":"open","ping_status":"closed","template":"","meta":{"_acf_changed":false},"product_brand":[],"product_cat":[126],"product_tag":[],"class_list":{"0":"post-5998","1":"product","2":"type-product","3":"status-publish","4":"has-post-thumbnail","6":"product_cat-kosmetik","7":"pa_package-15ml","9":"first","10":"instock","11":"purchasable","12":"product-type-simple"},"acf":[],"_links":{"self":[{"href":"https:\/\/www.dxnwellness.eu\/de\/wp-json\/wp\/v2\/product\/5998","targetHints":{"allow":["GET"]}}],"collection":[{"href":"https:\/\/www.dxnwellness.eu\/de\/wp-json\/wp\/v2\/product"}],"about":[{"href":"https:\/\/www.dxnwellness.eu\/de\/wp-json\/wp\/v2\/types\/product"}],"replies":[{"embeddable":true,"href":"https:\/\/www.dxnwellness.eu\/de\/wp-json\/wp\/v2\/comments?post=5998"}],"wp:featuredmedia":[{"embeddable":true,"href":"https:\/\/www.dxnwellness.eu\/de\/wp-json\/wp\/v2\/media\/358"}],"wp:attachment":[{"href":"https:\/\/www.dxnwellness.eu\/de\/wp-json\/wp\/v2\/media?parent=5998"}],"wp:term":[{"taxonomy":"product_brand","embeddable":true,"href":"https:\/\/www.dxnwellness.eu\/de\/wp-json\/wp\/v2\/product_brand?post=5998"},{"taxonomy":"product_cat","embeddable":true,"href":"https:\/\/www.dxnwellness.eu\/de\/wp-json\/wp\/v2\/product_cat?post=5998"},{"taxonomy":"product_tag","embeddable":true,"href":"https:\/\/www.dxnwellness.eu\/de\/wp-json\/wp\/v2\/product_tag?post=5998"}],"curies":[{"name":"wp","href":"https:\/\/api.w.org\/{rel}","templated":true}]}}