{"id":5996,"date":"2025-05-19T01:47:32","date_gmt":"2025-05-18T22:47:32","guid":{"rendered":"https:\/\/www.dxnwellness.eu\/de\/product\/dxn-kallow-high-protection-face-sunscreen-spf-50\/"},"modified":"2025-05-23T02:02:20","modified_gmt":"2025-05-22T23:02:20","slug":"dxn-kallow-high-protection-face-sunscreen-spf-50","status":"publish","type":"product","link":"https:\/\/www.dxnwellness.eu\/de\/product\/dxn-kallow-high-protection-face-sunscreen-spf-50\/","title":{"rendered":"DXN Kallow \u2013 High Protection Face Sunscreen SPF 50"},"content":{"rendered":"<p>Feuchtigkeitsspendende Gesichtscreme mit hohem Schutzfaktor, reich an Hyalurons\u00e4ure und Vitamin E. Sie zieht beim Auftragen auf die Haut perfekt ein, wird dort freigelegt und mit Feuchtigkeit versorgt. Sollte die Wand im gro\u00dfen Haus die nat\u00fcrliche Quelle f\u00fcr den Hausm\u00fcll sein? Es spendet Feuchtigkeit, sch\u00fctzt die Haut optimal und bietet Schutz.<\/p>\n","protected":false},"excerpt":{"rendered":"<p>Feuchtigkeitsspendende Gesichtscreme mit hohem Schutzfaktor, reich an Hyalurons\u00e4ure und Vitamin E. Sie zieht beim Auftragen auf die Haut perfekt ein, wird dort freigelegt und mit Feuchtigkeit versorgt. Sollte die Wand im gro\u00dfen Haus die nat\u00fcrliche Quelle f\u00fcr den Hausm\u00fcll sein? Es spendet Feuchtigkeit, sch\u00fctzt die Haut optimal und bietet Schutz.<\/p>\n","protected":false},"featured_media":355,"comment_status":"open","ping_status":"closed","template":"","meta":{"_acf_changed":false},"product_brand":[],"product_cat":[126],"product_tag":[],"class_list":{"0":"post-5996","1":"product","2":"type-product","3":"status-publish","4":"has-post-thumbnail","6":"product_cat-kosmetik","7":"pa_package-50ml","9":"first","10":"instock","11":"purchasable","12":"product-type-simple"},"acf":[],"_links":{"self":[{"href":"https:\/\/www.dxnwellness.eu\/de\/wp-json\/wp\/v2\/product\/5996","targetHints":{"allow":["GET"]}}],"collection":[{"href":"https:\/\/www.dxnwellness.eu\/de\/wp-json\/wp\/v2\/product"}],"about":[{"href":"https:\/\/www.dxnwellness.eu\/de\/wp-json\/wp\/v2\/types\/product"}],"replies":[{"embeddable":true,"href":"https:\/\/www.dxnwellness.eu\/de\/wp-json\/wp\/v2\/comments?post=5996"}],"wp:featuredmedia":[{"embeddable":true,"href":"https:\/\/www.dxnwellness.eu\/de\/wp-json\/wp\/v2\/media\/355"}],"wp:attachment":[{"href":"https:\/\/www.dxnwellness.eu\/de\/wp-json\/wp\/v2\/media?parent=5996"}],"wp:term":[{"taxonomy":"product_brand","embeddable":true,"href":"https:\/\/www.dxnwellness.eu\/de\/wp-json\/wp\/v2\/product_brand?post=5996"},{"taxonomy":"product_cat","embeddable":true,"href":"https:\/\/www.dxnwellness.eu\/de\/wp-json\/wp\/v2\/product_cat?post=5996"},{"taxonomy":"product_tag","embeddable":true,"href":"https:\/\/www.dxnwellness.eu\/de\/wp-json\/wp\/v2\/product_tag?post=5996"}],"curies":[{"name":"wp","href":"https:\/\/api.w.org\/{rel}","templated":true}]}}