{"id":5992,"date":"2025-05-19T01:47:32","date_gmt":"2025-05-18T22:47:32","guid":{"rendered":"https:\/\/www.dxnwellness.eu\/de\/product\/dxn-kallow-sage-witch-hazel-micellar-cleansing-tonic-water\/"},"modified":"2025-05-23T02:02:20","modified_gmt":"2025-05-22T23:02:20","slug":"dxn-kallow-sage-witch-hazel-micellar-cleansing-tonic-water","status":"publish","type":"product","link":"https:\/\/www.dxnwellness.eu\/de\/product\/dxn-kallow-sage-witch-hazel-micellar-cleansing-tonic-water\/","title":{"rendered":"DXN Kallow \u2013 Sage &amp; Witch Hazel Micellar Cleansing Tonic Water"},"content":{"rendered":"<p>Wirksames Mizellen-Reinigungswasser mit Schmutz und Feuchtigkeit f\u00fcr eine sehr gr\u00fcndliche Reinigung, spendet der Oberfl\u00e4che starke Feuchtigkeit, Anti-Aging und sch\u00fctzt vor Sch\u00e4den. Es handelt sich um ein spezielles Konzept f\u00fcr die Opfer der Krankheit, die t\u00e4glich von den verantwortlichen Faktoren der Stadt \u201ebombardiert\u201c wird. Antibakteriell, antioxidativ und gesunde Haut. Es wird t\u00e4glich gereinigt, mattiert und ges\u00e4ubert, inklusive Make-up, aus dem Gesicht und von den Augen, ohne dass man sich darum k\u00fcmmern muss. Ideal zum Entfernen von Make-up.<\/p>\n","protected":false},"excerpt":{"rendered":"<p>Wirksames Mizellen-Reinigungswasser mit Schmutz und Feuchtigkeit f\u00fcr eine sehr gr\u00fcndliche Reinigung, spendet der Oberfl\u00e4che starke Feuchtigkeit, Anti-Aging und sch\u00fctzt vor Sch\u00e4den. Es handelt sich um ein spezielles Konzept f\u00fcr die Opfer der Krankheit, die t\u00e4glich von den verantwortlichen Faktoren der Stadt \u201ebombardiert\u201c wird. Antibakteriell, antioxidativ und gesunde Haut. Es wird t\u00e4glich gereinigt, mattiert und ges\u00e4ubert, [&hellip;]<\/p>\n","protected":false},"featured_media":353,"comment_status":"open","ping_status":"closed","template":"","meta":{"_acf_changed":false},"product_brand":[],"product_cat":[126],"product_tag":[],"class_list":{"0":"post-5992","1":"product","2":"type-product","3":"status-publish","4":"has-post-thumbnail","6":"product_cat-kosmetik","7":"pa_package-200ml","9":"first","10":"instock","11":"purchasable","12":"product-type-simple"},"acf":[],"_links":{"self":[{"href":"https:\/\/www.dxnwellness.eu\/de\/wp-json\/wp\/v2\/product\/5992","targetHints":{"allow":["GET"]}}],"collection":[{"href":"https:\/\/www.dxnwellness.eu\/de\/wp-json\/wp\/v2\/product"}],"about":[{"href":"https:\/\/www.dxnwellness.eu\/de\/wp-json\/wp\/v2\/types\/product"}],"replies":[{"embeddable":true,"href":"https:\/\/www.dxnwellness.eu\/de\/wp-json\/wp\/v2\/comments?post=5992"}],"wp:featuredmedia":[{"embeddable":true,"href":"https:\/\/www.dxnwellness.eu\/de\/wp-json\/wp\/v2\/media\/353"}],"wp:attachment":[{"href":"https:\/\/www.dxnwellness.eu\/de\/wp-json\/wp\/v2\/media?parent=5992"}],"wp:term":[{"taxonomy":"product_brand","embeddable":true,"href":"https:\/\/www.dxnwellness.eu\/de\/wp-json\/wp\/v2\/product_brand?post=5992"},{"taxonomy":"product_cat","embeddable":true,"href":"https:\/\/www.dxnwellness.eu\/de\/wp-json\/wp\/v2\/product_cat?post=5992"},{"taxonomy":"product_tag","embeddable":true,"href":"https:\/\/www.dxnwellness.eu\/de\/wp-json\/wp\/v2\/product_tag?post=5992"}],"curies":[{"name":"wp","href":"https:\/\/api.w.org\/{rel}","templated":true}]}}