{"id":5990,"date":"2025-05-19T01:47:32","date_gmt":"2025-05-18T22:47:32","guid":{"rendered":"https:\/\/www.dxnwellness.eu\/de\/product\/dxn-kallow-argan-grapeseed-oil-hydrating-face-cream\/"},"modified":"2025-05-23T02:02:20","modified_gmt":"2025-05-22T23:02:20","slug":"dxn-kallow-argan-grapeseed-oil-hydrating-face-cream","status":"publish","type":"product","link":"https:\/\/www.dxnwellness.eu\/de\/product\/dxn-kallow-argan-grapeseed-oil-hydrating-face-cream\/","title":{"rendered":"DXN Kallow \u2013 Argan &amp; Grapeseed Oil Hydrating Face Cream"},"content":{"rendered":"<p>Eine leichte, superabsorbierende Creme, die tiefenwirksam n\u00e4hrt und t\u00e4glich Feuchtigkeit spendet. Die kraftvolle Kombination aus Hyalurons\u00e4ure, Argan\u00f6l und dem Antioxidans Vitamin E steigert die Kollagenproduktion, f\u00f6rdert die Elastizit\u00e4t, sch\u00fctzt die Haut vor reizenden Stoffen und sorgt f\u00fcr optimale Feuchtigkeitsversorgung.<\/p>\n","protected":false},"excerpt":{"rendered":"<p>Eine leichte, superabsorbierende Creme, die tiefenwirksam n\u00e4hrt und t\u00e4glich Feuchtigkeit spendet. Die kraftvolle Kombination aus Hyalurons\u00e4ure, Argan\u00f6l und dem Antioxidans Vitamin E steigert die Kollagenproduktion, f\u00f6rdert die Elastizit\u00e4t, sch\u00fctzt die Haut vor reizenden Stoffen und sorgt f\u00fcr optimale Feuchtigkeitsversorgung.<\/p>\n","protected":false},"featured_media":350,"comment_status":"open","ping_status":"closed","template":"","meta":{"_acf_changed":false},"product_brand":[],"product_cat":[126],"product_tag":[],"class_list":{"0":"post-5990","1":"product","2":"type-product","3":"status-publish","4":"has-post-thumbnail","6":"product_cat-kosmetik","7":"pa_package-50ml","9":"first","10":"instock","11":"purchasable","12":"product-type-simple"},"acf":[],"_links":{"self":[{"href":"https:\/\/www.dxnwellness.eu\/de\/wp-json\/wp\/v2\/product\/5990","targetHints":{"allow":["GET"]}}],"collection":[{"href":"https:\/\/www.dxnwellness.eu\/de\/wp-json\/wp\/v2\/product"}],"about":[{"href":"https:\/\/www.dxnwellness.eu\/de\/wp-json\/wp\/v2\/types\/product"}],"replies":[{"embeddable":true,"href":"https:\/\/www.dxnwellness.eu\/de\/wp-json\/wp\/v2\/comments?post=5990"}],"wp:featuredmedia":[{"embeddable":true,"href":"https:\/\/www.dxnwellness.eu\/de\/wp-json\/wp\/v2\/media\/350"}],"wp:attachment":[{"href":"https:\/\/www.dxnwellness.eu\/de\/wp-json\/wp\/v2\/media?parent=5990"}],"wp:term":[{"taxonomy":"product_brand","embeddable":true,"href":"https:\/\/www.dxnwellness.eu\/de\/wp-json\/wp\/v2\/product_brand?post=5990"},{"taxonomy":"product_cat","embeddable":true,"href":"https:\/\/www.dxnwellness.eu\/de\/wp-json\/wp\/v2\/product_cat?post=5990"},{"taxonomy":"product_tag","embeddable":true,"href":"https:\/\/www.dxnwellness.eu\/de\/wp-json\/wp\/v2\/product_tag?post=5990"}],"curies":[{"name":"wp","href":"https:\/\/api.w.org\/{rel}","templated":true}]}}