{"id":5986,"date":"2025-05-19T01:47:32","date_gmt":"2025-05-18T22:47:32","guid":{"rendered":"https:\/\/www.dxnwellness.eu\/de\/product\/dxn-kallow-aloe-chamomile-instant-foaming-cleanser\/"},"modified":"2025-05-23T02:02:20","modified_gmt":"2025-05-22T23:02:20","slug":"dxn-kallow-aloe-chamomile-instant-foaming-cleanser","status":"publish","type":"product","link":"https:\/\/www.dxnwellness.eu\/de\/product\/dxn-kallow-aloe-chamomile-instant-foaming-cleanser\/","title":{"rendered":"DXN Kallow \u2013 Aloe &amp; Chamomile Instant Foaming Cleanser"},"content":{"rendered":"<p>Ein sauberer, trockener Gesichtsreiniger mit Aloe Vera und Kamille, Inhaltsstoffen, die f\u00fcr die Heilung Ihrer eigenen Gesundheit unerl\u00e4sslich sind. Der T\u00fcrtrockner befindet sich im T\u00fcrrahmen des Hauses und dient zur gr\u00fcndlichen Reinigung der T\u00fcr und zum Entfernen von R\u00fcckst\u00e4nden ohne Ausbau der T\u00fcr. Die Inhaltsstoffe wirken stark antioxidativ und beruhigend und sind f\u00fcr jeden Hauttyp geeignet. Es reduziert Reizungen und f\u00fchrt zur Hydratisierung und Schwellung.<\/p>\n","protected":false},"excerpt":{"rendered":"<p>Ein sauberer, trockener Gesichtsreiniger mit Aloe Vera und Kamille, Inhaltsstoffen, die f\u00fcr die Heilung Ihrer eigenen Gesundheit unerl\u00e4sslich sind. Der T\u00fcrtrockner befindet sich im T\u00fcrrahmen des Hauses und dient zur gr\u00fcndlichen Reinigung der T\u00fcr und zum Entfernen von R\u00fcckst\u00e4nden ohne Ausbau der T\u00fcr. Die Inhaltsstoffe wirken stark antioxidativ und beruhigend und sind f\u00fcr jeden Hauttyp [&hellip;]<\/p>\n","protected":false},"featured_media":346,"comment_status":"open","ping_status":"closed","template":"","meta":{"_acf_changed":false},"product_brand":[],"product_cat":[126],"product_tag":[],"class_list":{"0":"post-5986","1":"product","2":"type-product","3":"status-publish","4":"has-post-thumbnail","6":"product_cat-kosmetik","7":"pa_package-150ml","9":"first","10":"instock","11":"purchasable","12":"product-type-simple"},"acf":[],"_links":{"self":[{"href":"https:\/\/www.dxnwellness.eu\/de\/wp-json\/wp\/v2\/product\/5986","targetHints":{"allow":["GET"]}}],"collection":[{"href":"https:\/\/www.dxnwellness.eu\/de\/wp-json\/wp\/v2\/product"}],"about":[{"href":"https:\/\/www.dxnwellness.eu\/de\/wp-json\/wp\/v2\/types\/product"}],"replies":[{"embeddable":true,"href":"https:\/\/www.dxnwellness.eu\/de\/wp-json\/wp\/v2\/comments?post=5986"}],"wp:featuredmedia":[{"embeddable":true,"href":"https:\/\/www.dxnwellness.eu\/de\/wp-json\/wp\/v2\/media\/346"}],"wp:attachment":[{"href":"https:\/\/www.dxnwellness.eu\/de\/wp-json\/wp\/v2\/media?parent=5986"}],"wp:term":[{"taxonomy":"product_brand","embeddable":true,"href":"https:\/\/www.dxnwellness.eu\/de\/wp-json\/wp\/v2\/product_brand?post=5986"},{"taxonomy":"product_cat","embeddable":true,"href":"https:\/\/www.dxnwellness.eu\/de\/wp-json\/wp\/v2\/product_cat?post=5986"},{"taxonomy":"product_tag","embeddable":true,"href":"https:\/\/www.dxnwellness.eu\/de\/wp-json\/wp\/v2\/product_tag?post=5986"}],"curies":[{"name":"wp","href":"https:\/\/api.w.org\/{rel}","templated":true}]}}