{"id":5984,"date":"2025-05-19T01:47:32","date_gmt":"2025-05-18T22:47:32","guid":{"rendered":"https:\/\/www.dxnwellness.eu\/de\/product\/dxn-chubby-baby-oil\/"},"modified":"2025-05-23T02:02:20","modified_gmt":"2025-05-22T23:02:20","slug":"dxn-chubby-baby-oil","status":"publish","type":"product","link":"https:\/\/www.dxnwellness.eu\/de\/product\/dxn-chubby-baby-oil\/","title":{"rendered":"DXN Chubby Baby Oil"},"content":{"rendered":"<p>Verw\u00f6hnen Sie Ihren Kleinen mit DXN Chubby Baby Oil, gemischt mit Sonnenblumen\u00f6l und einer Mischung aus mehreren pflanzlichen Inhaltsstoffen, darunter Chrysanthemum indicum-Bl\u00fctenextrakt, Zoster-Extrakt, Sophora angustifolia-Extrakt und Angelica gigas-Extrakt. Dieses feuchtigkeitsspendende \u00d6l wurde speziell entwickelt, um die Feuchtigkeit der Haut, insbesondere auf der Haut, zu bewahren. F\u00fcr die Babyhaut ist es leicht sch\u00e4dlich, f\u00fcr Kinder und Erwachsene ist es jedoch auch sehr sch\u00e4dlich, die Frontplatte zu reinigen, Make-up zu entfernen oder unerw\u00fcnschte Hautsch\u00fcppchen zu entfernen.<\/p>\n<p>Verw\u00f6hnen Sie das Gesicht Ihres Babys mit der pflegenden Pflege des DXN Chubby Baby Oil, perfekt f\u00fcr die Haut Ihres Babys!<\/p>\n","protected":false},"excerpt":{"rendered":"<p>Verw\u00f6hnen Sie Ihren Kleinen mit DXN Chubby Baby Oil, gemischt mit Sonnenblumen\u00f6l und einer Mischung aus mehreren pflanzlichen Inhaltsstoffen, darunter Chrysanthemum indicum-Bl\u00fctenextrakt, Zoster-Extrakt, Sophora angustifolia-Extrakt und Angelica gigas-Extrakt. Dieses feuchtigkeitsspendende \u00d6l wurde speziell entwickelt, um die Feuchtigkeit der Haut, insbesondere auf der Haut, zu bewahren. F\u00fcr die Babyhaut ist es leicht sch\u00e4dlich, f\u00fcr Kinder und [&hellip;]<\/p>\n","protected":false},"featured_media":345,"comment_status":"open","ping_status":"closed","template":"","meta":{"_acf_changed":false},"product_brand":[],"product_cat":[401],"product_tag":[],"class_list":{"0":"post-5984","1":"product","2":"type-product","3":"status-publish","4":"has-post-thumbnail","6":"product_cat-koerperpflege","7":"pa_package-200-ml","9":"first","10":"instock","11":"purchasable","12":"product-type-simple"},"acf":[],"_links":{"self":[{"href":"https:\/\/www.dxnwellness.eu\/de\/wp-json\/wp\/v2\/product\/5984","targetHints":{"allow":["GET"]}}],"collection":[{"href":"https:\/\/www.dxnwellness.eu\/de\/wp-json\/wp\/v2\/product"}],"about":[{"href":"https:\/\/www.dxnwellness.eu\/de\/wp-json\/wp\/v2\/types\/product"}],"replies":[{"embeddable":true,"href":"https:\/\/www.dxnwellness.eu\/de\/wp-json\/wp\/v2\/comments?post=5984"}],"wp:featuredmedia":[{"embeddable":true,"href":"https:\/\/www.dxnwellness.eu\/de\/wp-json\/wp\/v2\/media\/345"}],"wp:attachment":[{"href":"https:\/\/www.dxnwellness.eu\/de\/wp-json\/wp\/v2\/media?parent=5984"}],"wp:term":[{"taxonomy":"product_brand","embeddable":true,"href":"https:\/\/www.dxnwellness.eu\/de\/wp-json\/wp\/v2\/product_brand?post=5984"},{"taxonomy":"product_cat","embeddable":true,"href":"https:\/\/www.dxnwellness.eu\/de\/wp-json\/wp\/v2\/product_cat?post=5984"},{"taxonomy":"product_tag","embeddable":true,"href":"https:\/\/www.dxnwellness.eu\/de\/wp-json\/wp\/v2\/product_tag?post=5984"}],"curies":[{"name":"wp","href":"https:\/\/api.w.org\/{rel}","templated":true}]}}