{"id":5982,"date":"2025-05-19T01:47:29","date_gmt":"2025-05-18T22:47:29","guid":{"rendered":"https:\/\/www.dxnwellness.eu\/de\/product\/dxn-gano-massage-oil\/"},"modified":"2025-05-23T02:02:20","modified_gmt":"2025-05-22T23:02:20","slug":"dxn-gano-massage-oil","status":"publish","type":"product","link":"https:\/\/www.dxnwellness.eu\/de\/product\/dxn-gano-massage-oil\/","title":{"rendered":"DXN Gano Massage Oil"},"content":{"rendered":"<p>Entdecken Sie die reichhaltigen Inhaltsstoffe des DXN Ganoderma Massage\u00f6ls, einer luxuri\u00f6sen Mischung aus hochwertigem Palm\u00f6l und Ganoderma lucidum-Palm\u00f6lextrakt. Dieses pflegende \u00d6l hinterl\u00e4sst ein Gef\u00fchl der Erfrischung, Befeuchtung und Pflege. Ideal f\u00fcr die allgemeine Haushaltsf\u00fchrung. Eine nat\u00fcrliche Art, Ihr Wissen anzuwenden und zu erweitern.<\/p>\n<p>Verw\u00f6hnen Sie Ihre Haut mit dem beruhigenden, feuchten und trockenen DXN Gano Massage\u00f6l!<\/p>\n","protected":false},"excerpt":{"rendered":"<p>Entdecken Sie die reichhaltigen Inhaltsstoffe des DXN Ganoderma Massage\u00f6ls, einer luxuri\u00f6sen Mischung aus hochwertigem Palm\u00f6l und Ganoderma lucidum-Palm\u00f6lextrakt. Dieses pflegende \u00d6l hinterl\u00e4sst ein Gef\u00fchl der Erfrischung, Befeuchtung und Pflege. Ideal f\u00fcr die allgemeine Haushaltsf\u00fchrung. Eine nat\u00fcrliche Art, Ihr Wissen anzuwenden und zu erweitern. Verw\u00f6hnen Sie Ihre Haut mit dem beruhigenden, feuchten und trockenen DXN Gano [&hellip;]<\/p>\n","protected":false},"featured_media":344,"comment_status":"open","ping_status":"closed","template":"","meta":{"_acf_changed":false},"product_brand":[],"product_cat":[401],"product_tag":[],"class_list":{"0":"post-5982","1":"product","2":"type-product","3":"status-publish","4":"has-post-thumbnail","6":"product_cat-koerperpflege","7":"pa_package-75-ml","9":"first","10":"instock","11":"purchasable","12":"product-type-simple"},"acf":[],"_links":{"self":[{"href":"https:\/\/www.dxnwellness.eu\/de\/wp-json\/wp\/v2\/product\/5982","targetHints":{"allow":["GET"]}}],"collection":[{"href":"https:\/\/www.dxnwellness.eu\/de\/wp-json\/wp\/v2\/product"}],"about":[{"href":"https:\/\/www.dxnwellness.eu\/de\/wp-json\/wp\/v2\/types\/product"}],"replies":[{"embeddable":true,"href":"https:\/\/www.dxnwellness.eu\/de\/wp-json\/wp\/v2\/comments?post=5982"}],"wp:featuredmedia":[{"embeddable":true,"href":"https:\/\/www.dxnwellness.eu\/de\/wp-json\/wp\/v2\/media\/344"}],"wp:attachment":[{"href":"https:\/\/www.dxnwellness.eu\/de\/wp-json\/wp\/v2\/media?parent=5982"}],"wp:term":[{"taxonomy":"product_brand","embeddable":true,"href":"https:\/\/www.dxnwellness.eu\/de\/wp-json\/wp\/v2\/product_brand?post=5982"},{"taxonomy":"product_cat","embeddable":true,"href":"https:\/\/www.dxnwellness.eu\/de\/wp-json\/wp\/v2\/product_cat?post=5982"},{"taxonomy":"product_tag","embeddable":true,"href":"https:\/\/www.dxnwellness.eu\/de\/wp-json\/wp\/v2\/product_tag?post=5982"}],"curies":[{"name":"wp","href":"https:\/\/api.w.org\/{rel}","templated":true}]}}