{"id":5980,"date":"2025-05-19T01:47:29","date_gmt":"2025-05-18T22:47:29","guid":{"rendered":"https:\/\/www.dxnwellness.eu\/de\/product\/dxn-ganozhi-soap\/"},"modified":"2025-05-23T02:02:20","modified_gmt":"2025-05-22T23:02:20","slug":"dxn-ganozhi-soap","status":"publish","type":"product","link":"https:\/\/www.dxnwellness.eu\/de\/product\/dxn-ganozhi-soap\/","title":{"rendered":"DXN Ganozhi Soap"},"content":{"rendered":"<p>Revitalisieren Sie Ihre Haut mit DXN Ganoderma lucidum-Extrakt, angereichert mit Ganoderma lucidum-Extrakt. Dieses milde Tuch reinigt die Haut und hilft, den nat\u00fcrlichen Feuchtigkeitsgehalt zu bewahren. Die pflegenden Eigenschaften von Ganoderma werden genutzt, um sicherzustellen, dass sich Ihre Haut bei der Anwendung wohl, gl\u00fccklich und zufrieden f\u00fchlt.<\/p>\n<p>Erleben Sie die erfrischende, s\u00fcchtig machende Art der Anwendung der DXN Ganozhi-Seife: Ihre perfekte Wahl f\u00fcr eine nat\u00fcrlich gepflegte Haut!<\/p>\n","protected":false},"excerpt":{"rendered":"<p>Revitalisieren Sie Ihre Haut mit DXN Ganoderma lucidum-Extrakt, angereichert mit Ganoderma lucidum-Extrakt. Dieses milde Tuch reinigt die Haut und hilft, den nat\u00fcrlichen Feuchtigkeitsgehalt zu bewahren. Die pflegenden Eigenschaften von Ganoderma werden genutzt, um sicherzustellen, dass sich Ihre Haut bei der Anwendung wohl, gl\u00fccklich und zufrieden f\u00fchlt. Erleben Sie die erfrischende, s\u00fcchtig machende Art der Anwendung [&hellip;]<\/p>\n","protected":false},"featured_media":343,"comment_status":"open","ping_status":"closed","template":"","meta":{"_acf_changed":false},"product_brand":[],"product_cat":[401],"product_tag":[],"class_list":{"0":"post-5980","1":"product","2":"type-product","3":"status-publish","4":"has-post-thumbnail","6":"product_cat-koerperpflege","7":"pa_package-80-g","9":"first","10":"instock","11":"purchasable","12":"product-type-simple"},"acf":[],"_links":{"self":[{"href":"https:\/\/www.dxnwellness.eu\/de\/wp-json\/wp\/v2\/product\/5980","targetHints":{"allow":["GET"]}}],"collection":[{"href":"https:\/\/www.dxnwellness.eu\/de\/wp-json\/wp\/v2\/product"}],"about":[{"href":"https:\/\/www.dxnwellness.eu\/de\/wp-json\/wp\/v2\/types\/product"}],"replies":[{"embeddable":true,"href":"https:\/\/www.dxnwellness.eu\/de\/wp-json\/wp\/v2\/comments?post=5980"}],"wp:featuredmedia":[{"embeddable":true,"href":"https:\/\/www.dxnwellness.eu\/de\/wp-json\/wp\/v2\/media\/343"}],"wp:attachment":[{"href":"https:\/\/www.dxnwellness.eu\/de\/wp-json\/wp\/v2\/media?parent=5980"}],"wp:term":[{"taxonomy":"product_brand","embeddable":true,"href":"https:\/\/www.dxnwellness.eu\/de\/wp-json\/wp\/v2\/product_brand?post=5980"},{"taxonomy":"product_cat","embeddable":true,"href":"https:\/\/www.dxnwellness.eu\/de\/wp-json\/wp\/v2\/product_cat?post=5980"},{"taxonomy":"product_tag","embeddable":true,"href":"https:\/\/www.dxnwellness.eu\/de\/wp-json\/wp\/v2\/product_tag?post=5980"}],"curies":[{"name":"wp","href":"https:\/\/api.w.org\/{rel}","templated":true}]}}