{"id":5978,"date":"2025-05-19T01:47:29","date_gmt":"2025-05-18T22:47:29","guid":{"rendered":"https:\/\/www.dxnwellness.eu\/de\/product\/dxn-zhicare-toothpaste\/"},"modified":"2025-05-23T02:02:20","modified_gmt":"2025-05-22T23:02:20","slug":"dxn-zhicare-toothpaste","status":"publish","type":"product","link":"https:\/\/www.dxnwellness.eu\/de\/product\/dxn-zhicare-toothpaste\/","title":{"rendered":"DXN Zhicare Toothpaste"},"content":{"rendered":"<p>Erleben Sie eine einzigartige Mischung aus DXN Zhicare-Zahnpasta, kombiniert mit einer Mischung aus Menthol, Stevia, Hortensie, Ganoderma-Extrakt, Gr\u00fcnkohl, Teebaum\u00f6l und Aloe Vera. Diese zweite Zahnpasta reinigt Ihre Z\u00e4hne und hilft, sie krausfrei zu machen. Oben bietet er einen freundlichen, nichtrauchenden Dichterservice mit einer einzigartigen Note. Es dient dem Wohl der Bev\u00f6lkerung und verleiht der t\u00e4glichen Weltverwaltung eine nat\u00fcrliche Note.<\/p>\n<p>Bitte nehmen Sie sich Zeit, die Zusammensetzung der nat\u00fcrlichen Inhaltsstoffe in der DXN Zhicare Zahnpasta zu \u00e4ndern!<\/p>\n","protected":false},"excerpt":{"rendered":"<p>Erleben Sie eine einzigartige Mischung aus DXN Zhicare-Zahnpasta, kombiniert mit einer Mischung aus Menthol, Stevia, Hortensie, Ganoderma-Extrakt, Gr\u00fcnkohl, Teebaum\u00f6l und Aloe Vera. Diese zweite Zahnpasta reinigt Ihre Z\u00e4hne und hilft, sie krausfrei zu machen. Oben bietet er einen freundlichen, nichtrauchenden Dichterservice mit einer einzigartigen Note. Es dient dem Wohl der Bev\u00f6lkerung und verleiht der t\u00e4glichen [&hellip;]<\/p>\n","protected":false},"featured_media":342,"comment_status":"open","ping_status":"closed","template":"","meta":{"_acf_changed":false},"product_brand":[],"product_cat":[401],"product_tag":[],"class_list":{"0":"post-5978","1":"product","2":"type-product","3":"status-publish","4":"has-post-thumbnail","6":"product_cat-koerperpflege","7":"pa_package-100-g","9":"first","10":"instock","11":"purchasable","12":"product-type-simple"},"acf":[],"_links":{"self":[{"href":"https:\/\/www.dxnwellness.eu\/de\/wp-json\/wp\/v2\/product\/5978","targetHints":{"allow":["GET"]}}],"collection":[{"href":"https:\/\/www.dxnwellness.eu\/de\/wp-json\/wp\/v2\/product"}],"about":[{"href":"https:\/\/www.dxnwellness.eu\/de\/wp-json\/wp\/v2\/types\/product"}],"replies":[{"embeddable":true,"href":"https:\/\/www.dxnwellness.eu\/de\/wp-json\/wp\/v2\/comments?post=5978"}],"wp:featuredmedia":[{"embeddable":true,"href":"https:\/\/www.dxnwellness.eu\/de\/wp-json\/wp\/v2\/media\/342"}],"wp:attachment":[{"href":"https:\/\/www.dxnwellness.eu\/de\/wp-json\/wp\/v2\/media?parent=5978"}],"wp:term":[{"taxonomy":"product_brand","embeddable":true,"href":"https:\/\/www.dxnwellness.eu\/de\/wp-json\/wp\/v2\/product_brand?post=5978"},{"taxonomy":"product_cat","embeddable":true,"href":"https:\/\/www.dxnwellness.eu\/de\/wp-json\/wp\/v2\/product_cat?post=5978"},{"taxonomy":"product_tag","embeddable":true,"href":"https:\/\/www.dxnwellness.eu\/de\/wp-json\/wp\/v2\/product_tag?post=5978"}],"curies":[{"name":"wp","href":"https:\/\/api.w.org\/{rel}","templated":true}]}}