{"id":5973,"date":"2025-05-19T01:47:29","date_gmt":"2025-05-18T22:47:29","guid":{"rendered":"https:\/\/www.dxnwellness.eu\/de\/product\/dxn-ganozhi-toothpaste\/"},"modified":"2025-05-23T02:02:22","modified_gmt":"2025-05-22T23:02:22","slug":"dxn-ganozhi-toothpaste","status":"publish","type":"product","link":"https:\/\/www.dxnwellness.eu\/de\/product\/dxn-ganozhi-toothpaste\/","title":{"rendered":"DXN Ganozhi Toothpaste"},"content":{"rendered":"<p>K\u00fchlen Sie Ihren Smoothie mit DXN Ganoderma-Paste, kombiniert mit Ganoderma lucidum-Extrakt f\u00fcr optimales Feuchtigkeitsmanagement. Diese milde Zahnpasta reinigt Ihre Z\u00e4hne und unterst\u00fctzt Ihre Zahngesundheit ein Leben lang. Die einzigartige Formel ist frei von Farbstoffen und Zucker und bietet eine nat\u00fcrliche L\u00f6sung zur Aufrechterhaltung Ihrer Hygiene.<\/p>\n<p>Hatten Sie jemals ein kaltes und flauschiges L\u00e4cheln mit dem milden Geruch der DXN Ganozhi-Zahnpasta?<\/p>\n","protected":false},"excerpt":{"rendered":"<p>K\u00fchlen Sie Ihren Smoothie mit DXN Ganoderma-Paste, kombiniert mit Ganoderma lucidum-Extrakt f\u00fcr optimales Feuchtigkeitsmanagement. Diese milde Zahnpasta reinigt Ihre Z\u00e4hne und unterst\u00fctzt Ihre Zahngesundheit ein Leben lang. Die einzigartige Formel ist frei von Farbstoffen und Zucker und bietet eine nat\u00fcrliche L\u00f6sung zur Aufrechterhaltung Ihrer Hygiene. Hatten Sie jemals ein kaltes und flauschiges L\u00e4cheln mit dem [&hellip;]<\/p>\n","protected":false},"featured_media":339,"comment_status":"open","ping_status":"closed","template":"","meta":{"_acf_changed":false},"product_brand":[],"product_cat":[401],"product_tag":[],"class_list":{"0":"post-5973","1":"product","2":"type-product","3":"status-publish","4":"has-post-thumbnail","6":"product_cat-koerperpflege","7":"pa_package-150-g","8":"pa_package-4x40-g","10":"first","11":"instock","12":"purchasable","13":"product-type-variable"},"acf":[],"_links":{"self":[{"href":"https:\/\/www.dxnwellness.eu\/de\/wp-json\/wp\/v2\/product\/5973","targetHints":{"allow":["GET"]}}],"collection":[{"href":"https:\/\/www.dxnwellness.eu\/de\/wp-json\/wp\/v2\/product"}],"about":[{"href":"https:\/\/www.dxnwellness.eu\/de\/wp-json\/wp\/v2\/types\/product"}],"replies":[{"embeddable":true,"href":"https:\/\/www.dxnwellness.eu\/de\/wp-json\/wp\/v2\/comments?post=5973"}],"wp:featuredmedia":[{"embeddable":true,"href":"https:\/\/www.dxnwellness.eu\/de\/wp-json\/wp\/v2\/media\/339"}],"wp:attachment":[{"href":"https:\/\/www.dxnwellness.eu\/de\/wp-json\/wp\/v2\/media?parent=5973"}],"wp:term":[{"taxonomy":"product_brand","embeddable":true,"href":"https:\/\/www.dxnwellness.eu\/de\/wp-json\/wp\/v2\/product_brand?post=5973"},{"taxonomy":"product_cat","embeddable":true,"href":"https:\/\/www.dxnwellness.eu\/de\/wp-json\/wp\/v2\/product_cat?post=5973"},{"taxonomy":"product_tag","embeddable":true,"href":"https:\/\/www.dxnwellness.eu\/de\/wp-json\/wp\/v2\/product_tag?post=5973"}],"curies":[{"name":"wp","href":"https:\/\/api.w.org\/{rel}","templated":true}]}}