{"id":5971,"date":"2025-05-19T01:47:29","date_gmt":"2025-05-18T22:47:29","guid":{"rendered":"https:\/\/www.dxnwellness.eu\/de\/product\/dxn-ganozhi-body-foam\/"},"modified":"2025-05-23T02:02:20","modified_gmt":"2025-05-22T23:02:20","slug":"dxn-ganozhi-body-foam","status":"publish","type":"product","link":"https:\/\/www.dxnwellness.eu\/de\/product\/dxn-ganozhi-body-foam\/","title":{"rendered":"DXN Ganozhi Body Foam"},"content":{"rendered":"<p>Verw\u00f6hnen Sie Ihre Haut mit dem DXN Ganoderma Body Foam, der mit Ganoderma lucidum Peelingpulver und Vitamin E formuliert ist. Dieser milde K\u00f6rperschaum reinigt effektiv und sch\u00fctzt den nat\u00fcrlichen Feuchtigkeitshaushalt der Haut. Vielen Dank f\u00fcr die einzigartige Nieselfarbe und das nat\u00fcrliche Licht, die f\u00fcr Erfrischung sorgen. Ideal f\u00fcr den Einsatz am Abend, insbesondere im Sommer.<\/p>\n<p>Verw\u00f6hnen Sie Ihre Haut mit dem milden, erfrischenden Reinigungsschaum von DXN Ganozhi Body Foam und lassen Sie ihn einen Tag lang einwirken, um Ihre Haut zu pflegen und zu n\u00e4hren!<\/p>\n","protected":false},"excerpt":{"rendered":"<p>Verw\u00f6hnen Sie Ihre Haut mit dem DXN Ganoderma Body Foam, der mit Ganoderma lucidum Peelingpulver und Vitamin E formuliert ist. Dieser milde K\u00f6rperschaum reinigt effektiv und sch\u00fctzt den nat\u00fcrlichen Feuchtigkeitshaushalt der Haut. Vielen Dank f\u00fcr die einzigartige Nieselfarbe und das nat\u00fcrliche Licht, die f\u00fcr Erfrischung sorgen. Ideal f\u00fcr den Einsatz am Abend, insbesondere im Sommer. [&hellip;]<\/p>\n","protected":false},"featured_media":338,"comment_status":"open","ping_status":"closed","template":"","meta":{"_acf_changed":false},"product_brand":[],"product_cat":[401],"product_tag":[],"class_list":{"0":"post-5971","1":"product","2":"type-product","3":"status-publish","4":"has-post-thumbnail","6":"product_cat-koerperpflege","7":"pa_package-250-ml","9":"first","10":"instock","11":"purchasable","12":"product-type-simple"},"acf":[],"_links":{"self":[{"href":"https:\/\/www.dxnwellness.eu\/de\/wp-json\/wp\/v2\/product\/5971","targetHints":{"allow":["GET"]}}],"collection":[{"href":"https:\/\/www.dxnwellness.eu\/de\/wp-json\/wp\/v2\/product"}],"about":[{"href":"https:\/\/www.dxnwellness.eu\/de\/wp-json\/wp\/v2\/types\/product"}],"replies":[{"embeddable":true,"href":"https:\/\/www.dxnwellness.eu\/de\/wp-json\/wp\/v2\/comments?post=5971"}],"wp:featuredmedia":[{"embeddable":true,"href":"https:\/\/www.dxnwellness.eu\/de\/wp-json\/wp\/v2\/media\/338"}],"wp:attachment":[{"href":"https:\/\/www.dxnwellness.eu\/de\/wp-json\/wp\/v2\/media?parent=5971"}],"wp:term":[{"taxonomy":"product_brand","embeddable":true,"href":"https:\/\/www.dxnwellness.eu\/de\/wp-json\/wp\/v2\/product_brand?post=5971"},{"taxonomy":"product_cat","embeddable":true,"href":"https:\/\/www.dxnwellness.eu\/de\/wp-json\/wp\/v2\/product_cat?post=5971"},{"taxonomy":"product_tag","embeddable":true,"href":"https:\/\/www.dxnwellness.eu\/de\/wp-json\/wp\/v2\/product_tag?post=5971"}],"curies":[{"name":"wp","href":"https:\/\/api.w.org\/{rel}","templated":true}]}}