{"id":5969,"date":"2025-05-19T01:47:29","date_gmt":"2025-05-18T22:47:29","guid":{"rendered":"https:\/\/www.dxnwellness.eu\/de\/product\/dxn-ganozhi-shampoo\/"},"modified":"2025-05-23T02:02:20","modified_gmt":"2025-05-22T23:02:20","slug":"dxn-ganozhi-shampoo","status":"publish","type":"product","link":"https:\/\/www.dxnwellness.eu\/de\/product\/dxn-ganozhi-shampoo\/","title":{"rendered":"DXN Ganozhi Shampoo"},"content":{"rendered":"<p>Revitalisieren Sie Ihr Haar mit DXN Ganozhi Shampoo, angereichert mit Ganoderma lucidum-paddenstoe-Extrakt und Vitamin B5. Dieses milde, aber wirksame Shampoo reinigt das Haar und pflegt es durch die Haarsp\u00fclung. Die Haare fliegen abends, gl\u00e4nzen und gl\u00e4nzen. Geschichte aller Haartypen. F\u00f6rdert das Haarwachstum und h\u00e4lt es in gutem Zustand.<\/p>\n<p>Verw\u00f6hnen Sie Ihr Haar mit der pflegenden Sp\u00fclung von DXN Ganozhi Shampoo und freuen Sie sich \u00fcber ein erfrischendes, fr\u00f6hliches und gesundes Aussehen!<\/p>\n","protected":false},"excerpt":{"rendered":"<p>Revitalisieren Sie Ihr Haar mit DXN Ganozhi Shampoo, angereichert mit Ganoderma lucidum-paddenstoe-Extrakt und Vitamin B5. Dieses milde, aber wirksame Shampoo reinigt das Haar und pflegt es durch die Haarsp\u00fclung. Die Haare fliegen abends, gl\u00e4nzen und gl\u00e4nzen. Geschichte aller Haartypen. F\u00f6rdert das Haarwachstum und h\u00e4lt es in gutem Zustand. Verw\u00f6hnen Sie Ihr Haar mit der pflegenden [&hellip;]<\/p>\n","protected":false},"featured_media":337,"comment_status":"open","ping_status":"closed","template":"","meta":{"_acf_changed":false},"product_brand":[],"product_cat":[401],"product_tag":[],"class_list":{"0":"post-5969","1":"product","2":"type-product","3":"status-publish","4":"has-post-thumbnail","6":"product_cat-koerperpflege","7":"pa_package-250-ml","9":"first","10":"instock","11":"purchasable","12":"product-type-simple"},"acf":[],"_links":{"self":[{"href":"https:\/\/www.dxnwellness.eu\/de\/wp-json\/wp\/v2\/product\/5969","targetHints":{"allow":["GET"]}}],"collection":[{"href":"https:\/\/www.dxnwellness.eu\/de\/wp-json\/wp\/v2\/product"}],"about":[{"href":"https:\/\/www.dxnwellness.eu\/de\/wp-json\/wp\/v2\/types\/product"}],"replies":[{"embeddable":true,"href":"https:\/\/www.dxnwellness.eu\/de\/wp-json\/wp\/v2\/comments?post=5969"}],"wp:featuredmedia":[{"embeddable":true,"href":"https:\/\/www.dxnwellness.eu\/de\/wp-json\/wp\/v2\/media\/337"}],"wp:attachment":[{"href":"https:\/\/www.dxnwellness.eu\/de\/wp-json\/wp\/v2\/media?parent=5969"}],"wp:term":[{"taxonomy":"product_brand","embeddable":true,"href":"https:\/\/www.dxnwellness.eu\/de\/wp-json\/wp\/v2\/product_brand?post=5969"},{"taxonomy":"product_cat","embeddable":true,"href":"https:\/\/www.dxnwellness.eu\/de\/wp-json\/wp\/v2\/product_cat?post=5969"},{"taxonomy":"product_tag","embeddable":true,"href":"https:\/\/www.dxnwellness.eu\/de\/wp-json\/wp\/v2\/product_tag?post=5969"}],"curies":[{"name":"wp","href":"https:\/\/api.w.org\/{rel}","templated":true}]}}