{"id":5967,"date":"2025-05-19T01:47:29","date_gmt":"2025-05-18T22:47:29","guid":{"rendered":"https:\/\/www.dxnwellness.eu\/de\/product\/dxn-omega-3\/"},"modified":"2025-05-23T02:02:20","modified_gmt":"2025-05-22T23:02:20","slug":"dxn-omega-3","status":"publish","type":"product","link":"https:\/\/www.dxnwellness.eu\/de\/product\/dxn-omega-3\/","title":{"rendered":"DXN Omega 3"},"content":{"rendered":"<p>Ihr Wohlbefinden wird durch DXN Omega 3 gesteigert, das die essentielle Eicosapentaens\u00e4ure (EPA) und Docosahexaens\u00e4ure (DHA) enth\u00e4lt, zwei essentielle Fetts\u00e4uren, die f\u00fcr die allgemeine Gesundheit eine Rolle spielen. Diese Omega-3-Fetts\u00e4uren unterst\u00fctzen die normale Leberfunktion, einschlie\u00dflich der Gesundheit von Herz und Leber, und die Vorteile dieser Triglyceride.<\/p>\n<p>Profitieren Sie vom Abbau von Omega-3 und unterst\u00fctzen Sie Ihre Gesundheit mit DXN Omega 3: Ihrem nat\u00fcrlichen Vitalit\u00e4tsschub!<\/p>\n","protected":false},"excerpt":{"rendered":"<p>Ihr Wohlbefinden wird durch DXN Omega 3 gesteigert, das die essentielle Eicosapentaens\u00e4ure (EPA) und Docosahexaens\u00e4ure (DHA) enth\u00e4lt, zwei essentielle Fetts\u00e4uren, die f\u00fcr die allgemeine Gesundheit eine Rolle spielen. Diese Omega-3-Fetts\u00e4uren unterst\u00fctzen die normale Leberfunktion, einschlie\u00dflich der Gesundheit von Herz und Leber, und die Vorteile dieser Triglyceride. Profitieren Sie vom Abbau von Omega-3 und unterst\u00fctzen Sie [&hellip;]<\/p>\n","protected":false},"featured_media":6459,"comment_status":"open","ping_status":"closed","template":"","meta":{"_acf_changed":false},"product_brand":[],"product_cat":[54],"product_tag":[],"class_list":{"0":"post-5967","1":"product","2":"type-product","3":"status-publish","4":"has-post-thumbnail","6":"product_cat-nahrungsergaenzungsmittel-kategorie","7":"pa_package-90-capsules","9":"first","10":"instock","11":"purchasable","12":"product-type-simple"},"acf":[],"_links":{"self":[{"href":"https:\/\/www.dxnwellness.eu\/de\/wp-json\/wp\/v2\/product\/5967","targetHints":{"allow":["GET"]}}],"collection":[{"href":"https:\/\/www.dxnwellness.eu\/de\/wp-json\/wp\/v2\/product"}],"about":[{"href":"https:\/\/www.dxnwellness.eu\/de\/wp-json\/wp\/v2\/types\/product"}],"replies":[{"embeddable":true,"href":"https:\/\/www.dxnwellness.eu\/de\/wp-json\/wp\/v2\/comments?post=5967"}],"wp:featuredmedia":[{"embeddable":true,"href":"https:\/\/www.dxnwellness.eu\/de\/wp-json\/wp\/v2\/media\/6459"}],"wp:attachment":[{"href":"https:\/\/www.dxnwellness.eu\/de\/wp-json\/wp\/v2\/media?parent=5967"}],"wp:term":[{"taxonomy":"product_brand","embeddable":true,"href":"https:\/\/www.dxnwellness.eu\/de\/wp-json\/wp\/v2\/product_brand?post=5967"},{"taxonomy":"product_cat","embeddable":true,"href":"https:\/\/www.dxnwellness.eu\/de\/wp-json\/wp\/v2\/product_cat?post=5967"},{"taxonomy":"product_tag","embeddable":true,"href":"https:\/\/www.dxnwellness.eu\/de\/wp-json\/wp\/v2\/product_tag?post=5967"}],"curies":[{"name":"wp","href":"https:\/\/api.w.org\/{rel}","templated":true}]}}