{"id":5965,"date":"2025-05-19T01:47:29","date_gmt":"2025-05-18T22:47:29","guid":{"rendered":"https:\/\/www.dxnwellness.eu\/de\/product\/dxn-myco-veggie-eu\/"},"modified":"2025-05-23T02:02:20","modified_gmt":"2025-05-22T23:02:20","slug":"dxn-myco-veggie-eu","status":"publish","type":"product","link":"https:\/\/www.dxnwellness.eu\/de\/product\/dxn-myco-veggie-eu\/","title":{"rendered":"DXN Myco Veggie EU"},"content":{"rendered":"<p>F\u00fcgen Sie die Zutaten von DXN Myco Veggie EU hinzu, einer einzigartigen Mischung aus Gem\u00fcse, Platten, gr\u00fcnem Tee, Mozzarella, Ginkgo Biloba, Obst, Kr\u00e4utern und Gew\u00fcrzen. Dieses Erg\u00e4nzungsmittel ist eine sehr empfehlenswerte Nahrungsquelle und kann als Ersatz f\u00fcr kleinere Mahlzeiten verwendet werden, auch wenn ein Lebensmittel \u00fcbrig bleibt. Es ist eine gute M\u00f6glichkeit, Ihr allgemeines Wohlbefinden zu unterst\u00fctzen und wichtige Vitamine und Mineralien zu erhalten. F\u00fcr beste Ergebnisse sollten Sie bei der Verwendung von Myco Veggie EU mehr Wasser trinken.<\/p>\n<p>Entdecken Sie die Kraft nat\u00fcrlicher Zutaten mit DXN Myco Veggie EU, Ihrem perfekten Partner f\u00fcr eine gesunde und ausgewogene Ern\u00e4hrung!<\/p>\n","protected":false},"excerpt":{"rendered":"<p>F\u00fcgen Sie die Zutaten von DXN Myco Veggie EU hinzu, einer einzigartigen Mischung aus Gem\u00fcse, Platten, gr\u00fcnem Tee, Mozzarella, Ginkgo Biloba, Obst, Kr\u00e4utern und Gew\u00fcrzen. Dieses Erg\u00e4nzungsmittel ist eine sehr empfehlenswerte Nahrungsquelle und kann als Ersatz f\u00fcr kleinere Mahlzeiten verwendet werden, auch wenn ein Lebensmittel \u00fcbrig bleibt. Es ist eine gute M\u00f6glichkeit, Ihr allgemeines Wohlbefinden [&hellip;]<\/p>\n","protected":false},"featured_media":335,"comment_status":"open","ping_status":"closed","template":"","meta":{"_acf_changed":false},"product_brand":[],"product_cat":[54],"product_tag":[],"class_list":{"0":"post-5965","1":"product","2":"type-product","3":"status-publish","4":"has-post-thumbnail","6":"product_cat-nahrungsergaenzungsmittel-kategorie","7":"pa_package-400-g","9":"first","10":"instock","11":"purchasable","12":"product-type-simple"},"acf":[],"_links":{"self":[{"href":"https:\/\/www.dxnwellness.eu\/de\/wp-json\/wp\/v2\/product\/5965","targetHints":{"allow":["GET"]}}],"collection":[{"href":"https:\/\/www.dxnwellness.eu\/de\/wp-json\/wp\/v2\/product"}],"about":[{"href":"https:\/\/www.dxnwellness.eu\/de\/wp-json\/wp\/v2\/types\/product"}],"replies":[{"embeddable":true,"href":"https:\/\/www.dxnwellness.eu\/de\/wp-json\/wp\/v2\/comments?post=5965"}],"wp:featuredmedia":[{"embeddable":true,"href":"https:\/\/www.dxnwellness.eu\/de\/wp-json\/wp\/v2\/media\/335"}],"wp:attachment":[{"href":"https:\/\/www.dxnwellness.eu\/de\/wp-json\/wp\/v2\/media?parent=5965"}],"wp:term":[{"taxonomy":"product_brand","embeddable":true,"href":"https:\/\/www.dxnwellness.eu\/de\/wp-json\/wp\/v2\/product_brand?post=5965"},{"taxonomy":"product_cat","embeddable":true,"href":"https:\/\/www.dxnwellness.eu\/de\/wp-json\/wp\/v2\/product_cat?post=5965"},{"taxonomy":"product_tag","embeddable":true,"href":"https:\/\/www.dxnwellness.eu\/de\/wp-json\/wp\/v2\/product_tag?post=5965"}],"curies":[{"name":"wp","href":"https:\/\/api.w.org\/{rel}","templated":true}]}}